{"id":727111,"date":"2025-08-27T20:17:15","date_gmt":"2025-08-27T17:17:15","guid":{"rendered":"https:\/\/roveyayinevi.com.tr\/index.php\/urun\/karabibik-6\/"},"modified":"2026-04-16T02:34:53","modified_gmt":"2026-04-15T23:34:53","slug":"karabibik-6","status":"publish","type":"product","link":"https:\/\/roveyayinevi.com.tr\/index.php\/urun\/karabibik-6\/","title":{"rendered":"Karabibik"},"content":{"rendered":"<p>Baz\u0131 ele\u015ftirmenlerce uzun hikaye olarak kabul edilen Karabibk, T\u00fcrk edebiyat\u0131ndaki ilk k\u00f6y roman\u0131 olarak kabul edilmektedir. Eserde k\u00f6ye ait unsurlara ve y\u00f6resel a\u011f\u0131z \u00f6zelliklerine b\u00fcy\u00fck yer verilmi\u015ftir. Kitap 1896 y\u0131l\u0131nda eski yaz\u0131yla bas\u0131lm\u0131\u015f, harf ink\u0131lab\u0131ndan sonra yeni harflerle de bas\u0131lm\u0131\u015ft\u0131r.  Roman, Antalya&#8217;n\u0131n Ka\u015f il\u00e7esine ba\u011fl\u0131 Beymelik k\u00f6y\u00fcnde ge\u00e7mektedir. K\u00fc\u00e7\u00fck bir tarlas\u0131ndan ba\u015fka mal varl\u0131\u011f\u0131 olmayan ve ge\u00e7imini bu \u015fekilde sa\u011flayan Karabibik, tarlas\u0131n\u0131 s\u00fcrebilmek i\u00e7in Koca \u0130mam&#8217;\u0131n \u00f6k\u00fczlerini kiralamaktad\u0131r. \u00d6k\u00fcz kiras\u0131ndan kurtulmak i\u00e7in Huri&#8217;yi evlendirmekten ba\u015fka bir iste\u011fi yoktur&#8230;<\/p>\n","protected":false},"excerpt":{"rendered":"<p>Baz\u0131 ele\u015ftirmenlerce uzun hikaye olarak kabul edilen Karabibk, T\u00fcrk edebiyat\u0131ndaki ilk k\u00f6y roman\u0131 olarak kabul edilmektedir. Eserde k\u00f6ye ait unsurlara ve y\u00f6resel a\u011f\u0131z \u00f6zelliklerine b\u00fcy\u00fck yer<span class=\"excerpt-hellip\"> [\u2026]<\/span><\/p>\n","protected":false},"featured_media":0,"template":"","meta":{"_monsterinsights_skip_tracking":false,"_monsterinsights_sitenote_active":false,"_monsterinsights_sitenote_note":"","_monsterinsights_sitenote_category":0},"product_brand":[],"product_cat":[12291,12711],"product_tag":[],"class_list":{"0":"post-727111","1":"product","2":"type-product","3":"status-publish","5":"product_cat-edebiyat","6":"product_cat-roman-oyku","7":"pa_cilt-ciltsiz","8":"pa_tur-kitap","9":"pa_yayinevi-fark-yayinlari","10":"pa_yazar-nabizade-nazim","12":"first","13":"instock","14":"sale","15":"shipping-taxable","16":"purchasable","17":"product-type-simple"},"_links":{"self":[{"href":"https:\/\/roveyayinevi.com.tr\/index.php\/wp-json\/wp\/v2\/product\/727111","targetHints":{"allow":["GET"]}}],"collection":[{"href":"https:\/\/roveyayinevi.com.tr\/index.php\/wp-json\/wp\/v2\/product"}],"about":[{"href":"https:\/\/roveyayinevi.com.tr\/index.php\/wp-json\/wp\/v2\/types\/product"}],"wp:attachment":[{"href":"https:\/\/roveyayinevi.com.tr\/index.php\/wp-json\/wp\/v2\/media?parent=727111"}],"wp:term":[{"taxonomy":"product_brand","embeddable":true,"href":"https:\/\/roveyayinevi.com.tr\/index.php\/wp-json\/wp\/v2\/product_brand?post=727111"},{"taxonomy":"product_cat","embeddable":true,"href":"https:\/\/roveyayinevi.com.tr\/index.php\/wp-json\/wp\/v2\/product_cat?post=727111"},{"taxonomy":"product_tag","embeddable":true,"href":"https:\/\/roveyayinevi.com.tr\/index.php\/wp-json\/wp\/v2\/product_tag?post=727111"}],"curies":[{"name":"wp","href":"https:\/\/api.w.org\/{rel}","templated":true}]}}