{"id":727105,"date":"2025-08-27T20:17:09","date_gmt":"2025-08-27T17:17:09","guid":{"rendered":"https:\/\/roveyayinevi.com.tr\/index.php\/urun\/gul-safagi\/"},"modified":"2026-04-16T02:34:52","modified_gmt":"2026-04-15T23:34:52","slug":"gul-safagi","status":"publish","type":"product","link":"https:\/\/roveyayinevi.com.tr\/index.php\/urun\/gul-safagi\/","title":{"rendered":"G\u00fcl \u015fafa\u011f\u0131"},"content":{"rendered":"<p>Ufka g\u00fcl \u015fafa\u011f\u0131 d\u00fc\u015f\u00fcyor bug\u00fcn, B\u00fclb\u00fcl\u00fc lalezar, g\u00fclzar bekliyor. Hilal sevdas\u0131yla solan sancaklar, Vuslat ate\u015fine r\u00fczg\u00e2r bekliyor.   O g\u00fcl \u015fafa\u011f\u0131nda bir poyraz esti, Hac\u0131 Bekta\u015f derg\u00e2h\u0131nda yol oldum. Hamd\u0131m, pistim, yand\u0131m, Taptuk Emre kap\u0131s\u0131nda kul oldum.   R\u00fczg\u00e2r\u0131 bi\u00e7erken at\u0131m\u0131n yeleleri, T\u00fcmen t\u00fcmen saf\u0131mda Pe\u00e7enek, Uz erleri, Dudaklar\u0131mda yan\u0131k Hun t\u00fcrk\u00fcleri. Bir g\u00fcl \u015fafa\u011f\u0131nda Bizans kaps\u0131nday\u0131m.   Bir ses yank\u0131land\u0131 surun burcunda: Biraz daha, biraz daha ucuna, Sancak s\u0131\u011fmaz oldu bir avucuma. Ben Ulubatl\u0131 Hasan\u2019\u0131m.   Bir soylu sevdan\u0131n t\u00fcrk\u00fcs\u00fcn yazd\u0131m. H\u00fcnk\u00e2r g\u00f6z\u00fc ile nazar eyledim. \u00d6pmeye k\u0131ymazd\u0131m civanlar\u0131m\u0131, K\u0131z\u0131lelmalara mezar eyledim. <\/p>\n","protected":false},"excerpt":{"rendered":"<p>Ufka g\u00fcl \u015fafa\u011f\u0131 d\u00fc\u015f\u00fcyor bug\u00fcn, B\u00fclb\u00fcl\u00fc lalezar, g\u00fclzar bekliyor. Hilal sevdas\u0131yla solan sancaklar, Vuslat ate\u015fine r\u00fczg\u00e2r bekliyor. O g\u00fcl \u015fafa\u011f\u0131nda bir poyraz esti, Hac\u0131 Bekta\u015f derg\u00e2h\u0131nda<span class=\"excerpt-hellip\"> [\u2026]<\/span><\/p>\n","protected":false},"featured_media":0,"template":"","meta":{"_monsterinsights_skip_tracking":false,"_monsterinsights_sitenote_active":false,"_monsterinsights_sitenote_note":"","_monsterinsights_sitenote_category":0},"product_brand":[],"product_cat":[12291,12509],"product_tag":[],"class_list":{"0":"post-727105","1":"product","2":"type-product","3":"status-publish","5":"product_cat-edebiyat","6":"product_cat-siir","7":"pa_cilt-ciltsiz","8":"pa_tur-kitap","9":"pa_yayinevi-gulnar-yayinlari","10":"pa_yazar-mehmet-ekici","12":"first","13":"instock","14":"sale","15":"shipping-taxable","16":"purchasable","17":"product-type-simple"},"_links":{"self":[{"href":"https:\/\/roveyayinevi.com.tr\/index.php\/wp-json\/wp\/v2\/product\/727105","targetHints":{"allow":["GET"]}}],"collection":[{"href":"https:\/\/roveyayinevi.com.tr\/index.php\/wp-json\/wp\/v2\/product"}],"about":[{"href":"https:\/\/roveyayinevi.com.tr\/index.php\/wp-json\/wp\/v2\/types\/product"}],"wp:attachment":[{"href":"https:\/\/roveyayinevi.com.tr\/index.php\/wp-json\/wp\/v2\/media?parent=727105"}],"wp:term":[{"taxonomy":"product_brand","embeddable":true,"href":"https:\/\/roveyayinevi.com.tr\/index.php\/wp-json\/wp\/v2\/product_brand?post=727105"},{"taxonomy":"product_cat","embeddable":true,"href":"https:\/\/roveyayinevi.com.tr\/index.php\/wp-json\/wp\/v2\/product_cat?post=727105"},{"taxonomy":"product_tag","embeddable":true,"href":"https:\/\/roveyayinevi.com.tr\/index.php\/wp-json\/wp\/v2\/product_tag?post=727105"}],"curies":[{"name":"wp","href":"https:\/\/api.w.org\/{rel}","templated":true}]}}