{"id":727104,"date":"2025-08-27T20:17:08","date_gmt":"2025-08-27T17:17:08","guid":{"rendered":"https:\/\/roveyayinevi.com.tr\/index.php\/urun\/merhum-nasil-bilirdi\/"},"modified":"2026-04-16T02:34:52","modified_gmt":"2026-04-15T23:34:52","slug":"merhum-nasil-bilirdi","status":"publish","type":"product","link":"https:\/\/roveyayinevi.com.tr\/index.php\/urun\/merhum-nasil-bilirdi\/","title":{"rendered":"Merhum Nas\u0131l Bilirdi?"},"content":{"rendered":"<p>Do\u011fan Ekinci \u00f6ld\u00fc. Herkes gibi sakince g\u00f6m\u00fcl\u00fcp bu d\u00fcnyadan ayr\u0131lmay\u0131 beklerdi ama hi\u00e7 de \u00f6yle olmad\u0131. \u015eimdi bir cenaze t\u00f6reninde g\u00f6rd\u00fc\u011f\u00fc y\u00fczlerin kendisini son yolculu\u011funa u\u011furlamak i\u00e7in orada oldu\u011funu biliyor ve ge\u00e7mi\u015fin an\u0131lar\u0131 bir bir zihnine doluyor. Y\u0131llarca garsonluk yapt\u0131\u011f\u0131 kafenin m\u00fcdavimleri, baz\u0131lar\u0131 \u201cdostu\u201d da olan mahalle sakinleri onun son anlar\u0131na yaralar\u0131, ne\u015feleri, hayal k\u0131r\u0131kl\u0131klar\u0131 ve umutlar\u0131yla konuk olurken anlatt\u0131klar\u0131 okuru da hayata ve \u00f6l\u00fcme dair derin bir muhasebeye davet ediyor.<\/p>\n","protected":false},"excerpt":{"rendered":"<p>Do\u011fan Ekinci \u00f6ld\u00fc. Herkes gibi sakince g\u00f6m\u00fcl\u00fcp bu d\u00fcnyadan ayr\u0131lmay\u0131 beklerdi ama hi\u00e7 de \u00f6yle olmad\u0131. \u015eimdi bir cenaze t\u00f6reninde g\u00f6rd\u00fc\u011f\u00fc y\u00fczlerin kendisini son yolculu\u011funa u\u011furlamak<span class=\"excerpt-hellip\"> [\u2026]<\/span><\/p>\n","protected":false},"featured_media":0,"template":"","meta":{"_monsterinsights_skip_tracking":false,"_monsterinsights_sitenote_active":false,"_monsterinsights_sitenote_note":"","_monsterinsights_sitenote_category":0},"product_brand":[],"product_cat":[12291,12711],"product_tag":[],"class_list":{"0":"post-727104","1":"product","2":"type-product","3":"status-publish","5":"product_cat-edebiyat","6":"product_cat-roman-oyku","7":"pa_cilt-ciltsiz","8":"pa_tur-kitap","9":"pa_yayinevi-kara-karga-yayinlari","10":"pa_yazar-mehmet-bilal","12":"first","13":"instock","14":"sale","15":"shipping-taxable","16":"purchasable","17":"product-type-simple"},"_links":{"self":[{"href":"https:\/\/roveyayinevi.com.tr\/index.php\/wp-json\/wp\/v2\/product\/727104","targetHints":{"allow":["GET"]}}],"collection":[{"href":"https:\/\/roveyayinevi.com.tr\/index.php\/wp-json\/wp\/v2\/product"}],"about":[{"href":"https:\/\/roveyayinevi.com.tr\/index.php\/wp-json\/wp\/v2\/types\/product"}],"wp:attachment":[{"href":"https:\/\/roveyayinevi.com.tr\/index.php\/wp-json\/wp\/v2\/media?parent=727104"}],"wp:term":[{"taxonomy":"product_brand","embeddable":true,"href":"https:\/\/roveyayinevi.com.tr\/index.php\/wp-json\/wp\/v2\/product_brand?post=727104"},{"taxonomy":"product_cat","embeddable":true,"href":"https:\/\/roveyayinevi.com.tr\/index.php\/wp-json\/wp\/v2\/product_cat?post=727104"},{"taxonomy":"product_tag","embeddable":true,"href":"https:\/\/roveyayinevi.com.tr\/index.php\/wp-json\/wp\/v2\/product_tag?post=727104"}],"curies":[{"name":"wp","href":"https:\/\/api.w.org\/{rel}","templated":true}]}}