{"id":727103,"date":"2025-08-27T20:17:07","date_gmt":"2025-08-27T17:17:07","guid":{"rendered":"https:\/\/roveyayinevi.com.tr\/index.php\/urun\/50-maddede-salginlar\/"},"modified":"2026-04-16T02:34:52","modified_gmt":"2026-04-15T23:34:52","slug":"50-maddede-salginlar","status":"publish","type":"product","link":"https:\/\/roveyayinevi.com.tr\/index.php\/urun\/50-maddede-salginlar\/","title":{"rendered":"50 Maddede Salg\u0131nlar"},"content":{"rendered":"<p>Hastal\u0131k nedir? Nereden \u00e7\u0131kt\u0131 bu salg\u0131nlar? Osmanl\u0131\u2019da salg\u0131nlarla nas\u0131l m\u00fccadele edildi? Pagan mitolojilerinde ve kutsal kitaplarda salg\u0131n ne anlama geliyor? Mumyalar bize ne anlat\u0131yor? \u0130statistikler ne s\u00f6yl\u00fcyor? Co*vid 19 nas\u0131l yay\u0131ld\u0131? Nas\u0131l bir \u00e7a\u011fa d\u00fc\u015ft\u00fck b\u00f6yle? 50 Maddede Salg\u0131nlar, tarih boyunca g\u00f6r\u00fclen bula\u015f\u0131c\u0131 hastal\u0131klardan biyolojik silahlara, komplo teorilerinden korku salg\u0131nlar\u0131na, merak edilen pek \u00e7ok konu \u00fczerine ak\u0131lc\u0131 bir perspektif sunuyor.  Erdin\u00e7 Y\u00fccel, salg\u0131nlar\u0131n insanl\u0131k tarihindeki d\u00f6n\u00fc\u015ft\u00fcr\u00fcc\u00fc etkisini kronolojik s\u0131ralamayla aktar\u0131rken bilgiye yakla\u015fma gelene\u011fimizi de sorguluyor.<\/p>\n","protected":false},"excerpt":{"rendered":"<p>Hastal\u0131k nedir? Nereden \u00e7\u0131kt\u0131 bu salg\u0131nlar? Osmanl\u0131\u2019da salg\u0131nlarla nas\u0131l m\u00fccadele edildi? Pagan mitolojilerinde ve kutsal kitaplarda salg\u0131n ne anlama geliyor? Mumyalar bize ne anlat\u0131yor? \u0130statistikler ne<span class=\"excerpt-hellip\"> [\u2026]<\/span><\/p>\n","protected":false},"featured_media":0,"template":"","meta":{"_monsterinsights_skip_tracking":false,"_monsterinsights_sitenote_active":false,"_monsterinsights_sitenote_note":"","_monsterinsights_sitenote_category":0},"product_brand":[],"product_cat":[13366,13365],"product_tag":[],"class_list":{"0":"post-727103","1":"product","2":"type-product","3":"status-publish","5":"product_cat-diger-saglik","6":"product_cat-saglik","7":"pa_cilt-ciltsiz","8":"pa_tur-kitap","9":"pa_yayinevi-kara-karga-yayinlari","10":"pa_yazar-erdinc-yucel","12":"first","13":"instock","14":"sale","15":"shipping-taxable","16":"purchasable","17":"product-type-simple"},"_links":{"self":[{"href":"https:\/\/roveyayinevi.com.tr\/index.php\/wp-json\/wp\/v2\/product\/727103","targetHints":{"allow":["GET"]}}],"collection":[{"href":"https:\/\/roveyayinevi.com.tr\/index.php\/wp-json\/wp\/v2\/product"}],"about":[{"href":"https:\/\/roveyayinevi.com.tr\/index.php\/wp-json\/wp\/v2\/types\/product"}],"wp:attachment":[{"href":"https:\/\/roveyayinevi.com.tr\/index.php\/wp-json\/wp\/v2\/media?parent=727103"}],"wp:term":[{"taxonomy":"product_brand","embeddable":true,"href":"https:\/\/roveyayinevi.com.tr\/index.php\/wp-json\/wp\/v2\/product_brand?post=727103"},{"taxonomy":"product_cat","embeddable":true,"href":"https:\/\/roveyayinevi.com.tr\/index.php\/wp-json\/wp\/v2\/product_cat?post=727103"},{"taxonomy":"product_tag","embeddable":true,"href":"https:\/\/roveyayinevi.com.tr\/index.php\/wp-json\/wp\/v2\/product_tag?post=727103"}],"curies":[{"name":"wp","href":"https:\/\/api.w.org\/{rel}","templated":true}]}}