{"id":727102,"date":"2025-08-27T20:17:06","date_gmt":"2025-08-27T17:17:06","guid":{"rendered":"https:\/\/roveyayinevi.com.tr\/index.php\/urun\/canim-gulnar\/"},"modified":"2026-04-16T02:34:52","modified_gmt":"2026-04-15T23:34:52","slug":"canim-gulnar","status":"publish","type":"product","link":"https:\/\/roveyayinevi.com.tr\/index.php\/urun\/canim-gulnar\/","title":{"rendered":"Can\u0131m G\u00fclnar"},"content":{"rendered":"<p>\u2026. Annem, karde\u015flerime ninni s\u00f6yler bazen de \u015fiir okurdu. Ben de annem gibi karde\u015flerime, \u00e7ocuklar\u0131ma ve torunlar\u0131ma ninniler s\u00f6yledim. Sonralar\u0131 i\u00e7imdeki duygular \u015fiire d\u00f6n\u00fc\u015ft\u00fc. G\u00f6nl\u00fcme zincir vuramad\u0131m b\u00f6ylelikle \u015fiir yazmaya ba\u015flad\u0131m. En b\u00fcy\u00fck ilham\u0131m Karacao\u011flan\u2019d\u0131r. Karacao\u011flan\u2019\u0131n \u00e7izdi\u011fi yolda ad\u0131mlar\u0131m\u0131 at\u0131yorum. \u015eiir yazmak benim i\u00e7in bir sevda oldu. E\u015fim ve \u00e7ocuklar\u0131m\u0131n da deste\u011fiyle bu sevda katlanarak devam ediyor\u2026 <\/p>\n","protected":false},"excerpt":{"rendered":"<p>\u2026. Annem, karde\u015flerime ninni s\u00f6yler bazen de \u015fiir okurdu. Ben de annem gibi karde\u015flerime, \u00e7ocuklar\u0131ma ve torunlar\u0131ma ninniler s\u00f6yledim. Sonralar\u0131 i\u00e7imdeki duygular \u015fiire d\u00f6n\u00fc\u015ft\u00fc. G\u00f6nl\u00fcme zincir<span class=\"excerpt-hellip\"> [\u2026]<\/span><\/p>\n","protected":false},"featured_media":0,"template":"","meta":{"_monsterinsights_skip_tracking":false,"_monsterinsights_sitenote_active":false,"_monsterinsights_sitenote_note":"","_monsterinsights_sitenote_category":0},"product_brand":[],"product_cat":[12291,12509],"product_tag":[],"class_list":{"0":"post-727102","1":"product","2":"type-product","3":"status-publish","5":"product_cat-edebiyat","6":"product_cat-siir","7":"pa_cilt-ciltsiz","8":"pa_tur-kitap","9":"pa_yayinevi-gulnar-yayinlari","10":"pa_yazar-sevim-bolac-uzum","12":"first","13":"instock","14":"sale","15":"shipping-taxable","16":"purchasable","17":"product-type-simple"},"_links":{"self":[{"href":"https:\/\/roveyayinevi.com.tr\/index.php\/wp-json\/wp\/v2\/product\/727102","targetHints":{"allow":["GET"]}}],"collection":[{"href":"https:\/\/roveyayinevi.com.tr\/index.php\/wp-json\/wp\/v2\/product"}],"about":[{"href":"https:\/\/roveyayinevi.com.tr\/index.php\/wp-json\/wp\/v2\/types\/product"}],"wp:attachment":[{"href":"https:\/\/roveyayinevi.com.tr\/index.php\/wp-json\/wp\/v2\/media?parent=727102"}],"wp:term":[{"taxonomy":"product_brand","embeddable":true,"href":"https:\/\/roveyayinevi.com.tr\/index.php\/wp-json\/wp\/v2\/product_brand?post=727102"},{"taxonomy":"product_cat","embeddable":true,"href":"https:\/\/roveyayinevi.com.tr\/index.php\/wp-json\/wp\/v2\/product_cat?post=727102"},{"taxonomy":"product_tag","embeddable":true,"href":"https:\/\/roveyayinevi.com.tr\/index.php\/wp-json\/wp\/v2\/product_tag?post=727102"}],"curies":[{"name":"wp","href":"https:\/\/api.w.org\/{rel}","templated":true}]}}