{"id":727100,"date":"2025-08-27T20:17:05","date_gmt":"2025-08-27T17:17:05","guid":{"rendered":"https:\/\/roveyayinevi.com.tr\/index.php\/urun\/siyaset-bilimi-sozlugu\/"},"modified":"2026-04-16T02:34:52","modified_gmt":"2026-04-15T23:34:52","slug":"siyaset-bilimi-sozlugu","status":"publish","type":"product","link":"https:\/\/roveyayinevi.com.tr\/index.php\/urun\/siyaset-bilimi-sozlugu\/","title":{"rendered":"Siyaset Bilimi S\u00f6zl\u00fc\u011f\u00fc"},"content":{"rendered":"<p>\u0130nsan belirli bir zaman\u0131n, k\u00fclt\u00fcr\u00fcn, medeniyetin, d\u00fc\u015f\u00fcncenin, bak\u0131\u015f a\u00e7\u0131s\u0131n\u0131n i\u00e7ine do\u011far ve onun i\u00e7inden kendini kurar. \u0130\u00e7ine do\u011fdu\u011fu zaman\u0131n ruhunu yans\u0131tan kavramlarla d\u00fc\u015f\u00fcn\u00fcr, konu\u015fur, anla\u015f\u0131r ya da \u00e7at\u0131\u015f\u0131r. Bu a\u00e7\u0131dan s\u00f6zl\u00fckler ortak kavramlarla insanl\u0131\u011f\u0131n anla\u015fmas\u0131n\u0131 kolayla\u015ft\u0131r\u0131rken, i\u00e7erdikleri farkl\u0131l\u0131klarla, ayn\u0131 zamanda tek bir paradigman\u0131n ya da hegemonyan\u0131n tahakk\u00fcm\u00fcne engel olurlar.Siyaset Bilimi S\u00f6zl\u00fc\u011f\u00fc\u2019n\u00fcn temel perspektifi, bir taraftan siyaset bilimine dair kavramlara y\u00fcklenen yayg\u0131n anlam\u0131 olabildi\u011fince vermeye \u00e7al\u0131\u015f\u0131rken, di\u011fer taraftan, bu kavramlar\u0131 ele\u015ftirel bir de\u011ferlendirmeye tabi tutarak literat\u00fcre farkl\u0131 anlamlar ve kavramlar kazand\u0131rmaya \u00e7al\u0131\u015fmakt\u0131r. Bili\u015fim \u00e7a\u011f\u0131nda, k\u00fcresel bilgi havuzuna kendi birikimlerini ya da kavramlara kendi anlam kodlar\u0131n\u0131 da aktarabilen toplumlar ancak k\u00fclt\u00fcrel olarak varl\u0131klar\u0131n\u0131 s\u00fcrd\u00fcrebilirler.\u00c7al\u0131\u015fmada kavramlar sadece tan\u0131mlanmamakta, onlarla adeta \u00f6zg\u00fcrl\u00fckten, adaletten, \u00e7o\u011fulculuktan, etik olandan yana bir yolculu\u011fa \u00e7\u0131k\u0131lmaktad\u0131r.S\u00f6zl\u00fck, esasen siyaset bilimine dair kavramlar\u0131 i\u00e7ermekle birlikte, siyasetin hayat\u0131n \u00e7ok farkl\u0131 y\u00f6nleriyle ili\u015fkili oldu\u011fu d\u00fc\u015f\u00fcn\u00fcld\u00fc\u011f\u00fcnde, pek \u00e7ok disiplinle yak\u0131ndan ilgilidir. Bu a\u00e7\u0131dan \u00e7al\u0131\u015fma, kamu y\u00f6netimi, uluslararas\u0131 ili\u015fkiler, hukuk, felsefe, iktisat, sosyoloji, T\u00fcrk siyasal hayat\u0131, k\u00fcresel g\u00fcvenlik, k\u00fcresel siyaset, \u0130slam d\u00fc\u015f\u00fcncesi, T\u00fcrk-\u0130slam siyasal d\u00fc\u015f\u00fcnce tarihi, diaspora, k\u00fclt\u00fcr ve medeniyet gibi alanlara ilgi duyanlara da katk\u0131 sa\u011flay\u0131c\u0131 niteliktedir.<\/p>\n","protected":false},"excerpt":{"rendered":"<p>\u0130nsan belirli bir zaman\u0131n, k\u00fclt\u00fcr\u00fcn, medeniyetin, d\u00fc\u015f\u00fcncenin, bak\u0131\u015f a\u00e7\u0131s\u0131n\u0131n i\u00e7ine do\u011far ve onun i\u00e7inden kendini kurar. \u0130\u00e7ine do\u011fdu\u011fu zaman\u0131n ruhunu yans\u0131tan kavramlarla d\u00fc\u015f\u00fcn\u00fcr, konu\u015fur, anla\u015f\u0131r ya<span class=\"excerpt-hellip\"> [\u2026]<\/span><\/p>\n","protected":false},"featured_media":0,"template":"","meta":{"_monsterinsights_skip_tracking":false,"_monsterinsights_sitenote_active":false,"_monsterinsights_sitenote_note":"","_monsterinsights_sitenote_category":0},"product_brand":[],"product_cat":[12337,14706],"product_tag":[],"class_list":{"0":"post-727100","1":"product","2":"type-product","3":"status-publish","5":"product_cat-politika-siyaset","6":"product_cat-siyaset-bilimi","7":"pa_cilt-ciltsiz","8":"pa_tur-kitap","9":"pa_yayinevi-adres-yayinlari","10":"pa_yazar-kudret-bulbul","12":"first","13":"instock","14":"sale","15":"shipping-taxable","16":"purchasable","17":"product-type-simple"},"_links":{"self":[{"href":"https:\/\/roveyayinevi.com.tr\/index.php\/wp-json\/wp\/v2\/product\/727100","targetHints":{"allow":["GET"]}}],"collection":[{"href":"https:\/\/roveyayinevi.com.tr\/index.php\/wp-json\/wp\/v2\/product"}],"about":[{"href":"https:\/\/roveyayinevi.com.tr\/index.php\/wp-json\/wp\/v2\/types\/product"}],"wp:attachment":[{"href":"https:\/\/roveyayinevi.com.tr\/index.php\/wp-json\/wp\/v2\/media?parent=727100"}],"wp:term":[{"taxonomy":"product_brand","embeddable":true,"href":"https:\/\/roveyayinevi.com.tr\/index.php\/wp-json\/wp\/v2\/product_brand?post=727100"},{"taxonomy":"product_cat","embeddable":true,"href":"https:\/\/roveyayinevi.com.tr\/index.php\/wp-json\/wp\/v2\/product_cat?post=727100"},{"taxonomy":"product_tag","embeddable":true,"href":"https:\/\/roveyayinevi.com.tr\/index.php\/wp-json\/wp\/v2\/product_tag?post=727100"}],"curies":[{"name":"wp","href":"https:\/\/api.w.org\/{rel}","templated":true}]}}