{"id":727098,"date":"2025-08-27T20:17:04","date_gmt":"2025-08-27T17:17:04","guid":{"rendered":"https:\/\/roveyayinevi.com.tr\/index.php\/urun\/osmanlidan-cumhuriyete-ekonomi-one-cikan-sektorler\/"},"modified":"2026-04-16T02:34:52","modified_gmt":"2026-04-15T23:34:52","slug":"osmanlidan-cumhuriyete-ekonomi-one-cikan-sektorler","status":"publish","type":"product","link":"https:\/\/roveyayinevi.com.tr\/index.php\/urun\/osmanlidan-cumhuriyete-ekonomi-one-cikan-sektorler\/","title":{"rendered":"Osmanl\u0131&#8217;dan Cumhuriyet&#8217;e Ekonomi &#8211; \u00d6ne \u00c7\u0131kan Sekt\u00f6rler"},"content":{"rendered":"<p>T\u00fcrkiye Cumhuriyeti, Osmanl\u0131 \u0130mparatorlu\u011fu\u2019nun en \u00f6nemli miras\u00e7\u0131s\u0131d\u0131r. Osmanl\u0131\u2019n\u0131n birikimi Cumhuriyet\u2019in de temellerini olu\u015fturmu\u015ftur. Osmanl\u0131 \u0130mparatorlu\u011fu d\u00f6neminde ekonominin \u00e7e\u015fitli sekt\u00f6rlerinde ortaya \u00e7\u0131kan geli\u015fmeler T\u00fcrkiye Cumhuriyeti d\u00f6neminde yeni bir anlay\u0131\u015fla daha ileriye g\u00f6t\u00fcr\u00fclm\u00fc\u015ft\u00fcr.Bu kitapta, Osmanl\u0131 \u0130mparatorlu\u011fu\u2019ndan T\u00fcrkiye Cumhuriyeti\u2019ne ekonomi, sekt\u00f6rler temelinde ortaya konulmaktad\u0131r. Bu \u00e7er\u00e7evede, \u00f6ne \u00e7\u0131kan sekt\u00f6rler, bilimsel-akademik bir yakla\u015f\u0131mla ele al\u0131nm\u0131\u015ft\u0131r.Demiryollar\u0131, havac\u0131l\u0131k, e\u011fitim, tar\u0131m, denizcilik, madencilik, tekstil, gazetecilik, reklam ve sinema i\u015fletmecili\u011fi, halkla ili\u015fkiler, foto\u011fraf st\u00fcdyolar\u0131, Osmanl\u0131 \u0130mparatorlu\u011fu\u2019nda ve T\u00fcrkiye Cumhuriyeti\u2019nde ekonominin \u00f6nemli bile\u015fenlerinden baz\u0131lar\u0131d\u0131r. Bu konular, \u00f6nemleriyle ili\u015fkili oldu\u011fu kadar yazarlar\u0131n ilgi alanlar\u0131na dayal\u0131 olarak da bu kitap kapsam\u0131na al\u0131nm\u0131\u015flard\u0131r.<\/p>\n","protected":false},"excerpt":{"rendered":"<p>T\u00fcrkiye Cumhuriyeti, Osmanl\u0131 \u0130mparatorlu\u011fu\u2019nun en \u00f6nemli miras\u00e7\u0131s\u0131d\u0131r. Osmanl\u0131\u2019n\u0131n birikimi Cumhuriyet\u2019in de temellerini olu\u015fturmu\u015ftur. Osmanl\u0131 \u0130mparatorlu\u011fu d\u00f6neminde ekonominin \u00e7e\u015fitli sekt\u00f6rlerinde ortaya \u00e7\u0131kan geli\u015fmeler T\u00fcrkiye Cumhuriyeti d\u00f6neminde yeni<span class=\"excerpt-hellip\"> [\u2026]<\/span><\/p>\n","protected":false},"featured_media":0,"template":"","meta":{"_monsterinsights_skip_tracking":false,"_monsterinsights_sitenote_active":false,"_monsterinsights_sitenote_note":"","_monsterinsights_sitenote_category":0},"product_brand":[],"product_cat":[13043,14144],"product_tag":[],"class_list":{"0":"post-727098","1":"product","2":"type-product","3":"status-publish","5":"product_cat-ekonomi","6":"product_cat-turkiye-ekonomisi","7":"pa_cilt-ciltsiz","8":"pa_tur-kitap","9":"pa_yayinevi-astana-yayinlari","10":"pa_yazar-kurtulus-yilmaz-genc-gokhan-karadirek","12":"first","13":"instock","14":"sale","15":"shipping-taxable","16":"purchasable","17":"product-type-simple"},"_links":{"self":[{"href":"https:\/\/roveyayinevi.com.tr\/index.php\/wp-json\/wp\/v2\/product\/727098","targetHints":{"allow":["GET"]}}],"collection":[{"href":"https:\/\/roveyayinevi.com.tr\/index.php\/wp-json\/wp\/v2\/product"}],"about":[{"href":"https:\/\/roveyayinevi.com.tr\/index.php\/wp-json\/wp\/v2\/types\/product"}],"wp:attachment":[{"href":"https:\/\/roveyayinevi.com.tr\/index.php\/wp-json\/wp\/v2\/media?parent=727098"}],"wp:term":[{"taxonomy":"product_brand","embeddable":true,"href":"https:\/\/roveyayinevi.com.tr\/index.php\/wp-json\/wp\/v2\/product_brand?post=727098"},{"taxonomy":"product_cat","embeddable":true,"href":"https:\/\/roveyayinevi.com.tr\/index.php\/wp-json\/wp\/v2\/product_cat?post=727098"},{"taxonomy":"product_tag","embeddable":true,"href":"https:\/\/roveyayinevi.com.tr\/index.php\/wp-json\/wp\/v2\/product_tag?post=727098"}],"curies":[{"name":"wp","href":"https:\/\/api.w.org\/{rel}","templated":true}]}}