{"id":727097,"date":"2025-08-27T20:17:03","date_gmt":"2025-08-27T17:17:03","guid":{"rendered":"https:\/\/roveyayinevi.com.tr\/index.php\/urun\/orgut-kulturu\/"},"modified":"2026-04-16T02:34:52","modified_gmt":"2026-04-15T23:34:52","slug":"orgut-kulturu","status":"publish","type":"product","link":"https:\/\/roveyayinevi.com.tr\/index.php\/urun\/orgut-kulturu\/","title":{"rendered":"\u00d6rg\u00fct K\u00fclt\u00fcr\u00fc"},"content":{"rendered":"<p>\u00c7al\u0131\u015fanlar\u0131n \u00f6rg\u00fct i\u00e7erisindeki tutum ve davran\u0131\u015flar\u0131 \u00fczerinde ba\u011fl\u0131 olduklar\u0131 k\u00fclt\u00fcr\u00fcn do\u011frudan, belirleyici etkisi vard\u0131r. K\u00fclt\u00fcr, \u00f6rg\u00fctsel ya da toplumsal k\u00f6kenli olabilir. Di\u011fer taraftan, \u00f6rg\u00fct k\u00fclt\u00fcr\u00fcn\u00fcn toplumsal k\u00fclt\u00fcr\u00fcn bir alt unsuru oldu\u011fu da iddia edilebilir. Ancak, her iki k\u00fclt\u00fcrel kayna\u011f\u0131n, s\u00fcrekli etkile\u015fimin sonucunda ge\u00e7i\u015fken oldu\u011fu da unutulmamal\u0131d\u0131r. \u00d6rg\u00fct k\u00fclt\u00fcrleri de, halkla ili\u015fkiler faaliyetleriyle, organizasyon \u00fcyelerini d\u00f6n\u00fc\u015ft\u00fcrerek ya da di\u011fer \u00e7\u0131kt\u0131lar yoluyla toplumsal k\u00fclt\u00fcr\u00fc etkiler. Bireyler, \u00f6rg\u00fctsel k\u00fclt\u00fcrden etkilendikleri gibi ait olduklar\u0131 toplumsal ya da mesleki k\u00fclt\u00fcr\u00fc \u00f6rg\u00fct i\u00e7ine ta\u015f\u0131yarak \u00f6rg\u00fct k\u00fclt\u00fcr\u00fcn\u00fc etkilerler. \u00d6rne\u011fin, toplumsal k\u00fclt\u00fcr\u00fcn bireyci ya da toplumlu niteliklere sahip olu\u015fu, bireyin \u00f6rg\u00fct k\u00fclt\u00fcr\u00fcne etkisinin y\u00f6n\u00fcn\u00fc de belirleyecektir. Bu \u00e7er\u00e7evede, a\u00e7\u0131k bir sistem olan \u00f6rg\u00fctlerin ama\u00e7lar\u0131na ula\u015fmas\u0131n\u0131 sa\u011flayacak nitelikte, etkili y\u00f6netimin ger\u00e7ekle\u015febilmesi i\u00e7in k\u00fclt\u00fcr\u00fcn k\u00f6kenlerinin ve bile\u015fenlerinin bilimsel bir yakla\u015f\u0131mla ara\u015ft\u0131r\u0131l\u0131p ortaya konmas\u0131 son derece \u00f6nemlidir.Bu kitap, \u00f6rg\u00fct k\u00fclt\u00fcr\u00fc, \u00f6rg\u00fctsel adalet, \u00f6rg\u00fctsel ba\u011fl\u0131l\u0131k, \u00f6rg\u00fctsel vatanda\u015fl\u0131k, i\u015f tatmini ve \u00f6rg\u00fctsel performans konular\u0131nda literat\u00fcre katk\u0131da bulunacakt\u0131r.<\/p>\n","protected":false},"excerpt":{"rendered":"<p>\u00c7al\u0131\u015fanlar\u0131n \u00f6rg\u00fct i\u00e7erisindeki tutum ve davran\u0131\u015flar\u0131 \u00fczerinde ba\u011fl\u0131 olduklar\u0131 k\u00fclt\u00fcr\u00fcn do\u011frudan, belirleyici etkisi vard\u0131r. K\u00fclt\u00fcr, \u00f6rg\u00fctsel ya da toplumsal k\u00f6kenli olabilir. Di\u011fer taraftan, \u00f6rg\u00fct k\u00fclt\u00fcr\u00fcn\u00fcn toplumsal<span class=\"excerpt-hellip\"> [\u2026]<\/span><\/p>\n","protected":false},"featured_media":0,"template":"","meta":{"_monsterinsights_skip_tracking":false,"_monsterinsights_sitenote_active":false,"_monsterinsights_sitenote_note":"","_monsterinsights_sitenote_category":0},"product_brand":[],"product_cat":[13043,14381],"product_tag":[],"class_list":{"0":"post-727097","1":"product","2":"type-product","3":"status-publish","5":"product_cat-ekonomi","6":"product_cat-isletme-muhasebe-maliye","7":"pa_cilt-ciltsiz","8":"pa_tur-kitap","9":"pa_yayinevi-astana-yayinlari","10":"pa_yazar-kurtulus-yilmaz-genc-gokhan-karadirek","12":"first","13":"instock","14":"sale","15":"shipping-taxable","16":"purchasable","17":"product-type-simple"},"_links":{"self":[{"href":"https:\/\/roveyayinevi.com.tr\/index.php\/wp-json\/wp\/v2\/product\/727097","targetHints":{"allow":["GET"]}}],"collection":[{"href":"https:\/\/roveyayinevi.com.tr\/index.php\/wp-json\/wp\/v2\/product"}],"about":[{"href":"https:\/\/roveyayinevi.com.tr\/index.php\/wp-json\/wp\/v2\/types\/product"}],"wp:attachment":[{"href":"https:\/\/roveyayinevi.com.tr\/index.php\/wp-json\/wp\/v2\/media?parent=727097"}],"wp:term":[{"taxonomy":"product_brand","embeddable":true,"href":"https:\/\/roveyayinevi.com.tr\/index.php\/wp-json\/wp\/v2\/product_brand?post=727097"},{"taxonomy":"product_cat","embeddable":true,"href":"https:\/\/roveyayinevi.com.tr\/index.php\/wp-json\/wp\/v2\/product_cat?post=727097"},{"taxonomy":"product_tag","embeddable":true,"href":"https:\/\/roveyayinevi.com.tr\/index.php\/wp-json\/wp\/v2\/product_tag?post=727097"}],"curies":[{"name":"wp","href":"https:\/\/api.w.org\/{rel}","templated":true}]}}