{"id":727096,"date":"2025-08-27T20:17:02","date_gmt":"2025-08-27T17:17:02","guid":{"rendered":"https:\/\/roveyayinevi.com.tr\/index.php\/urun\/siyasi-parti-lider-soylemlerinde-turkiye-israil-iliskileri\/"},"modified":"2026-04-16T02:34:52","modified_gmt":"2026-04-15T23:34:52","slug":"siyasi-parti-lider-soylemlerinde-turkiye-israil-iliskileri","status":"publish","type":"product","link":"https:\/\/roveyayinevi.com.tr\/index.php\/urun\/siyasi-parti-lider-soylemlerinde-turkiye-israil-iliskileri\/","title":{"rendered":"Siyasi Parti Lider S\u00f6ylemlerinde T\u00fcrkiye \u0130srail \u0130li\u015fkileri"},"content":{"rendered":"<p>Bu kitap, Ankara \u00dcniversitesi SBE\u2019de haz\u0131rlam\u0131\u015f oldu\u011fum &#8220;Postmodern Siyaset ve S\u00f6ylem: Siyasi Parti Lider S\u00f6ylemleri \u00dczerine Bir \u00c7al\u0131\u015fma\u201d ba\u015fl\u0131kl\u0131 doktora tezimin bir b\u00f6l\u00fcm\u00fcnden \u00fcretilmi\u015ftir. Kitapta, postmodern d\u00f6nem tan\u0131mlamas\u0131 ile ba\u011flant\u0131l\u0131 olarak toplumu bir b\u00fct\u00fcn olarak ilgilendiren siyasetin s\u00f6zc\u00fclerinin yeni politik s\u00f6ylemini siyasal akt\u00f6rler \u00fczerinden ele almak ama\u00e7lanm\u0131\u015ft\u0131r. Bu ba\u011flamda kitap, siyasette ve siyasal s\u00f6ylemlerde ya\u015fanan de\u011fi\u015fimi i\u00e7inde bulunulan zaman\u0131n \u00f6zellikleri ile de ili\u015fkilendirerek bu de\u011fi\u015fimi siyasi lider s\u00f6ylemleri \u00fczerinden ampirik bir ara\u015ft\u0131rma ile kan\u0131tlamaya y\u00f6nelmektedir.<\/p>\n","protected":false},"excerpt":{"rendered":"<p>Bu kitap, Ankara \u00dcniversitesi SBE\u2019de haz\u0131rlam\u0131\u015f oldu\u011fum &#8220;Postmodern Siyaset ve S\u00f6ylem: Siyasi Parti Lider S\u00f6ylemleri \u00dczerine Bir \u00c7al\u0131\u015fma\u201d ba\u015fl\u0131kl\u0131 doktora tezimin bir b\u00f6l\u00fcm\u00fcnden \u00fcretilmi\u015ftir. Kitapta, postmodern<span class=\"excerpt-hellip\"> [\u2026]<\/span><\/p>\n","protected":false},"featured_media":0,"template":"","meta":{"_monsterinsights_skip_tracking":false,"_monsterinsights_sitenote_active":false,"_monsterinsights_sitenote_note":"","_monsterinsights_sitenote_category":0},"product_brand":[],"product_cat":[13590,12337],"product_tag":[],"class_list":{"0":"post-727096","1":"product","2":"type-product","3":"status-publish","5":"product_cat-arastirma-inceleme-politika-siyaset","6":"product_cat-politika-siyaset","7":"pa_cilt-ciltsiz","8":"pa_tur-kitap","9":"pa_yayinevi-astana-yayinlari","10":"pa_yazar-suleyman-guven","12":"first","13":"instock","14":"sale","15":"shipping-taxable","16":"purchasable","17":"product-type-simple"},"_links":{"self":[{"href":"https:\/\/roveyayinevi.com.tr\/index.php\/wp-json\/wp\/v2\/product\/727096","targetHints":{"allow":["GET"]}}],"collection":[{"href":"https:\/\/roveyayinevi.com.tr\/index.php\/wp-json\/wp\/v2\/product"}],"about":[{"href":"https:\/\/roveyayinevi.com.tr\/index.php\/wp-json\/wp\/v2\/types\/product"}],"wp:attachment":[{"href":"https:\/\/roveyayinevi.com.tr\/index.php\/wp-json\/wp\/v2\/media?parent=727096"}],"wp:term":[{"taxonomy":"product_brand","embeddable":true,"href":"https:\/\/roveyayinevi.com.tr\/index.php\/wp-json\/wp\/v2\/product_brand?post=727096"},{"taxonomy":"product_cat","embeddable":true,"href":"https:\/\/roveyayinevi.com.tr\/index.php\/wp-json\/wp\/v2\/product_cat?post=727096"},{"taxonomy":"product_tag","embeddable":true,"href":"https:\/\/roveyayinevi.com.tr\/index.php\/wp-json\/wp\/v2\/product_tag?post=727096"}],"curies":[{"name":"wp","href":"https:\/\/api.w.org\/{rel}","templated":true}]}}