{"id":727088,"date":"2025-08-27T20:16:56","date_gmt":"2025-08-27T17:16:56","guid":{"rendered":"https:\/\/roveyayinevi.com.tr\/index.php\/urun\/guldur-guldur-bilim\/"},"modified":"2026-04-16T02:34:52","modified_gmt":"2026-04-15T23:34:52","slug":"guldur-guldur-bilim","status":"publish","type":"product","link":"https:\/\/roveyayinevi.com.tr\/index.php\/urun\/guldur-guldur-bilim\/","title":{"rendered":"G\u00fcld\u00fcr G\u00fcld\u00fcr Bilim"},"content":{"rendered":"<p>G\u00fcld\u00fcr G\u00fcld\u00fcr Bilim-Matrak Nobel \u00d6d\u00fclleri kitab\u0131, ara\u015ft\u0131rma, geli\u015ftirme ve merak duygusuna y\u00f6nelik kazan\u0131mlarla dolu. Asl\u0131nda &#8216;gereksiz&#8217; gibi g\u00f6r\u00fclen bir\u00e7ok olay\u0131n arka plan\u0131nda \u00f6nemli bilimsel ger\u00e7ekler ve sonu\u00e7lar\u0131n \u00e7\u0131kabilece\u011fine y\u00f6nelik ilham veren ara\u015ft\u0131rma hikayelerinin oldu\u011fu kitap, \u00e7ocuklar\u0131 sorgulama ve ele\u015ftirmeye sevk ederek sorumluluk duygusunun geli\u015fmesine katk\u0131da bulunuyor. Bunun yan\u0131nda e\u011flenceli ve ak\u0131c\u0131 \u00fcslubu; esprili karikat\u00fcrleriyle keyifli bir okuma s\u00fcreci vaat ediyor.<\/p>\n","protected":false},"excerpt":{"rendered":"<p>G\u00fcld\u00fcr G\u00fcld\u00fcr Bilim-Matrak Nobel \u00d6d\u00fclleri kitab\u0131, ara\u015ft\u0131rma, geli\u015ftirme ve merak duygusuna y\u00f6nelik kazan\u0131mlarla dolu. Asl\u0131nda &#8216;gereksiz&#8217; gibi g\u00f6r\u00fclen bir\u00e7ok olay\u0131n arka plan\u0131nda \u00f6nemli bilimsel ger\u00e7ekler ve<span class=\"excerpt-hellip\"> [\u2026]<\/span><\/p>\n","protected":false},"featured_media":0,"template":"","meta":{"_monsterinsights_skip_tracking":false,"_monsterinsights_sitenote_active":false,"_monsterinsights_sitenote_note":"","_monsterinsights_sitenote_category":0},"product_brand":[],"product_cat":[12274,12631],"product_tag":[],"class_list":{"0":"post-727088","1":"product","2":"type-product","3":"status-publish","5":"product_cat-cocuk-ve-genclik-kitaplari","6":"product_cat-diger-cocuk-ve-genclik-kitaplari","7":"pa_cilt-ciltsiz","8":"pa_tur-kitap","9":"pa_yayinevi-eglenceli-bilgi-yayinlari","10":"pa_yazar-kadir-demircan","12":"first","13":"instock","14":"sale","15":"shipping-taxable","16":"purchasable","17":"product-type-simple"},"_links":{"self":[{"href":"https:\/\/roveyayinevi.com.tr\/index.php\/wp-json\/wp\/v2\/product\/727088","targetHints":{"allow":["GET"]}}],"collection":[{"href":"https:\/\/roveyayinevi.com.tr\/index.php\/wp-json\/wp\/v2\/product"}],"about":[{"href":"https:\/\/roveyayinevi.com.tr\/index.php\/wp-json\/wp\/v2\/types\/product"}],"wp:attachment":[{"href":"https:\/\/roveyayinevi.com.tr\/index.php\/wp-json\/wp\/v2\/media?parent=727088"}],"wp:term":[{"taxonomy":"product_brand","embeddable":true,"href":"https:\/\/roveyayinevi.com.tr\/index.php\/wp-json\/wp\/v2\/product_brand?post=727088"},{"taxonomy":"product_cat","embeddable":true,"href":"https:\/\/roveyayinevi.com.tr\/index.php\/wp-json\/wp\/v2\/product_cat?post=727088"},{"taxonomy":"product_tag","embeddable":true,"href":"https:\/\/roveyayinevi.com.tr\/index.php\/wp-json\/wp\/v2\/product_tag?post=727088"}],"curies":[{"name":"wp","href":"https:\/\/api.w.org\/{rel}","templated":true}]}}