{"id":727087,"date":"2025-08-27T20:16:55","date_gmt":"2025-08-27T17:16:55","guid":{"rendered":"https:\/\/roveyayinevi.com.tr\/index.php\/urun\/canavarlar-gece-gelir-mi\/"},"modified":"2026-04-16T02:34:52","modified_gmt":"2026-04-15T23:34:52","slug":"canavarlar-gece-gelir-mi","status":"publish","type":"product","link":"https:\/\/roveyayinevi.com.tr\/index.php\/urun\/canavarlar-gece-gelir-mi\/","title":{"rendered":"Canavarlar Gece Gelir Mi?"},"content":{"rendered":"<p>\u00c7ocuklarda gece korkusu pek \u00e7ok pedagog taraf\u0131ndan \u00f6nemle \u00fczerinde durulan bir problemdir. Her ya\u015f grubunda \u00e7ocuklar\u0131n korkular\u0131 oldu\u011funu biliyoruz. \u00dc\u00e7 ya\u015f ve \u00fczeri ya\u015f grubundaki \u00e7ocuklar\u0131n en \u00e7ok korktuklar\u0131 \u015feylerin ba\u015f\u0131nda ku\u015fkusuz karanl\u0131k geliyor. Bak\u0131p da g\u00f6rememek, duyulan seslerin kime ait oldu\u011funu bilememek yahut geceleri karanl\u0131kta g\u00f6r\u00fclen g\u00f6lgeler; \u00e7ocu\u011fun sonsuz hayal d\u00fcnyas\u0131nda dallan\u0131p budaklan\u0131yor ve korku olarak kendini hissettiriyor. &#8220;Canavarlar Gece Gelir mi?&#8221; kitab\u0131 \u00e7ocuklar\u0131n hayal d\u00fcnyalar\u0131nda kurup korktuklar\u0131 nesnelerin asl\u0131nda hayat\u0131m\u0131z\u0131n i\u00e7inde, s\u0131radan nesneler olduklar\u0131n\u0131 anlamalar\u0131n\u0131 sa\u011flayacak. Nas\u0131l m\u0131? Masal tad\u0131nda bir anlat\u0131m ve d\u00fcnya standartlar\u0131nda resimlenmi\u015f s\u0131cac\u0131k bir \u00f6yk\u00fcyle&#8230; Canavarlar Gece Gelir mi? kitab\u0131n\u0131n kahraman\u0131 Maya ile \u00e7ocuklar gece korkular\u0131n\u0131n ne kadar yersiz oldu\u011funu keyifle \u00f6\u011frenecekler.<\/p>\n","protected":false},"excerpt":{"rendered":"<p>\u00c7ocuklarda gece korkusu pek \u00e7ok pedagog taraf\u0131ndan \u00f6nemle \u00fczerinde durulan bir problemdir. Her ya\u015f grubunda \u00e7ocuklar\u0131n korkular\u0131 oldu\u011funu biliyoruz. \u00dc\u00e7 ya\u015f ve \u00fczeri ya\u015f grubundaki \u00e7ocuklar\u0131n<span class=\"excerpt-hellip\"> [\u2026]<\/span><\/p>\n","protected":false},"featured_media":0,"template":"","meta":{"_monsterinsights_skip_tracking":false,"_monsterinsights_sitenote_active":false,"_monsterinsights_sitenote_note":"","_monsterinsights_sitenote_category":0},"product_brand":[],"product_cat":[12274,12631],"product_tag":[],"class_list":{"0":"post-727087","1":"product","2":"type-product","3":"status-publish","5":"product_cat-cocuk-ve-genclik-kitaplari","6":"product_cat-diger-cocuk-ve-genclik-kitaplari","7":"pa_cilt-ciltsiz","8":"pa_tur-kitap","9":"pa_yayinevi-timas-cocuk","10":"pa_yazar-sezen-aksu-tasyurek","12":"first","13":"instock","14":"sale","15":"shipping-taxable","16":"purchasable","17":"product-type-simple"},"_links":{"self":[{"href":"https:\/\/roveyayinevi.com.tr\/index.php\/wp-json\/wp\/v2\/product\/727087","targetHints":{"allow":["GET"]}}],"collection":[{"href":"https:\/\/roveyayinevi.com.tr\/index.php\/wp-json\/wp\/v2\/product"}],"about":[{"href":"https:\/\/roveyayinevi.com.tr\/index.php\/wp-json\/wp\/v2\/types\/product"}],"wp:attachment":[{"href":"https:\/\/roveyayinevi.com.tr\/index.php\/wp-json\/wp\/v2\/media?parent=727087"}],"wp:term":[{"taxonomy":"product_brand","embeddable":true,"href":"https:\/\/roveyayinevi.com.tr\/index.php\/wp-json\/wp\/v2\/product_brand?post=727087"},{"taxonomy":"product_cat","embeddable":true,"href":"https:\/\/roveyayinevi.com.tr\/index.php\/wp-json\/wp\/v2\/product_cat?post=727087"},{"taxonomy":"product_tag","embeddable":true,"href":"https:\/\/roveyayinevi.com.tr\/index.php\/wp-json\/wp\/v2\/product_tag?post=727087"}],"curies":[{"name":"wp","href":"https:\/\/api.w.org\/{rel}","templated":true}]}}