{"id":727086,"date":"2025-08-27T20:16:54","date_gmt":"2025-08-27T17:16:54","guid":{"rendered":"https:\/\/roveyayinevi.com.tr\/index.php\/urun\/bol-hapsirikli-kutuphane-can-avar-ciltli\/"},"modified":"2026-04-16T02:34:52","modified_gmt":"2026-04-15T23:34:52","slug":"bol-hapsirikli-kutuphane-can-avar-ciltli","status":"publish","type":"product","link":"https:\/\/roveyayinevi.com.tr\/index.php\/urun\/bol-hapsirikli-kutuphane-can-avar-ciltli\/","title":{"rendered":"Bol Hap\u015f\u0131r\u0131kl\u0131 K\u00fct\u00fcphane  Can Avar (Ciltli)"},"content":{"rendered":"<p>Can Avar.. Asl\u0131nda s\u0131radan bir \u00e7ocuk&#8230; Her g\u00fcn d\u00fcnyay\u0131 kurtarmas\u0131n\u0131 saymazsak tabii! Kurt adamlar, hayaletler, mumyalar, vampirler, uzayl\u0131lar, kimin oldu\u011fu belli olmayan g\u00f6lgeler. Hepsiyle tek ba\u015f\u0131na sava\u015f\u0131yor&#8230; Bizler de onun sayesinde yata\u011f\u0131m\u0131zda rahat uyuyabiliyoruz. Ah! gir de b\u00fcy\u00fcklerini bu ba\u015far\u0131lar\u0131na inand\u0131rabilse . Mesela annesini evlerinin bir ejderha taraf\u0131ndan \u0131s\u0131r\u0131ld\u0131\u011f\u0131na ikna edebilse ya da y\u0131llard\u0131r kedi diye besledikleri hayvan\u0131n asl\u0131nda bir rakun oldu\u011funu herkes \u00f6\u011frense&#8230; Anlayaca\u011f\u0131n\u0131z Can&#8217;\u0131n b\u00fcy\u00fcklere anlatmak istedi\u011fi \u00e7ok \u015fey var!<\/p>\n","protected":false},"excerpt":{"rendered":"<p>Can Avar.. Asl\u0131nda s\u0131radan bir \u00e7ocuk&#8230; Her g\u00fcn d\u00fcnyay\u0131 kurtarmas\u0131n\u0131 saymazsak tabii! Kurt adamlar, hayaletler, mumyalar, vampirler, uzayl\u0131lar, kimin oldu\u011fu belli olmayan g\u00f6lgeler. Hepsiyle tek ba\u015f\u0131na<span class=\"excerpt-hellip\"> [\u2026]<\/span><\/p>\n","protected":false},"featured_media":0,"template":"","meta":{"_monsterinsights_skip_tracking":false,"_monsterinsights_sitenote_active":false,"_monsterinsights_sitenote_note":"","_monsterinsights_sitenote_category":0},"product_brand":[],"product_cat":[12274,12631],"product_tag":[],"class_list":{"0":"post-727086","1":"product","2":"type-product","3":"status-publish","5":"product_cat-cocuk-ve-genclik-kitaplari","6":"product_cat-diger-cocuk-ve-genclik-kitaplari","7":"pa_cilt-ciltli","8":"pa_tur-kitap","9":"pa_yayinevi-timas-cocuk","10":"pa_yazar-haktan-kaan-icel","12":"first","13":"instock","14":"sale","15":"shipping-taxable","16":"purchasable","17":"product-type-simple"},"_links":{"self":[{"href":"https:\/\/roveyayinevi.com.tr\/index.php\/wp-json\/wp\/v2\/product\/727086","targetHints":{"allow":["GET"]}}],"collection":[{"href":"https:\/\/roveyayinevi.com.tr\/index.php\/wp-json\/wp\/v2\/product"}],"about":[{"href":"https:\/\/roveyayinevi.com.tr\/index.php\/wp-json\/wp\/v2\/types\/product"}],"wp:attachment":[{"href":"https:\/\/roveyayinevi.com.tr\/index.php\/wp-json\/wp\/v2\/media?parent=727086"}],"wp:term":[{"taxonomy":"product_brand","embeddable":true,"href":"https:\/\/roveyayinevi.com.tr\/index.php\/wp-json\/wp\/v2\/product_brand?post=727086"},{"taxonomy":"product_cat","embeddable":true,"href":"https:\/\/roveyayinevi.com.tr\/index.php\/wp-json\/wp\/v2\/product_cat?post=727086"},{"taxonomy":"product_tag","embeddable":true,"href":"https:\/\/roveyayinevi.com.tr\/index.php\/wp-json\/wp\/v2\/product_tag?post=727086"}],"curies":[{"name":"wp","href":"https:\/\/api.w.org\/{rel}","templated":true}]}}