{"id":727085,"date":"2025-08-27T20:16:53","date_gmt":"2025-08-27T17:16:53","guid":{"rendered":"https:\/\/roveyayinevi.com.tr\/index.php\/urun\/duvarin-arkasinda-ne-var\/"},"modified":"2026-04-16T02:34:52","modified_gmt":"2026-04-15T23:34:52","slug":"duvarin-arkasinda-ne-var","status":"publish","type":"product","link":"https:\/\/roveyayinevi.com.tr\/index.php\/urun\/duvarin-arkasinda-ne-var\/","title":{"rendered":"Duvar\u0131n Arkas\u0131nda Ne Var?"},"content":{"rendered":"<p>Duvar\u0131n Arkas\u0131nda Ne Var, bah\u00e7esindeki duvar\u0131n arkas\u0131nda ne oldu\u011funu merak eden bir \u00e7ocu\u011fun hikayesi&#8230; Duvar\u0131n arkas\u0131n\u0131 merak eden \u00e7ocuk, her \u00e7ocuk gibi hayal g\u00fcc\u00fcn\u00fc devreye sokuyor ve kendisini resmiyle anlat\u0131yor. Tekrarlanan kelime gruplar\u0131 hikayeye masals\u0131 bir anlat\u0131m kazand\u0131r\u0131yor. Masals\u0131 \u00fcslubunun yan\u0131nda yal\u0131n anlat\u0131m\u0131, birbirinden anlaml\u0131, rengarenk resimleriyle Duvar\u0131n Arkas\u0131nda Ne Var? kitab\u0131, merak ve hayal g\u00fcc\u00fc temalar\u0131 \u00fczerine y\u00fckseliyor. Duvar\u0131n arkas\u0131n\u0131 merak eden \u00e7ocuk, kitap boyunca pes etmiyor, m\u00fccadelesini s\u00fcrd\u00fcr\u00fcyor. Kidsnook Masal Akademisinin kurucusu, \u00f6\u011fretmen, \u00f6\u011fretmen adaylar\u0131 ve ebeveynlere y\u00f6nelik &#8216;\u00c7ocukla \u0130leti\u015fimde Hikaye Anlat\u0131c\u0131l\u0131\u011f\u0131&#8217; seminerleri ve e\u011fitimleri veren Ay\u015feg\u00fcl Dede, ilk kurgu kitab\u0131yla \u00e7ocuklara sesleniyor. Duvar\u0131n Arkas\u0131nda Ne Var?, pandemide soka\u011fa \u00e7\u0131kma yasa\u011f\u0131n\u0131n evde d\u00f6rt duvar aras\u0131nda ge\u00e7iren, sa\u011fl\u0131k sebebiyle hastanede kalan ve cezaevi duvarlar\u0131 arkas\u0131nda b\u00fcy\u00fcyen t\u00fcm \u00e7ocuklar i\u00e7in yaz\u0131ld\u0131.<\/p>\n","protected":false},"excerpt":{"rendered":"<p>Duvar\u0131n Arkas\u0131nda Ne Var, bah\u00e7esindeki duvar\u0131n arkas\u0131nda ne oldu\u011funu merak eden bir \u00e7ocu\u011fun hikayesi&#8230; Duvar\u0131n arkas\u0131n\u0131 merak eden \u00e7ocuk, her \u00e7ocuk gibi hayal g\u00fcc\u00fcn\u00fc devreye sokuyor<span class=\"excerpt-hellip\"> [\u2026]<\/span><\/p>\n","protected":false},"featured_media":0,"template":"","meta":{"_monsterinsights_skip_tracking":false,"_monsterinsights_sitenote_active":false,"_monsterinsights_sitenote_note":"","_monsterinsights_sitenote_category":0},"product_brand":[],"product_cat":[12274,12631],"product_tag":[],"class_list":{"0":"post-727085","1":"product","2":"type-product","3":"status-publish","5":"product_cat-cocuk-ve-genclik-kitaplari","6":"product_cat-diger-cocuk-ve-genclik-kitaplari","7":"pa_cilt-ciltsiz","8":"pa_tur-kitap","9":"pa_yayinevi-timas-cocuk","10":"pa_yazar-aysegul-dede","12":"first","13":"instock","14":"sale","15":"shipping-taxable","16":"purchasable","17":"product-type-simple"},"_links":{"self":[{"href":"https:\/\/roveyayinevi.com.tr\/index.php\/wp-json\/wp\/v2\/product\/727085","targetHints":{"allow":["GET"]}}],"collection":[{"href":"https:\/\/roveyayinevi.com.tr\/index.php\/wp-json\/wp\/v2\/product"}],"about":[{"href":"https:\/\/roveyayinevi.com.tr\/index.php\/wp-json\/wp\/v2\/types\/product"}],"wp:attachment":[{"href":"https:\/\/roveyayinevi.com.tr\/index.php\/wp-json\/wp\/v2\/media?parent=727085"}],"wp:term":[{"taxonomy":"product_brand","embeddable":true,"href":"https:\/\/roveyayinevi.com.tr\/index.php\/wp-json\/wp\/v2\/product_brand?post=727085"},{"taxonomy":"product_cat","embeddable":true,"href":"https:\/\/roveyayinevi.com.tr\/index.php\/wp-json\/wp\/v2\/product_cat?post=727085"},{"taxonomy":"product_tag","embeddable":true,"href":"https:\/\/roveyayinevi.com.tr\/index.php\/wp-json\/wp\/v2\/product_tag?post=727085"}],"curies":[{"name":"wp","href":"https:\/\/api.w.org\/{rel}","templated":true}]}}