{"id":727084,"date":"2025-08-27T20:16:53","date_gmt":"2025-08-27T17:16:53","guid":{"rendered":"https:\/\/roveyayinevi.com.tr\/index.php\/urun\/gizemli-yeralti-kutuphanesi-1-yapiskan-gorev\/"},"modified":"2025-10-15T23:09:49","modified_gmt":"2025-10-15T20:09:49","slug":"gizemli-yeralti-kutuphanesi-1-yapiskan-gorev","status":"publish","type":"product","link":"https:\/\/roveyayinevi.com.tr\/index.php\/urun\/gizemli-yeralti-kutuphanesi-1-yapiskan-gorev\/","title":{"rendered":"Gizemli Yeralt\u0131 K\u00fct\u00fcphanesi 1 &#8211; Yap\u0131\u015fkan G\u00f6rev"},"content":{"rendered":"<p>Gizemli Yeralt\u0131 K\u00fct\u00fcphanesi serisinin ilki olan bu b\u00fcy\u00fcleyici hikaye, bir \u00e7ocuk kitab\u0131nda isteyebilece\u011finiz her \u015feyi i\u00e7eriyor. \u00c7\u00f6z\u00fclmesi gereken bir h\u0131rs\u0131zl\u0131k su\u00e7u, zeki, hayalperest ve cesur bir k\u0131z kahraman, sad\u0131k bir evcil hayvan, kod k\u0131rma, bulmacalar, sihir, mizah ve en \u00f6nemlisi kitaplar. Modern bir dokunu\u015fla geleneksel bir his uyand\u0131ran \u00e7izimler hikayeyi zenginle\u015ftiriyor. Ba\u015f karakterin kitap okuma sevgisi, kendine meydan okuma arzusu, mant\u0131k temelli bulmacalardan ald\u0131\u011f\u0131 keyif okurlarda da merak uyand\u0131racak. Kaderinin ba\u015fka insanlar taraf\u0131ndan belirlenmesine izin vermeyen bir k\u0131z karakter okurlara cesaret veriyor. Gizemleri \u00e7\u00f6zmeyi seven gen\u00e7 okurlar\u0131n ellerinden b\u0131rakamayacaklar\u0131 bir seri.<\/p>\n","protected":false},"excerpt":{"rendered":"<p>Gizemli Yeralt\u0131 K\u00fct\u00fcphanesi serisinin ilki olan bu b\u00fcy\u00fcleyici hikaye, bir \u00e7ocuk kitab\u0131nda isteyebilece\u011finiz her \u015feyi i\u00e7eriyor. \u00c7\u00f6z\u00fclmesi gereken bir h\u0131rs\u0131zl\u0131k su\u00e7u, zeki, hayalperest ve cesur bir<span class=\"excerpt-hellip\"> [\u2026]<\/span><\/p>\n","protected":false},"featured_media":0,"template":"","meta":{"_monsterinsights_skip_tracking":false,"_monsterinsights_sitenote_active":false,"_monsterinsights_sitenote_note":"","_monsterinsights_sitenote_category":0},"product_brand":[],"product_cat":[12274,12631],"product_tag":[],"class_list":{"0":"post-727084","1":"product","2":"type-product","3":"status-publish","5":"product_cat-cocuk-ve-genclik-kitaplari","6":"product_cat-diger-cocuk-ve-genclik-kitaplari","7":"pa_cilt-ciltsiz","8":"pa_tur-kitap","9":"pa_yayinevi-genc-timas","10":"pa_yazar-abie-longstaff","12":"first","13":"instock","14":"sale","15":"shipping-taxable","16":"purchasable","17":"product-type-simple"},"_links":{"self":[{"href":"https:\/\/roveyayinevi.com.tr\/index.php\/wp-json\/wp\/v2\/product\/727084","targetHints":{"allow":["GET"]}}],"collection":[{"href":"https:\/\/roveyayinevi.com.tr\/index.php\/wp-json\/wp\/v2\/product"}],"about":[{"href":"https:\/\/roveyayinevi.com.tr\/index.php\/wp-json\/wp\/v2\/types\/product"}],"wp:attachment":[{"href":"https:\/\/roveyayinevi.com.tr\/index.php\/wp-json\/wp\/v2\/media?parent=727084"}],"wp:term":[{"taxonomy":"product_brand","embeddable":true,"href":"https:\/\/roveyayinevi.com.tr\/index.php\/wp-json\/wp\/v2\/product_brand?post=727084"},{"taxonomy":"product_cat","embeddable":true,"href":"https:\/\/roveyayinevi.com.tr\/index.php\/wp-json\/wp\/v2\/product_cat?post=727084"},{"taxonomy":"product_tag","embeddable":true,"href":"https:\/\/roveyayinevi.com.tr\/index.php\/wp-json\/wp\/v2\/product_tag?post=727084"}],"curies":[{"name":"wp","href":"https:\/\/api.w.org\/{rel}","templated":true}]}}