{"id":727080,"date":"2025-08-27T20:16:49","date_gmt":"2025-08-27T17:16:49","guid":{"rendered":"https:\/\/roveyayinevi.com.tr\/index.php\/urun\/orta-turkce-sozluk-11-16-yuzyillar\/"},"modified":"2026-04-16T02:34:52","modified_gmt":"2026-04-15T23:34:52","slug":"orta-turkce-sozluk-11-16-yuzyillar","status":"publish","type":"product","link":"https:\/\/roveyayinevi.com.tr\/index.php\/urun\/orta-turkce-sozluk-11-16-yuzyillar\/","title":{"rendered":"Orta T\u00fcrk\u00e7e S\u00f6zl\u00fck 11-16. Y\u00fczy\u0131llar"},"content":{"rendered":"<p>Orta T\u00fcrk\u00e7e D\u00f6nemi, Eski T\u00fcrk\u00e7eyle yeni T\u00fcrk\u00e7eyi birbirine ba\u011flayan ge\u00e7i\u015f d\u00f6nemidir. Bu \u00f6zelli\u011fiyle di\u011fer d\u00f6nemler aras\u0131nda bir nevi k\u00f6pr\u00fc konumundad\u0131r. Orta T\u00fcrk\u00e7e D\u00f6nemi\u2019nden g\u00fcn\u00fcm\u00fcze bir\u00e7ok eser gelmi\u015ftir. Bu d\u00f6nemin incelenmesi, gerek T\u00fcrk tarihinin gerekse T\u00fcrk\u00e7ede yo\u011fun bir \u015fekilde kullan\u0131lan saf T\u00fcrk\u00e7e kelimelerin bilinmesi a\u00e7\u0131s\u0131ndan \u00f6nemlidir. Yap\u0131lan bu \u00e7al\u0131\u015fmayla, bu d\u00f6nemde yaz\u0131lm\u0131\u015f ve gerek kendi d\u00f6neminde gerekse g\u00fcn\u00fcm\u00fczde kaynak de\u011ferinde olan bir\u00e7ok s\u00f6zl\u00fck ve kitap incelenmek suretiyle Orta T\u00fcrk\u00e7e D\u00f6nemi\u2019ndeki kelime varl\u0131\u011f\u0131 bir b\u00fct\u00fcn h\u00e2linde ortaya konmaya \u00e7al\u0131\u015f\u0131lm\u0131\u015ft\u0131r. Orta T\u00fcrk\u00e7e D\u00f6nemi dilin kelime ve kavramsal a\u00e7\u0131dan zenginle\u015fti\u011fi d\u00f6nemdir. Eski T\u00fcrk\u00e7e D\u00f6nemi\u2019ndeki kelime hazinemiz Orta \u00c7a\u011f\u2019a girdi\u011fimizde neredeyse ikiye katlanm\u0131\u015ft\u0131r. Tertip edilen bu s\u00f6zl\u00fckte s\u00f6z, terim ve kavramlardan olu\u015fan yakla\u015f\u0131k 26.000 madde ba\u015f\u0131 ve 1.720 civar\u0131nda da madde i\u00e7i kelime yer almaktad\u0131r.<\/p>\n","protected":false},"excerpt":{"rendered":"<p>Orta T\u00fcrk\u00e7e D\u00f6nemi, Eski T\u00fcrk\u00e7eyle yeni T\u00fcrk\u00e7eyi birbirine ba\u011flayan ge\u00e7i\u015f d\u00f6nemidir. Bu \u00f6zelli\u011fiyle di\u011fer d\u00f6nemler aras\u0131nda bir nevi k\u00f6pr\u00fc konumundad\u0131r. Orta T\u00fcrk\u00e7e D\u00f6nemi\u2019nden g\u00fcn\u00fcm\u00fcze bir\u00e7ok eser<span class=\"excerpt-hellip\"> [\u2026]<\/span><\/p>\n","protected":false},"featured_media":0,"template":"","meta":{"_monsterinsights_skip_tracking":false,"_monsterinsights_sitenote_active":false,"_monsterinsights_sitenote_note":"","_monsterinsights_sitenote_category":0},"product_brand":[],"product_cat":[20225,12291],"product_tag":[],"class_list":{"0":"post-727080","1":"product","2":"type-product","3":"status-publish","5":"product_cat-dil-bilim","6":"product_cat-edebiyat","7":"pa_cilt-ciltsiz","8":"pa_tur-kitap","9":"pa_yayinevi-otuken-nesriyat","10":"pa_yazar-fuzuli-bayat","12":"first","13":"instock","14":"sale","15":"shipping-taxable","16":"purchasable","17":"product-type-simple"},"_links":{"self":[{"href":"https:\/\/roveyayinevi.com.tr\/index.php\/wp-json\/wp\/v2\/product\/727080","targetHints":{"allow":["GET"]}}],"collection":[{"href":"https:\/\/roveyayinevi.com.tr\/index.php\/wp-json\/wp\/v2\/product"}],"about":[{"href":"https:\/\/roveyayinevi.com.tr\/index.php\/wp-json\/wp\/v2\/types\/product"}],"wp:attachment":[{"href":"https:\/\/roveyayinevi.com.tr\/index.php\/wp-json\/wp\/v2\/media?parent=727080"}],"wp:term":[{"taxonomy":"product_brand","embeddable":true,"href":"https:\/\/roveyayinevi.com.tr\/index.php\/wp-json\/wp\/v2\/product_brand?post=727080"},{"taxonomy":"product_cat","embeddable":true,"href":"https:\/\/roveyayinevi.com.tr\/index.php\/wp-json\/wp\/v2\/product_cat?post=727080"},{"taxonomy":"product_tag","embeddable":true,"href":"https:\/\/roveyayinevi.com.tr\/index.php\/wp-json\/wp\/v2\/product_tag?post=727080"}],"curies":[{"name":"wp","href":"https:\/\/api.w.org\/{rel}","templated":true}]}}