{"id":727078,"date":"2025-08-27T20:16:48","date_gmt":"2025-08-27T17:16:48","guid":{"rendered":"https:\/\/roveyayinevi.com.tr\/index.php\/urun\/anadolu-efsaneleri-3\/"},"modified":"2026-04-16T02:34:52","modified_gmt":"2026-04-15T23:34:52","slug":"anadolu-efsaneleri-3","status":"publish","type":"product","link":"https:\/\/roveyayinevi.com.tr\/index.php\/urun\/anadolu-efsaneleri-3\/","title":{"rendered":"Anadolu Efsaneleri"},"content":{"rendered":"<p>Her Sehrin Bir Efsanesi Var\u015eehirler de insanlar gibi\u2026 Her birinin hat\u0131r\u0131, hat\u0131ralar\u0131 ve efsaneleri var. \u00c7o\u011fu zaman unutulmu\u015f, sadece birka\u00e7 ya\u015fl\u0131 zihinde kalm\u0131\u015f ve kimse sormaz, dinlemezse yok olacak efsaneler bunlar. Ve \u00fczerinde ya\u015fad\u0131\u011f\u0131m\u0131z topra\u011f\u0131n efsanesini bilmezsek toprak bize k\u00fcsecek.Anadolu; d\u00f6rt buca\u011f\u0131nda hat\u0131ralar\u0131n var oldu\u011fu, u\u011fruna devletlerin kuruldu\u011fu, canlar\u0131n verildi\u011fi ve destanlar\u0131n yaz\u0131ld\u0131\u011f\u0131 bir diyar. \u00c7ok eski zamanlardan beri d\u00fcnyan\u0131n her bir yan\u0131ndan \u00e7\u0131k\u0131p da buralara gelen insanlar\u0131n biriktirdi\u011fi efsaneleri var.Bu kitap i\u015fte size \u201cAnadolu\u201d denen bu topraklar\u0131n hat\u0131ralar\u0131n\u0131 anlat\u0131yor, \u015fehir \u015fehir gezdirerek bir eski zaman ser\u00fcvenine \u00e7\u0131kar\u0131yor esas\u0131nda.<\/p>\n","protected":false},"excerpt":{"rendered":"<p>Her Sehrin Bir Efsanesi Var\u015eehirler de insanlar gibi\u2026 Her birinin hat\u0131r\u0131, hat\u0131ralar\u0131 ve efsaneleri var. \u00c7o\u011fu zaman unutulmu\u015f, sadece birka\u00e7 ya\u015fl\u0131 zihinde kalm\u0131\u015f ve kimse sormaz,<span class=\"excerpt-hellip\"> [\u2026]<\/span><\/p>\n","protected":false},"featured_media":0,"template":"","meta":{"_monsterinsights_skip_tracking":false,"_monsterinsights_sitenote_active":false,"_monsterinsights_sitenote_note":"","_monsterinsights_sitenote_category":0},"product_brand":[],"product_cat":[12291,13706],"product_tag":[],"class_list":{"0":"post-727078","1":"product","2":"type-product","3":"status-publish","5":"product_cat-edebiyat","6":"product_cat-efsane-destan-masal","7":"pa_cilt-ciltsiz","8":"pa_tur-kitap","9":"pa_yayinevi-nesil-yayinlari","10":"pa_yazar-sevtap-yazar","12":"first","13":"instock","14":"sale","15":"shipping-taxable","16":"purchasable","17":"product-type-simple"},"_links":{"self":[{"href":"https:\/\/roveyayinevi.com.tr\/index.php\/wp-json\/wp\/v2\/product\/727078","targetHints":{"allow":["GET"]}}],"collection":[{"href":"https:\/\/roveyayinevi.com.tr\/index.php\/wp-json\/wp\/v2\/product"}],"about":[{"href":"https:\/\/roveyayinevi.com.tr\/index.php\/wp-json\/wp\/v2\/types\/product"}],"wp:attachment":[{"href":"https:\/\/roveyayinevi.com.tr\/index.php\/wp-json\/wp\/v2\/media?parent=727078"}],"wp:term":[{"taxonomy":"product_brand","embeddable":true,"href":"https:\/\/roveyayinevi.com.tr\/index.php\/wp-json\/wp\/v2\/product_brand?post=727078"},{"taxonomy":"product_cat","embeddable":true,"href":"https:\/\/roveyayinevi.com.tr\/index.php\/wp-json\/wp\/v2\/product_cat?post=727078"},{"taxonomy":"product_tag","embeddable":true,"href":"https:\/\/roveyayinevi.com.tr\/index.php\/wp-json\/wp\/v2\/product_tag?post=727078"}],"curies":[{"name":"wp","href":"https:\/\/api.w.org\/{rel}","templated":true}]}}