{"id":727076,"date":"2025-08-27T20:16:46","date_gmt":"2025-08-27T17:16:46","guid":{"rendered":"https:\/\/roveyayinevi.com.tr\/index.php\/urun\/peygamberimizin-cevresindeki-hanimlar\/"},"modified":"2026-04-16T02:34:52","modified_gmt":"2026-04-15T23:34:52","slug":"peygamberimizin-cevresindeki-hanimlar","status":"publish","type":"product","link":"https:\/\/roveyayinevi.com.tr\/index.php\/urun\/peygamberimizin-cevresindeki-hanimlar\/","title":{"rendered":"Peygamberimizin \u00c7evresindeki Han\u0131mlar"},"content":{"rendered":"<p>Peygamberimizin \u00c7evresindeki Han\u0131mlar&#8217;, Allah&#8217;\u0131n Son El\u00e7isi olan Efendimizin \u00e7evresinde, islam&#8217;a hizmette bulunmu\u015f ve as\u0131lar boyu yeni nesillere \u00f6rneklik olu\u015fturmu\u015f belli ba\u015fl\u0131 han\u0131m sahabilerin hayatlar\u0131na dair anekdotlar i\u00e7ermektedir. Hayatlar\u0131n\u0131n hemen hemen en \u00e7arp\u0131c\u0131 yanlar\u0131 yans\u0131t\u0131lan bu han\u0131mlar\u0131, &#8220;destanla\u015fan han\u0131mla?, &#8220;efsanele\u015fmi\u015f kad\u0131nlar&#8221; gibi ifadelerle zarif etmek imkans\u0131z. Bu ve benzeri ifadeler onlar\u0131n islami ya\u015famlar\u0131, dini hayat\u0131 alg\u0131lay\u0131\u015f bi\u00e7imleri, sosyok\u00fclt\u00fcrel ya\u015fama entelekt\u00fcel yakla\u015f\u0131mlar\u0131 ve inisiyatif al\u0131\u015flar\u0131 kar\u015f\u0131s\u0131nda \u00e7ok yeteriz ve bir hayli y\u00fczeysel kal\u0131r.<\/p>\n","protected":false},"excerpt":{"rendered":"<p>Peygamberimizin \u00c7evresindeki Han\u0131mlar&#8217;, Allah&#8217;\u0131n Son El\u00e7isi olan Efendimizin \u00e7evresinde, islam&#8217;a hizmette bulunmu\u015f ve as\u0131lar boyu yeni nesillere \u00f6rneklik olu\u015fturmu\u015f belli ba\u015fl\u0131 han\u0131m sahabilerin hayatlar\u0131na dair anekdotlar<span class=\"excerpt-hellip\"> [\u2026]<\/span><\/p>\n","protected":false},"featured_media":0,"template":"","meta":{"_monsterinsights_skip_tracking":false,"_monsterinsights_sitenote_active":false,"_monsterinsights_sitenote_note":"","_monsterinsights_sitenote_category":0},"product_brand":[],"product_cat":[12718,12719,12720],"product_tag":[],"class_list":{"0":"post-727076","1":"product","2":"type-product","3":"status-publish","5":"product_cat-din","6":"product_cat-islam","7":"product_cat-tasavvuf-mezhepler-tarikatlar","8":"pa_cilt-ciltsiz","9":"pa_tur-kitap","10":"pa_yayinevi-sufi-kitap","11":"pa_yazar-dominique-abdullah-penot","13":"first","14":"instock","15":"sale","16":"shipping-taxable","17":"purchasable","18":"product-type-simple"},"_links":{"self":[{"href":"https:\/\/roveyayinevi.com.tr\/index.php\/wp-json\/wp\/v2\/product\/727076","targetHints":{"allow":["GET"]}}],"collection":[{"href":"https:\/\/roveyayinevi.com.tr\/index.php\/wp-json\/wp\/v2\/product"}],"about":[{"href":"https:\/\/roveyayinevi.com.tr\/index.php\/wp-json\/wp\/v2\/types\/product"}],"wp:attachment":[{"href":"https:\/\/roveyayinevi.com.tr\/index.php\/wp-json\/wp\/v2\/media?parent=727076"}],"wp:term":[{"taxonomy":"product_brand","embeddable":true,"href":"https:\/\/roveyayinevi.com.tr\/index.php\/wp-json\/wp\/v2\/product_brand?post=727076"},{"taxonomy":"product_cat","embeddable":true,"href":"https:\/\/roveyayinevi.com.tr\/index.php\/wp-json\/wp\/v2\/product_cat?post=727076"},{"taxonomy":"product_tag","embeddable":true,"href":"https:\/\/roveyayinevi.com.tr\/index.php\/wp-json\/wp\/v2\/product_tag?post=727076"}],"curies":[{"name":"wp","href":"https:\/\/api.w.org\/{rel}","templated":true}]}}