{"id":727075,"date":"2025-08-27T20:16:46","date_gmt":"2025-08-27T17:16:46","guid":{"rendered":"https:\/\/roveyayinevi.com.tr\/index.php\/urun\/ahyar-ve-ebrarin-yolu-tasavvuf\/"},"modified":"2026-04-16T02:34:52","modified_gmt":"2026-04-15T23:34:52","slug":"ahyar-ve-ebrarin-yolu-tasavvuf","status":"publish","type":"product","link":"https:\/\/roveyayinevi.com.tr\/index.php\/urun\/ahyar-ve-ebrarin-yolu-tasavvuf\/","title":{"rendered":"Ahyar ve Ebrar\u0131n Yolu: Tasavvuf"},"content":{"rendered":"<p>Osmanl\u0131n\u0131n son d\u00f6nemlerinde Kuzey Irak&#8217;ta ya\u015fam\u0131\u015f olan Bah\u00e2uddin T\u00e2h\u00e2 b. Abdurrahman el-\u0130m\u00e2di taraf\u0131ndan kaleme al\u0131nm\u0131\u015f olan ve orijinal ad\u0131yla k\u0131saca Minhac olarak bilinen Ahyar ve Ebr\u00e2r\u0131n Yolu Tasavvuf, bir \u015fekilde kurtularak g\u00fcn\u00fcm\u00fcze ula\u015fm\u0131\u015f olan ve tek n\u00fcshas\u0131 bulunan nadir yazma eserlerden biridir. Eser, Hakk\u00e2ri&#8217;nin Da\u011fg\u00f6l Mahallesi \u015eeref A\u011fa Cami&#8217;nde bir dolap i\u00e7erisinde bulunan Arap\u00e7a kitaplarlar\u0131n dikkat \u00e7ekmesiyle ke\u015ffedilmi\u015f bir el yazmas\u0131d\u0131r. Ayn\u0131 zamanda, Do\u011fu Anadolu B\u00f6lgesi&#8217;nde pek \u00e7ok ir\u015fad faaliyetinde bulunan Nak\u015fibendiyye&#8217;nin H\u00e2lidiyye tekke ve zaviyeleri T\u00fcrk d\u00fc\u015f\u00fcnce ve k\u00fclt\u00fcr hayat\u0131nda \u00f6nemli yeri olan bir\u00e7ok m\u00fcnevveri de yeti\u015ftirmi\u015ftir.<\/p>\n","protected":false},"excerpt":{"rendered":"<p>Osmanl\u0131n\u0131n son d\u00f6nemlerinde Kuzey Irak&#8217;ta ya\u015fam\u0131\u015f olan Bah\u00e2uddin T\u00e2h\u00e2 b. Abdurrahman el-\u0130m\u00e2di taraf\u0131ndan kaleme al\u0131nm\u0131\u015f olan ve orijinal ad\u0131yla k\u0131saca Minhac olarak bilinen Ahyar ve Ebr\u00e2r\u0131n<span class=\"excerpt-hellip\"> [\u2026]<\/span><\/p>\n","protected":false},"featured_media":0,"template":"","meta":{"_monsterinsights_skip_tracking":false,"_monsterinsights_sitenote_active":false,"_monsterinsights_sitenote_note":"","_monsterinsights_sitenote_category":0},"product_brand":[],"product_cat":[12718,12719,12720],"product_tag":[],"class_list":{"0":"post-727075","1":"product","2":"type-product","3":"status-publish","5":"product_cat-din","6":"product_cat-islam","7":"product_cat-tasavvuf-mezhepler-tarikatlar","8":"pa_cilt-ciltsiz","9":"pa_tur-kitap","10":"pa_yayinevi-sufi-kitap","11":"pa_yazar-seyh-bahauddin-taha-el-imadi-en-naksibendi","13":"first","14":"instock","15":"sale","16":"shipping-taxable","17":"purchasable","18":"product-type-simple"},"_links":{"self":[{"href":"https:\/\/roveyayinevi.com.tr\/index.php\/wp-json\/wp\/v2\/product\/727075","targetHints":{"allow":["GET"]}}],"collection":[{"href":"https:\/\/roveyayinevi.com.tr\/index.php\/wp-json\/wp\/v2\/product"}],"about":[{"href":"https:\/\/roveyayinevi.com.tr\/index.php\/wp-json\/wp\/v2\/types\/product"}],"wp:attachment":[{"href":"https:\/\/roveyayinevi.com.tr\/index.php\/wp-json\/wp\/v2\/media?parent=727075"}],"wp:term":[{"taxonomy":"product_brand","embeddable":true,"href":"https:\/\/roveyayinevi.com.tr\/index.php\/wp-json\/wp\/v2\/product_brand?post=727075"},{"taxonomy":"product_cat","embeddable":true,"href":"https:\/\/roveyayinevi.com.tr\/index.php\/wp-json\/wp\/v2\/product_cat?post=727075"},{"taxonomy":"product_tag","embeddable":true,"href":"https:\/\/roveyayinevi.com.tr\/index.php\/wp-json\/wp\/v2\/product_tag?post=727075"}],"curies":[{"name":"wp","href":"https:\/\/api.w.org\/{rel}","templated":true}]}}