{"id":727073,"date":"2025-08-27T20:16:44","date_gmt":"2025-08-27T17:16:44","guid":{"rendered":"https:\/\/roveyayinevi.com.tr\/index.php\/urun\/kitaplari-kurtaran-kedi\/"},"modified":"2026-02-28T02:51:14","modified_gmt":"2026-02-27T23:51:14","slug":"kitaplari-kurtaran-kedi","status":"publish","type":"product","link":"https:\/\/roveyayinevi.com.tr\/index.php\/urun\/kitaplari-kurtaran-kedi\/","title":{"rendered":"Kitaplar\u0131 Kurtaran Kedi"},"content":{"rendered":"<p>Kitaplar\u0131n y\u00fcre\u011fi vard\u0131r,\u201d dedi kedi birden. \u201cKitaplar olduklar\u0131 yerde kald\u0131\u011f\u0131 s\u00fcrece, yaln\u0131zca k\u00e2\u011f\u0131t tomar\u0131ndan \u00f6teye ge\u00e7mez. Muazzam g\u00fc\u00e7 harcanan \u015faheserler bile, muhte\u015fem \u00f6yk\u00fclerin anlat\u0131ld\u0131\u011f\u0131 b\u00fcy\u00fck eserler bile, kapaklar\u0131 a\u00e7\u0131lmad\u0131\u011f\u0131 s\u00fcrece k\u00e2\u011f\u0131t par\u00e7alar\u0131ndan ibarettir. Fakat insanlar\u0131n duygular\u0131n\u0131 d\u00f6kt\u00fckleri, de\u011fer verdikleri kitaplar, y\u00fcrek bar\u0131nd\u0131r\u0131r.\u201d S\u0131radan bir lise \u00f6\u011frencisi olan Rintaro Natsuki, birlikte ya\u015fad\u0131\u011f\u0131 ve \u015fehrin k\u0131y\u0131s\u0131nda k\u00fc\u00e7\u00fck bir kitabevinin sahibi olan dedesinin \u00f6l\u00fcm\u00fcnden sonra bir ba\u015f\u0131na kal\u0131r. Natsuki Kitabevi\u2019nin tavana kadar t\u0131ka basa kitap dolu raflar\u0131n\u0131n aras\u0131nda mutsuz ve umutsuz ge\u00e7irirken g\u00fcnlerini, nereden geldi\u011fi bilinmeyen konu\u015fan bir kedi \u00e7\u0131kar ortaya ve her \u015fey birdenbire de\u011fi\u015fmeye ba\u015flar&#8230;Kitabevinin koridorlar\u0131 aras\u0131nda ortaya \u00e7\u0131kan ger\u00e7ek\u00fcst\u00fc labirentlere girerek, birbirinden fantastik maceralar ya\u015farlar. Tutsak kitaplar\u0131n kaderi, Rintaro ve bu acayip kedinin elindedir art\u0131k&#8230; Kitaplar\u0131 Kurtaran Kedi Japonya\u2019n\u0131n \u00e7ok satan yazarlar\u0131ndan Sosuke Natsukawa\u2019n\u0131n kaleminden, kitaplar\u0131n da bir y\u00fcre\u011fi oldu\u011funu ve ba\u015fkalar\u0131n\u0131 d\u00fc\u015f\u00fcnen bir y\u00fcre\u011fin g\u00fcc\u00fcyle insanlar\u0131n mutlu bir hayata g\u00fcl\u00fcmseyebileceklerini bizlere hat\u0131rlatan bir roman. <\/p>\n","protected":false},"excerpt":{"rendered":"<p>Kitaplar\u0131n y\u00fcre\u011fi vard\u0131r,\u201d dedi kedi birden. \u201cKitaplar olduklar\u0131 yerde kald\u0131\u011f\u0131 s\u00fcrece, yaln\u0131zca k\u00e2\u011f\u0131t tomar\u0131ndan \u00f6teye ge\u00e7mez. Muazzam g\u00fc\u00e7 harcanan \u015faheserler bile, muhte\u015fem \u00f6yk\u00fclerin anlat\u0131ld\u0131\u011f\u0131 b\u00fcy\u00fck eserler<span class=\"excerpt-hellip\"> [\u2026]<\/span><\/p>\n","protected":false},"featured_media":0,"template":"","meta":{"_monsterinsights_skip_tracking":false,"_monsterinsights_sitenote_active":false,"_monsterinsights_sitenote_note":"","_monsterinsights_sitenote_category":0},"product_brand":[],"product_cat":[12291,12711],"product_tag":[],"class_list":{"0":"post-727073","1":"product","2":"type-product","3":"status-publish","5":"product_cat-edebiyat","6":"product_cat-roman-oyku","7":"pa_cilt-ciltsiz","8":"pa_tur-kitap","9":"pa_yayinevi-turkuvaz-kitap","10":"pa_yazar-sosuke-natsukawa","12":"first","13":"instock","14":"sale","15":"shipping-taxable","16":"purchasable","17":"product-type-simple"},"_links":{"self":[{"href":"https:\/\/roveyayinevi.com.tr\/index.php\/wp-json\/wp\/v2\/product\/727073","targetHints":{"allow":["GET"]}}],"collection":[{"href":"https:\/\/roveyayinevi.com.tr\/index.php\/wp-json\/wp\/v2\/product"}],"about":[{"href":"https:\/\/roveyayinevi.com.tr\/index.php\/wp-json\/wp\/v2\/types\/product"}],"wp:attachment":[{"href":"https:\/\/roveyayinevi.com.tr\/index.php\/wp-json\/wp\/v2\/media?parent=727073"}],"wp:term":[{"taxonomy":"product_brand","embeddable":true,"href":"https:\/\/roveyayinevi.com.tr\/index.php\/wp-json\/wp\/v2\/product_brand?post=727073"},{"taxonomy":"product_cat","embeddable":true,"href":"https:\/\/roveyayinevi.com.tr\/index.php\/wp-json\/wp\/v2\/product_cat?post=727073"},{"taxonomy":"product_tag","embeddable":true,"href":"https:\/\/roveyayinevi.com.tr\/index.php\/wp-json\/wp\/v2\/product_tag?post=727073"}],"curies":[{"name":"wp","href":"https:\/\/api.w.org\/{rel}","templated":true}]}}