{"id":727071,"date":"2025-08-27T20:16:43","date_gmt":"2025-08-27T17:16:43","guid":{"rendered":"https:\/\/roveyayinevi.com.tr\/index.php\/urun\/fe-tonun-uvey-cocuklari\/"},"modified":"2026-04-16T02:34:52","modified_gmt":"2026-04-15T23:34:52","slug":"fe-tonun-uvey-cocuklari","status":"publish","type":"product","link":"https:\/\/roveyayinevi.com.tr\/index.php\/urun\/fe-tonun-uvey-cocuklari\/","title":{"rendered":"Fe.t\u00f6&#8217;n\u00fcn \u00dcvey \u00c7ocuklar\u0131"},"content":{"rendered":"<p>Hi\u00e7 bir siyasi partinin k\u00f6lesi olmad\u0131m,\u00e7\u00fcnk\u00fc tabiri caiz se ALLAH\u2019 \u0131n partisinden oldum. Ben ALLAH c\u0131 oldum. Onlar Fe*tullah c\u0131 oldular. Kald\u0131rd\u0131lar ALLAH kelam\u0131n\u0131. Koydular Fe*tullah\u0131. ALLAH s\u0131z oldular!!&#8230; Do\u011frular siyasetten ge\u00e7mez, bilimden ge\u00e7er. Bo\u015f insanlar hayat\u0131 siyasi partilerin a\u011fz\u0131ndan almaya kalkarak daima \u00e7uvallarlar, \u00e7\u00fcnk\u00fc hi\u00e7bir siyasi parti d\u00fcn s\u00f6yledi\u011fine bug\u00fcn bu g\u00fcn sahip \u00e7\u0131kmayacakt\u0131r&#8230; Siyaset ,insanlar\u0131n\u201d DEMOKRAT\u0130K\u201d yoldan k\u00f6lele\u015ftirme sanat\u0131d\u0131r. Bu g\u00fczel VATAN\u2019 \u0131m\u0131z da ATAT\u00dcRK sevenleri s\u00f6zde ATAT\u00dcRK \u00e7\u00fc partiyi \u0130\u011eFAL ettirdiler&#8230; Dindarlar\u0131 dinci partilerle \u0130\u011eFAL ettiler, dinci holdinglere soydurdular ,\u0131rz\u0131na ge\u00e7tiler&#8230; Milliyet\u00e7ileri s\u00f6zde milliyet\u00e7i partilerle \u0130\u011eFAL ettiler&#8230; K\u00fcrtleri de k\u00fcrt\u00e7\u00fc partilerle \u0130\u011eFAL ediyorlar&#8230;Herkes kendi mal\u0131n\u0131 g\u00f6r\u00fcyor!!&#8230; <\/p>\n","protected":false},"excerpt":{"rendered":"<p>Hi\u00e7 bir siyasi partinin k\u00f6lesi olmad\u0131m,\u00e7\u00fcnk\u00fc tabiri caiz se ALLAH\u2019 \u0131n partisinden oldum. Ben ALLAH c\u0131 oldum. Onlar Fe*tullah c\u0131 oldular. Kald\u0131rd\u0131lar ALLAH kelam\u0131n\u0131. Koydular Fe*tullah\u0131.<span class=\"excerpt-hellip\"> [\u2026]<\/span><\/p>\n","protected":false},"featured_media":0,"template":"","meta":{"_monsterinsights_skip_tracking":false,"_monsterinsights_sitenote_active":false,"_monsterinsights_sitenote_note":"","_monsterinsights_sitenote_category":0},"product_brand":[],"product_cat":[12337,14543],"product_tag":[],"class_list":{"0":"post-727071","1":"product","2":"type-product","3":"status-publish","5":"product_cat-politika-siyaset","6":"product_cat-turkiye-siyaseti-ve-politikasi","7":"pa_cilt-ciltsiz","8":"pa_tur-kitap","9":"pa_yayinevi-nergiz-yayinlari","10":"pa_yazar-tevfik-diker","12":"first","13":"instock","14":"sale","15":"shipping-taxable","16":"purchasable","17":"product-type-simple"},"_links":{"self":[{"href":"https:\/\/roveyayinevi.com.tr\/index.php\/wp-json\/wp\/v2\/product\/727071","targetHints":{"allow":["GET"]}}],"collection":[{"href":"https:\/\/roveyayinevi.com.tr\/index.php\/wp-json\/wp\/v2\/product"}],"about":[{"href":"https:\/\/roveyayinevi.com.tr\/index.php\/wp-json\/wp\/v2\/types\/product"}],"wp:attachment":[{"href":"https:\/\/roveyayinevi.com.tr\/index.php\/wp-json\/wp\/v2\/media?parent=727071"}],"wp:term":[{"taxonomy":"product_brand","embeddable":true,"href":"https:\/\/roveyayinevi.com.tr\/index.php\/wp-json\/wp\/v2\/product_brand?post=727071"},{"taxonomy":"product_cat","embeddable":true,"href":"https:\/\/roveyayinevi.com.tr\/index.php\/wp-json\/wp\/v2\/product_cat?post=727071"},{"taxonomy":"product_tag","embeddable":true,"href":"https:\/\/roveyayinevi.com.tr\/index.php\/wp-json\/wp\/v2\/product_tag?post=727071"}],"curies":[{"name":"wp","href":"https:\/\/api.w.org\/{rel}","templated":true}]}}