{"id":727070,"date":"2025-08-27T20:16:42","date_gmt":"2025-08-27T17:16:42","guid":{"rendered":"https:\/\/roveyayinevi.com.tr\/index.php\/urun\/kurtubali-lubna-endulusun-buyuk-bilim-kadini-bilimin-onculeri\/"},"modified":"2026-04-16T02:34:52","modified_gmt":"2026-04-15T23:34:52","slug":"kurtubali-lubna-endulusun-buyuk-bilim-kadini-bilimin-onculeri","status":"publish","type":"product","link":"https:\/\/roveyayinevi.com.tr\/index.php\/urun\/kurtubali-lubna-endulusun-buyuk-bilim-kadini-bilimin-onculeri\/","title":{"rendered":"Kurtubal\u0131 L\u00fcbna &#8211; End\u00fcl\u00fcs\u2019\u00fcn B\u00fcy\u00fck Bilim Kad\u0131n\u0131 &#8211; Bilimin \u00d6nc\u00fcleri"},"content":{"rendered":"<p>K\u00f6y\u00fcnde \u00e7\u0131kan b\u00fcy\u00fck yang\u0131n\u0131n sonunda bir k\u00f6le t\u00fcccar\u0131 taraf\u0131ndan kurtar\u0131lan k\u00fc\u00e7\u00fck L\u00fcbna \u00e7ok merakl\u0131, zeki ve biraz da konu\u015fkan bir k\u0131zd\u0131r. Zek\u00e2s\u0131 ve merakl\u0131 tav\u0131rlar\u0131 onun di\u011fer b\u00fct\u00fcn k\u00f6lelerden ayr\u0131 muamele g\u00f6rmesini sa\u011flam\u0131\u015f, k\u00f6lelikle ba\u015flayan hayat yolculu\u011fu saray k\u00fct\u00fcphanecili\u011fine kadar uzanm\u0131\u015ft\u0131r.End\u00fcl\u00fcs Saray\u0131\u2019n\u0131n dahi ve nazik bilim kad\u0131n\u0131 Kurtubal\u0131 L\u00fcbna tan\u0131\u015fmak i\u00e7in sizleri bekliyor.<\/p>\n","protected":false},"excerpt":{"rendered":"<p>K\u00f6y\u00fcnde \u00e7\u0131kan b\u00fcy\u00fck yang\u0131n\u0131n sonunda bir k\u00f6le t\u00fcccar\u0131 taraf\u0131ndan kurtar\u0131lan k\u00fc\u00e7\u00fck L\u00fcbna \u00e7ok merakl\u0131, zeki ve biraz da konu\u015fkan bir k\u0131zd\u0131r. Zek\u00e2s\u0131 ve merakl\u0131 tav\u0131rlar\u0131 onun<span class=\"excerpt-hellip\"> [\u2026]<\/span><\/p>\n","protected":false},"featured_media":0,"template":"","meta":{"_monsterinsights_skip_tracking":false,"_monsterinsights_sitenote_active":false,"_monsterinsights_sitenote_note":"","_monsterinsights_sitenote_category":0},"product_brand":[],"product_cat":[13829,12274],"product_tag":[],"class_list":{"0":"post-727070","1":"product","2":"type-product","3":"status-publish","5":"product_cat-bilimsel-kitaplar","6":"product_cat-cocuk-ve-genclik-kitaplari","7":"pa_cilt-ciltsiz","8":"pa_tur-kitap","9":"pa_yayinevi-erdem-cocuk","10":"pa_yazar-elif-akardas","12":"first","13":"instock","14":"sale","15":"shipping-taxable","16":"purchasable","17":"product-type-simple"},"_links":{"self":[{"href":"https:\/\/roveyayinevi.com.tr\/index.php\/wp-json\/wp\/v2\/product\/727070","targetHints":{"allow":["GET"]}}],"collection":[{"href":"https:\/\/roveyayinevi.com.tr\/index.php\/wp-json\/wp\/v2\/product"}],"about":[{"href":"https:\/\/roveyayinevi.com.tr\/index.php\/wp-json\/wp\/v2\/types\/product"}],"wp:attachment":[{"href":"https:\/\/roveyayinevi.com.tr\/index.php\/wp-json\/wp\/v2\/media?parent=727070"}],"wp:term":[{"taxonomy":"product_brand","embeddable":true,"href":"https:\/\/roveyayinevi.com.tr\/index.php\/wp-json\/wp\/v2\/product_brand?post=727070"},{"taxonomy":"product_cat","embeddable":true,"href":"https:\/\/roveyayinevi.com.tr\/index.php\/wp-json\/wp\/v2\/product_cat?post=727070"},{"taxonomy":"product_tag","embeddable":true,"href":"https:\/\/roveyayinevi.com.tr\/index.php\/wp-json\/wp\/v2\/product_tag?post=727070"}],"curies":[{"name":"wp","href":"https:\/\/api.w.org\/{rel}","templated":true}]}}