{"id":727064,"date":"2025-08-27T20:16:38","date_gmt":"2025-08-27T17:16:38","guid":{"rendered":"https:\/\/roveyayinevi.com.tr\/index.php\/urun\/kisa-soguk-savas-tarihi\/"},"modified":"2026-04-16T02:34:52","modified_gmt":"2026-04-15T23:34:52","slug":"kisa-soguk-savas-tarihi","status":"publish","type":"product","link":"https:\/\/roveyayinevi.com.tr\/index.php\/urun\/kisa-soguk-savas-tarihi\/","title":{"rendered":"K\u0131sa So\u011fuk Sava\u015f Tarihi"},"content":{"rendered":"<p>* Yazar\u0131m\u0131z \u0130lkin Ba\u015far \u00d6zal, K\u0131sa I. D\u00fcnya Sava\u015f\u0131 Tarihi ve K\u0131sa Il. D\u00fcnya Sava\u015f\u0131 Tarihi kitaplar\u0131ndan sonra t\u00fcm d\u00fcnya tarihini ve d\u00fczenini de\u011fi\u015ftiren sava\u015flar silsilesinin son aya\u011f\u0131 olan So\u011fuk Sava\u015fla bu seriyi bitiriyor.\u00dclkemizde So\u011fuk Sava\u015f Tarihi ile ilgili yerli \u00e7al\u0131\u015fmalar bulunmamakla beraber \u00e7evrilen yabanc\u0131 kitaplar da salt kronolojik d\u00fczlemde ak\u0131yor. Bu \u00e7al\u0131\u015fma ise d\u00fcnya tarihinin en \u00f6nemli olaylar\u0131ndan biri olan bu sava\u015f\u0131, \u00f6ncesi ve sonras\u0131yla, t\u00fcm cepheleriyle derli toplu ve \u00e7ok ak\u0131c\u0131 bir \u00fcslupla aktaran en \u00f6nemli \u00e7al\u0131\u015fmalardan.Gen\u00e7lerin \u00e7ok\u00e7a oynad\u0131\u011f\u0131 ve T\u00fcrkiye&#8217;de Il. D\u00fcnya Sava\u015f\u0131&#8217;na olan ilginin artmas\u0131na sebep olan baz\u0131 oyunlar art\u0131k So\u011fuk Sava\u015f \u00fczerine konular\u0131n\u0131 devam ettirmeye ba\u015flad\u0131lar. Bu durum da yak\u0131nda So\u011fuk Sava\u015f Tarihi&#8217;ne olan ilginin yo\u011funla\u015faca\u011f\u0131n\u0131n g\u00f6stergesi.Yazar\u0131m\u0131z \u0130lkin Ba\u015far \u00d6zal bir\u00e7ok belgeselin metin yazarl\u0131\u011f\u0131 yan\u0131nda Robert Kolej ve Bah\u00e7e\u015fehir \u00dcniversitesi&#8217;nde tarih dersleri veren \u00e7ok pop\u00fcler bir hoca.<\/p>\n","protected":false},"excerpt":{"rendered":"<p>* Yazar\u0131m\u0131z \u0130lkin Ba\u015far \u00d6zal, K\u0131sa I. D\u00fcnya Sava\u015f\u0131 Tarihi ve K\u0131sa Il. D\u00fcnya Sava\u015f\u0131 Tarihi kitaplar\u0131ndan sonra t\u00fcm d\u00fcnya tarihini ve d\u00fczenini de\u011fi\u015ftiren sava\u015flar silsilesinin<span class=\"excerpt-hellip\"> [\u2026]<\/span><\/p>\n","protected":false},"featured_media":0,"template":"","meta":{"_monsterinsights_skip_tracking":false,"_monsterinsights_sitenote_active":false,"_monsterinsights_sitenote_note":"","_monsterinsights_sitenote_category":0},"product_brand":[],"product_cat":[12370,12304],"product_tag":[],"class_list":{"0":"post-727064","1":"product","2":"type-product","3":"status-publish","5":"product_cat-arastirma-inceleme","6":"product_cat-tarih","7":"pa_cilt-ciltsiz","8":"pa_tur-kitap","9":"pa_yayinevi-timas-yayinlari","10":"pa_yazar-ilkin-basar-ozal","12":"first","13":"instock","14":"sale","15":"shipping-taxable","16":"purchasable","17":"product-type-simple"},"_links":{"self":[{"href":"https:\/\/roveyayinevi.com.tr\/index.php\/wp-json\/wp\/v2\/product\/727064","targetHints":{"allow":["GET"]}}],"collection":[{"href":"https:\/\/roveyayinevi.com.tr\/index.php\/wp-json\/wp\/v2\/product"}],"about":[{"href":"https:\/\/roveyayinevi.com.tr\/index.php\/wp-json\/wp\/v2\/types\/product"}],"wp:attachment":[{"href":"https:\/\/roveyayinevi.com.tr\/index.php\/wp-json\/wp\/v2\/media?parent=727064"}],"wp:term":[{"taxonomy":"product_brand","embeddable":true,"href":"https:\/\/roveyayinevi.com.tr\/index.php\/wp-json\/wp\/v2\/product_brand?post=727064"},{"taxonomy":"product_cat","embeddable":true,"href":"https:\/\/roveyayinevi.com.tr\/index.php\/wp-json\/wp\/v2\/product_cat?post=727064"},{"taxonomy":"product_tag","embeddable":true,"href":"https:\/\/roveyayinevi.com.tr\/index.php\/wp-json\/wp\/v2\/product_tag?post=727064"}],"curies":[{"name":"wp","href":"https:\/\/api.w.org\/{rel}","templated":true}]}}