{"id":727058,"date":"2025-08-27T20:16:33","date_gmt":"2025-08-27T17:16:33","guid":{"rendered":"https:\/\/roveyayinevi.com.tr\/index.php\/urun\/mavi-gece\/"},"modified":"2026-04-16T02:34:51","modified_gmt":"2026-04-15T23:34:51","slug":"mavi-gece","status":"publish","type":"product","link":"https:\/\/roveyayinevi.com.tr\/index.php\/urun\/mavi-gece\/","title":{"rendered":"Mavi Gece"},"content":{"rendered":"<p>Emir ve Gece\u2026 \u0130ki h\u0131r\u00e7\u0131n ve asi \u00e2\u015f\u0131k. Babas\u0131n\u0131n \u00f6l\u00fcm\u00fcn\u00fcn ard\u0131ndan hayattan bir beklentisi kalmayan Gece, yaz tatilini annesinin ve \u00fcvey babas\u0131n\u0131n zoruyla bir tan\u0131d\u0131klar\u0131n\u0131n yan\u0131nda ge\u00e7irmeye ba\u015flar. Hayallerini ve d\u00fc\u015flerini umutsuzlu\u011fa teslim etmi\u015ftir, r\u00fczg\u00e2rda savrulan bir yaprak gibidir. Y\u00fcr\u00fcd\u00fc\u011f\u00fc karanl\u0131k yolda, hayat\u0131na tehlikeli bir kap\u0131 aralayan Emir ise Yeralt\u0131\u2019n\u0131n vazge\u00e7ilmez isimlerinden biridir. Fakat Gece\u2019nin hayat\u0131na girmesiyle duygular\u0131 ve hayat\u0131 farkl\u0131 bir y\u00f6ne evrilir. A\u015fk\u0131n kural tan\u0131mazl\u0131\u011f\u0131, Emir ve Gece\u2019yi ya Yeralt\u0131\u2019na tutsak edecek ya da tamamen \u00f6zg\u00fcr k\u0131lacakt\u0131r. Tutku ve sevginin maviye boyand\u0131\u011f\u0131 o gece, iki ki\u015fi i\u00e7in de unutulmazd\u0131r\u2026   \u201cNe zifir\u00ee karanl\u0131k ne ayd\u0131nl\u0131k&#8230; O gece bizim umudumuz ve mucizemizdi. O gece maviydi.\u201d <\/p>\n","protected":false},"excerpt":{"rendered":"<p>Emir ve Gece\u2026 \u0130ki h\u0131r\u00e7\u0131n ve asi \u00e2\u015f\u0131k. Babas\u0131n\u0131n \u00f6l\u00fcm\u00fcn\u00fcn ard\u0131ndan hayattan bir beklentisi kalmayan Gece, yaz tatilini annesinin ve \u00fcvey babas\u0131n\u0131n zoruyla bir tan\u0131d\u0131klar\u0131n\u0131n yan\u0131nda<span class=\"excerpt-hellip\"> [\u2026]<\/span><\/p>\n","protected":false},"featured_media":0,"template":"","meta":{"_monsterinsights_skip_tracking":false,"_monsterinsights_sitenote_active":false,"_monsterinsights_sitenote_note":"","_monsterinsights_sitenote_category":0},"product_brand":[],"product_cat":[12291,12711],"product_tag":[],"class_list":{"0":"post-727058","1":"product","2":"type-product","3":"status-publish","5":"product_cat-edebiyat","6":"product_cat-roman-oyku","7":"pa_cilt-ciltsiz","8":"pa_tur-kitap","9":"pa_yayinevi-ephesus-yayinlari","10":"pa_yazar-k-kubra-berk","12":"first","13":"instock","14":"sale","15":"shipping-taxable","16":"purchasable","17":"product-type-simple"},"_links":{"self":[{"href":"https:\/\/roveyayinevi.com.tr\/index.php\/wp-json\/wp\/v2\/product\/727058","targetHints":{"allow":["GET"]}}],"collection":[{"href":"https:\/\/roveyayinevi.com.tr\/index.php\/wp-json\/wp\/v2\/product"}],"about":[{"href":"https:\/\/roveyayinevi.com.tr\/index.php\/wp-json\/wp\/v2\/types\/product"}],"wp:attachment":[{"href":"https:\/\/roveyayinevi.com.tr\/index.php\/wp-json\/wp\/v2\/media?parent=727058"}],"wp:term":[{"taxonomy":"product_brand","embeddable":true,"href":"https:\/\/roveyayinevi.com.tr\/index.php\/wp-json\/wp\/v2\/product_brand?post=727058"},{"taxonomy":"product_cat","embeddable":true,"href":"https:\/\/roveyayinevi.com.tr\/index.php\/wp-json\/wp\/v2\/product_cat?post=727058"},{"taxonomy":"product_tag","embeddable":true,"href":"https:\/\/roveyayinevi.com.tr\/index.php\/wp-json\/wp\/v2\/product_tag?post=727058"}],"curies":[{"name":"wp","href":"https:\/\/api.w.org\/{rel}","templated":true}]}}