{"id":727057,"date":"2025-08-27T20:16:32","date_gmt":"2025-08-27T17:16:32","guid":{"rendered":"https:\/\/roveyayinevi.com.tr\/index.php\/urun\/batik-kente-yolculuk\/"},"modified":"2026-04-16T02:34:51","modified_gmt":"2026-04-15T23:34:51","slug":"batik-kente-yolculuk","status":"publish","type":"product","link":"https:\/\/roveyayinevi.com.tr\/index.php\/urun\/batik-kente-yolculuk\/","title":{"rendered":"Bat\u0131k Kent&#8217;e Yolculuk"},"content":{"rendered":"<p>Marmara Denizi&#8217;nin derinliklerinde bat\u0131k bir kent bulunur. Ad\u0131 Kyzikos&#8217;tur. Kahraman\u0131m\u0131z Ufakl\u0131k ve k\u0131z arkada\u015f\u0131 Gizem, teknoloji harikas\u0131 tekneleri Deniz Kurdu&#8217;yla bu tarih\u00ee kenti ke\u015ffe \u00e7\u0131karlar. Ancak kendilerini, ya\u015fayan bir \u0130lk \u00c7a\u011f kentinde, tehlikelerle dolu ser\u00fcvenin i\u00e7inde bulurlar. Pek \u00e7ok kez \u00f6l\u00fcmle y\u00fcz y\u00fcze gelseler de her seferinde kurtulmay\u0131 ba\u015far\u0131rlar.Binlerce y\u0131ldan beri kinle, d\u00fc\u015fmanl\u0131kla i\u00e7 i\u00e7e ya\u015fayan bu kente, arkada\u015fl\u0131\u011f\u0131n ve dostlu\u011fun tohumlar\u0131n\u0131 atarlar. Dostlar edinir, arkada\u015fl\u0131klar kurarlar. Tarihin en b\u00fcy\u00fck hazinelerinden birini bulup yery\u00fcz\u00fcne geri d\u00f6nerler.Bu ola\u011fan\u00fcst\u00fc ser\u00fcveni onlarla birlikte ya\u015famaya ne dersiniz?O zaman;Haydi \u00c7ocuklar, Ser\u00fcven Pe\u015fine&#8230;<\/p>\n","protected":false},"excerpt":{"rendered":"<p>Marmara Denizi&#8217;nin derinliklerinde bat\u0131k bir kent bulunur. Ad\u0131 Kyzikos&#8217;tur. Kahraman\u0131m\u0131z Ufakl\u0131k ve k\u0131z arkada\u015f\u0131 Gizem, teknoloji harikas\u0131 tekneleri Deniz Kurdu&#8217;yla bu tarih\u00ee kenti ke\u015ffe \u00e7\u0131karlar. Ancak<span class=\"excerpt-hellip\"> [\u2026]<\/span><\/p>\n","protected":false},"featured_media":0,"template":"","meta":{"_monsterinsights_skip_tracking":false,"_monsterinsights_sitenote_active":false,"_monsterinsights_sitenote_note":"","_monsterinsights_sitenote_category":0},"product_brand":[],"product_cat":[12274,12631],"product_tag":[],"class_list":{"0":"post-727057","1":"product","2":"type-product","3":"status-publish","5":"product_cat-cocuk-ve-genclik-kitaplari","6":"product_cat-diger-cocuk-ve-genclik-kitaplari","7":"pa_cilt-ciltsiz","8":"pa_tur-kitap","9":"pa_yayinevi-genc-hayat","10":"pa_yazar-tuncel-altinkopru","12":"first","13":"instock","14":"sale","15":"shipping-taxable","16":"purchasable","17":"product-type-simple"},"_links":{"self":[{"href":"https:\/\/roveyayinevi.com.tr\/index.php\/wp-json\/wp\/v2\/product\/727057","targetHints":{"allow":["GET"]}}],"collection":[{"href":"https:\/\/roveyayinevi.com.tr\/index.php\/wp-json\/wp\/v2\/product"}],"about":[{"href":"https:\/\/roveyayinevi.com.tr\/index.php\/wp-json\/wp\/v2\/types\/product"}],"wp:attachment":[{"href":"https:\/\/roveyayinevi.com.tr\/index.php\/wp-json\/wp\/v2\/media?parent=727057"}],"wp:term":[{"taxonomy":"product_brand","embeddable":true,"href":"https:\/\/roveyayinevi.com.tr\/index.php\/wp-json\/wp\/v2\/product_brand?post=727057"},{"taxonomy":"product_cat","embeddable":true,"href":"https:\/\/roveyayinevi.com.tr\/index.php\/wp-json\/wp\/v2\/product_cat?post=727057"},{"taxonomy":"product_tag","embeddable":true,"href":"https:\/\/roveyayinevi.com.tr\/index.php\/wp-json\/wp\/v2\/product_tag?post=727057"}],"curies":[{"name":"wp","href":"https:\/\/api.w.org\/{rel}","templated":true}]}}