{"id":727056,"date":"2025-08-27T20:16:31","date_gmt":"2025-08-27T17:16:31","guid":{"rendered":"https:\/\/roveyayinevi.com.tr\/index.php\/urun\/anneannemin-yesil-kuyrugu\/"},"modified":"2026-04-16T02:34:51","modified_gmt":"2026-04-15T23:34:51","slug":"anneannemin-yesil-kuyrugu","status":"publish","type":"product","link":"https:\/\/roveyayinevi.com.tr\/index.php\/urun\/anneannemin-yesil-kuyrugu\/","title":{"rendered":"Anneannemin Ye\u015fil Kuyru\u011fu"},"content":{"rendered":"<p>\u201cBenim anneannem biraz yaramazd\u0131r. Nas\u0131l m\u0131? \u00d6rne\u011fin dedemin taklidini yap\u0131p bizi g\u00fcld\u00fcr\u00fcr, sabah\u0131n k\u00f6r\u00fcnde \u015fark\u0131lar s\u00f6yleyip herkesi uyand\u0131r\u0131r ve daha neler neler\u2026 En sevdi\u011fi \u015fey de ailemizin k\u00fc\u00e7\u00fck \u00e7ocuklar\u0131na tuhaf hik\u00e2yeler anlatmakt\u0131r.&#8221;<\/p>\n","protected":false},"excerpt":{"rendered":"<p>\u201cBenim anneannem biraz yaramazd\u0131r. Nas\u0131l m\u0131? \u00d6rne\u011fin dedemin taklidini yap\u0131p bizi g\u00fcld\u00fcr\u00fcr, sabah\u0131n k\u00f6r\u00fcnde \u015fark\u0131lar s\u00f6yleyip herkesi uyand\u0131r\u0131r ve daha neler neler\u2026 En sevdi\u011fi \u015fey de<span class=\"excerpt-hellip\"> [\u2026]<\/span><\/p>\n","protected":false},"featured_media":0,"template":"","meta":{"_monsterinsights_skip_tracking":false,"_monsterinsights_sitenote_active":false,"_monsterinsights_sitenote_note":"","_monsterinsights_sitenote_category":0},"product_brand":[],"product_cat":[12274,12284],"product_tag":[],"class_list":{"0":"post-727056","1":"product","2":"type-product","3":"status-publish","5":"product_cat-cocuk-ve-genclik-kitaplari","6":"product_cat-hikayeler","7":"pa_cilt-ciltsiz","8":"pa_tur-kitap","9":"pa_yayinevi-masalperest","10":"pa_yazar-gonca-mine-celik","12":"first","13":"instock","14":"sale","15":"shipping-taxable","16":"purchasable","17":"product-type-simple"},"_links":{"self":[{"href":"https:\/\/roveyayinevi.com.tr\/index.php\/wp-json\/wp\/v2\/product\/727056","targetHints":{"allow":["GET"]}}],"collection":[{"href":"https:\/\/roveyayinevi.com.tr\/index.php\/wp-json\/wp\/v2\/product"}],"about":[{"href":"https:\/\/roveyayinevi.com.tr\/index.php\/wp-json\/wp\/v2\/types\/product"}],"wp:attachment":[{"href":"https:\/\/roveyayinevi.com.tr\/index.php\/wp-json\/wp\/v2\/media?parent=727056"}],"wp:term":[{"taxonomy":"product_brand","embeddable":true,"href":"https:\/\/roveyayinevi.com.tr\/index.php\/wp-json\/wp\/v2\/product_brand?post=727056"},{"taxonomy":"product_cat","embeddable":true,"href":"https:\/\/roveyayinevi.com.tr\/index.php\/wp-json\/wp\/v2\/product_cat?post=727056"},{"taxonomy":"product_tag","embeddable":true,"href":"https:\/\/roveyayinevi.com.tr\/index.php\/wp-json\/wp\/v2\/product_tag?post=727056"}],"curies":[{"name":"wp","href":"https:\/\/api.w.org\/{rel}","templated":true}]}}