{"id":727055,"date":"2025-08-27T20:16:31","date_gmt":"2025-08-27T17:16:31","guid":{"rendered":"https:\/\/roveyayinevi.com.tr\/index.php\/urun\/avrupanin-anasi-anadolu\/"},"modified":"2026-04-16T02:34:51","modified_gmt":"2026-04-15T23:34:51","slug":"avrupanin-anasi-anadolu","status":"publish","type":"product","link":"https:\/\/roveyayinevi.com.tr\/index.php\/urun\/avrupanin-anasi-anadolu\/","title":{"rendered":"Avrupa\u2019nin Anasi Anadolu"},"content":{"rendered":"<p>Helmut Uhlig\u2019in bu yap\u0131t\u0131n\u0131 b\u00fct\u00fcn ayd\u0131nlar\u0131n okumalar\u0131 gerek\u2026 Bug\u00fcn kimi \u00fcniversitelerimizde, kimi \u00f6\u011fretim g\u00f6revlileri bile her \u015feyi Eski \u00c7a\u011f Helen k\u00fclt\u00fcr\u00fcne ba\u011fl\u0131yorlar. Elbette onlar\u0131n yeti\u015ftirdi\u011fi \u00f6\u011frenciler de b\u00f6yle\u2026 Helmut Uhlig\u2019in elinizdeki yap\u0131t\u0131 bizim i\u00e7in \u00e7ok \u00f6nemli do\u011frular\u0131 i\u00e7eriyor. Yery\u00fcz\u00fcnde topra\u011f\u0131n ilk s\u00fcr\u00fcld\u00fc\u011f\u00fc, ilk yerle\u015fmenin ger\u00e7ekle\u015fti\u011fi Anadolu, elbette Avrupa\u2019n\u0131n Anas\u0131\u2019d\u0131r. \u2013Cengiz Bekta\u015f Avrupa, d\u00fc\u015f\u00fcnd\u00fc\u011f\u00fcm\u00fczden \u00e7ok daha eski. Bat\u0131 k\u00fclt\u00fcr\u00fcn\u00fcn ve medeniyetinin k\u00f6kleri Antik \u00c7a\u011f d\u00fcnyas\u0131nda ya da \u0130ncil\u2019de de\u011fil, on biny\u0131l \u00f6nce insanl\u0131\u011f\u0131n ilk g\u00f6sterilebilir \u015fehirlerinin ortaya \u00e7\u0131kt\u0131\u011f\u0131 eski Anadolu\u2019da yatmaktad\u0131r. Bu b\u00f6lgenin k\u00fclt\u00fcrel ba\u015far\u0131lar\u0131 o kadar g\u00fc\u00e7l\u00fcd\u00fcr ki, M\u00d6 8. biny\u0131ldan ba\u015flayarak, Avrupa erken tarihi \u00fczerinde \u00e7a\u011flar\u0131n d\u00f6n\u00fcm\u00fcne kadar kal\u0131c\u0131 bir etkiye sahiptir, hatta bu etki g\u00fcn\u00fcm\u00fcze dek s\u00fcrmektedir. Helmut Uhlig bu kitab\u0131nda heyecan verici Do\u011fu-Bat\u0131 k\u00fclt\u00fcr transferinin yani dinden ve k\u00fcltlerden, kural, ekonomi, ticaret ve sanat yap\u0131s\u0131na kadar t\u00fcm y\u00f6nlerini ara\u015ft\u0131r\u0131yor; ve \u00e2deta geldi\u011fimiz yolu de\u011fi\u015ftiren sansasyonel ke\u015fifler yap\u0131yor. \u00ab Avrupa\u2019n\u0131n Anas\u0131 Anadolu \u00bb bu ba\u011flamda k\u00fclt\u00fcr\u00fcm\u00fcz\u00fcn anahtar kitab\u0131 \u00f6zelli\u011fini ta\u015f\u0131yor.<\/p>\n","protected":false},"excerpt":{"rendered":"<p>Helmut Uhlig\u2019in bu yap\u0131t\u0131n\u0131 b\u00fct\u00fcn ayd\u0131nlar\u0131n okumalar\u0131 gerek\u2026 Bug\u00fcn kimi \u00fcniversitelerimizde, kimi \u00f6\u011fretim g\u00f6revlileri bile her \u015feyi Eski \u00c7a\u011f Helen k\u00fclt\u00fcr\u00fcne ba\u011fl\u0131yorlar. Elbette onlar\u0131n yeti\u015ftirdi\u011fi \u00f6\u011frenciler<span class=\"excerpt-hellip\"> [\u2026]<\/span><\/p>\n","protected":false},"featured_media":0,"template":"","meta":{"_monsterinsights_skip_tracking":false,"_monsterinsights_sitenote_active":false,"_monsterinsights_sitenote_note":"","_monsterinsights_sitenote_category":0},"product_brand":[],"product_cat":[12364,12376],"product_tag":[],"class_list":{"0":"post-727055","1":"product","2":"type-product","3":"status-publish","5":"product_cat-genel-konular","6":"product_cat-kisisel-gelisim","7":"pa_cilt-ciltsiz","8":"pa_tur-kitap","9":"pa_yayinevi-totem-yayinlari","10":"pa_yazar-helmut-uhlig","12":"first","13":"instock","14":"sale","15":"shipping-taxable","16":"purchasable","17":"product-type-simple"},"_links":{"self":[{"href":"https:\/\/roveyayinevi.com.tr\/index.php\/wp-json\/wp\/v2\/product\/727055","targetHints":{"allow":["GET"]}}],"collection":[{"href":"https:\/\/roveyayinevi.com.tr\/index.php\/wp-json\/wp\/v2\/product"}],"about":[{"href":"https:\/\/roveyayinevi.com.tr\/index.php\/wp-json\/wp\/v2\/types\/product"}],"wp:attachment":[{"href":"https:\/\/roveyayinevi.com.tr\/index.php\/wp-json\/wp\/v2\/media?parent=727055"}],"wp:term":[{"taxonomy":"product_brand","embeddable":true,"href":"https:\/\/roveyayinevi.com.tr\/index.php\/wp-json\/wp\/v2\/product_brand?post=727055"},{"taxonomy":"product_cat","embeddable":true,"href":"https:\/\/roveyayinevi.com.tr\/index.php\/wp-json\/wp\/v2\/product_cat?post=727055"},{"taxonomy":"product_tag","embeddable":true,"href":"https:\/\/roveyayinevi.com.tr\/index.php\/wp-json\/wp\/v2\/product_tag?post=727055"}],"curies":[{"name":"wp","href":"https:\/\/api.w.org\/{rel}","templated":true}]}}