{"id":727054,"date":"2025-08-27T20:16:30","date_gmt":"2025-08-27T17:16:30","guid":{"rendered":"https:\/\/roveyayinevi.com.tr\/index.php\/urun\/erkek-dosyalari\/"},"modified":"2026-04-03T02:42:20","modified_gmt":"2026-04-02T23:42:20","slug":"erkek-dosyalari","status":"publish","type":"product","link":"https:\/\/roveyayinevi.com.tr\/index.php\/urun\/erkek-dosyalari\/","title":{"rendered":"Erkek Dosyalar\u0131"},"content":{"rendered":"<p>Bir erke\u011fin akl\u0131ndan neler ge\u00e7iyor? \u0130\u00e7 d\u00fcnyalar\u0131nda neler olup bitiyor? Erkekler bazen zor bir cebir probleminden daha kafa kar\u0131\u015ft\u0131r\u0131c\u0131 olabilirler. Neyse ki Humfrey Hunter onlar\u0131 anlaman\u0131za yard\u0131mc\u0131 olmak i\u00e7in haz\u0131r. Bek\u00e2r erkeklerin ne d\u00fc\u015f\u00fcnd\u00fc\u011f\u00fcne, ne istediklerine, neyi neden yapt\u0131klar\u0131na ve bunu onlardan biri olarak nas\u0131l yapt\u0131klar\u0131na dair bu kitapta s\u0131n\u0131rs\u0131z ipu\u00e7lar\u0131 veriyor. Mesela sizi aram\u0131yor mu? Ve bunun nedenini merak ediyor musunuz? O asl\u0131nda Anlay\u0131\u015fl\u0131 Erkek mi, yoksa K\u00f6t\u00fc \u00c7ocuk mu? Kal\u0131c\u0131 bir ili\u015fki i\u00e7in haz\u0131r m\u0131 yoksa sadece anl\u0131k bir beraberli\u011fin pe\u015finde mi? Kafan\u0131z \u00e7ok kar\u0131\u015f\u0131k olabilir ama b\u00fct\u00fcn bu birbirine girmi\u015f sinyallerin a\u00e7\u0131klamas\u0131 elinizdeki Erkek Dosyalar\u0131\u2019nda. Humfrey Hunter\u2019\u0131n kendi ya\u015fam\u0131ndan okura yapt\u0131\u011f\u0131 yans\u0131tmalar, London Lite gazetesinde \u201cili\u015fki dan\u0131\u015fman\u0131\u201d olarak \u00e7al\u0131\u015ft\u0131\u011f\u0131 s\u00fcre boyunca elde etti\u011fi e\u015fsiz deneyimler ve bunun yan\u0131 s\u0131ra okurla birebir kurdu\u011fu ili\u015fki a\u011f\u0131ndan olu\u015fturdu\u011fu birikim, erkek zihninin \u00e7e\u015fitli gizemlerini anlaman\u0131za, do\u011fru zamanda do\u011fru hamle yapman\u0131za ve iyi adamlar\u0131 kalp k\u0131r\u0131c\u0131lardan ay\u0131rt etmenize yard\u0131mc\u0131 olacakt\u0131r<\/p>\n","protected":false},"excerpt":{"rendered":"<p>Bir erke\u011fin akl\u0131ndan neler ge\u00e7iyor? \u0130\u00e7 d\u00fcnyalar\u0131nda neler olup bitiyor? Erkekler bazen zor bir cebir probleminden daha kafa kar\u0131\u015ft\u0131r\u0131c\u0131 olabilirler. Neyse ki Humfrey Hunter onlar\u0131 anlaman\u0131za<span class=\"excerpt-hellip\"> [\u2026]<\/span><\/p>\n","protected":false},"featured_media":0,"template":"","meta":{"_monsterinsights_skip_tracking":false,"_monsterinsights_sitenote_active":false,"_monsterinsights_sitenote_note":"","_monsterinsights_sitenote_category":0},"product_brand":[],"product_cat":[12364,12376],"product_tag":[],"class_list":{"0":"post-727054","1":"product","2":"type-product","3":"status-publish","5":"product_cat-genel-konular","6":"product_cat-kisisel-gelisim","7":"pa_cilt-ciltsiz","8":"pa_tur-kitap","9":"pa_yayinevi-totem-yayinlari","10":"pa_yazar-humfrey-hunter","12":"first","13":"instock","14":"sale","15":"shipping-taxable","16":"purchasable","17":"product-type-simple"},"_links":{"self":[{"href":"https:\/\/roveyayinevi.com.tr\/index.php\/wp-json\/wp\/v2\/product\/727054","targetHints":{"allow":["GET"]}}],"collection":[{"href":"https:\/\/roveyayinevi.com.tr\/index.php\/wp-json\/wp\/v2\/product"}],"about":[{"href":"https:\/\/roveyayinevi.com.tr\/index.php\/wp-json\/wp\/v2\/types\/product"}],"wp:attachment":[{"href":"https:\/\/roveyayinevi.com.tr\/index.php\/wp-json\/wp\/v2\/media?parent=727054"}],"wp:term":[{"taxonomy":"product_brand","embeddable":true,"href":"https:\/\/roveyayinevi.com.tr\/index.php\/wp-json\/wp\/v2\/product_brand?post=727054"},{"taxonomy":"product_cat","embeddable":true,"href":"https:\/\/roveyayinevi.com.tr\/index.php\/wp-json\/wp\/v2\/product_cat?post=727054"},{"taxonomy":"product_tag","embeddable":true,"href":"https:\/\/roveyayinevi.com.tr\/index.php\/wp-json\/wp\/v2\/product_tag?post=727054"}],"curies":[{"name":"wp","href":"https:\/\/api.w.org\/{rel}","templated":true}]}}