{"id":727052,"date":"2025-08-27T20:16:29","date_gmt":"2025-08-27T17:16:29","guid":{"rendered":"https:\/\/roveyayinevi.com.tr\/index.php\/urun\/felsefi-gelisimim-entelektuel-bir-otobiyografi\/"},"modified":"2026-04-16T02:34:51","modified_gmt":"2026-04-15T23:34:51","slug":"felsefi-gelisimim-entelektuel-bir-otobiyografi","status":"publish","type":"product","link":"https:\/\/roveyayinevi.com.tr\/index.php\/urun\/felsefi-gelisimim-entelektuel-bir-otobiyografi\/","title":{"rendered":"Felsefi Geli\u015fimim Entelekt\u00fcel Bir Otobiyografi"},"content":{"rendered":"<p>Bir \u00e7ekicilik ve sayg\u0131nl\u0131k \u00e7al\u0131\u015fmas\u0131.\u201d The Observer \u201cBertrand Russell sadece bu y\u00fczy\u0131l\u0131n en g\u00f6rkemli filozofu de\u011fil, kendini en \u00e7ok ele\u015ftirenlerden biri. Bu \u00f6zellikler felsefi otobiyografisinde kendisini a\u00e7\u0131k\u00e7a g\u00f6steriyor.\u201d A. J. Ayer D\u00fcnyan\u0131n \u00f6nde gelen d\u00fc\u015f\u00fcn\u00fcrlerinden biri taraf\u0131ndan kendi felsefi \u00e7al\u0131\u015fmas\u0131n\u0131n yakla\u015f\u0131k yetmi\u015f y\u0131l\u0131 \u00fczerine yap\u0131lm\u0131\u015f b\u00f6yle bir \u00e7al\u0131\u015fma, apa\u00e7\u0131k b\u00fcy\u00fcleyici oldu\u011fu kadar \u00f6nemli de. O bir felsefi otobiyografi ba\u015fyap\u0131t\u0131. Bu kitapta Bertrand Russell felsefi geli\u015fiminin bir a\u00e7\u0131klamas\u0131n\u0131 sunmaktad\u0131r. O, Hegelci d\u00f6nemini anlat\u0131yor ve Hegelci bilim felsefesiyle ilgili notlar\u0131 i\u00e7eriyor. \u0130dealizmi terk edi\u015fini ve Peano\u2019nun matematiksel mant\u0131\u011f\u0131 \u00fczerine kurulan mant\u0131\u011f\u0131 benimseyi\u015fini kapsayan iki katl\u0131 bir devrimi ele al\u0131yor. Principia Mathematica \u00fczerine iki b\u00f6l\u00fcmden sonra, D\u0131\u015f D\u00fcnya \u00dczerine Bilgimiz\u2019de incelendi\u011fi kadar\u0131yla alg\u0131 sorunlar\u0131na ge\u00e7iyor. William James felsefesi yan\u0131nda; \u00f6\u011frencisi ve dostu Wittgenstein\u2019\u0131n \u00e7al\u0131\u015fmas\u0131nda neyin kabul edilmesi ve neyin reddedilmesi gerekti\u011fini ve kendisi \u00fczerindeki etkilerini ele al\u0131yor.   <\/p>\n","protected":false},"excerpt":{"rendered":"<p>Bir \u00e7ekicilik ve sayg\u0131nl\u0131k \u00e7al\u0131\u015fmas\u0131.\u201d The Observer \u201cBertrand Russell sadece bu y\u00fczy\u0131l\u0131n en g\u00f6rkemli filozofu de\u011fil, kendini en \u00e7ok ele\u015ftirenlerden biri. Bu \u00f6zellikler felsefi otobiyografisinde kendisini<span class=\"excerpt-hellip\"> [\u2026]<\/span><\/p>\n","protected":false},"featured_media":0,"template":"","meta":{"_monsterinsights_skip_tracking":false,"_monsterinsights_sitenote_active":false,"_monsterinsights_sitenote_note":"","_monsterinsights_sitenote_category":0},"product_brand":[],"product_cat":[12389,12388],"product_tag":[],"class_list":{"0":"post-727052","1":"product","2":"type-product","3":"status-publish","5":"product_cat-diger-felsefe","6":"product_cat-felsefe","7":"pa_cilt-ciltsiz","8":"pa_tur-kitap","9":"pa_yayinevi-fol-kitap","10":"pa_yazar-bertrand-russell","12":"first","13":"instock","14":"sale","15":"shipping-taxable","16":"purchasable","17":"product-type-simple"},"_links":{"self":[{"href":"https:\/\/roveyayinevi.com.tr\/index.php\/wp-json\/wp\/v2\/product\/727052","targetHints":{"allow":["GET"]}}],"collection":[{"href":"https:\/\/roveyayinevi.com.tr\/index.php\/wp-json\/wp\/v2\/product"}],"about":[{"href":"https:\/\/roveyayinevi.com.tr\/index.php\/wp-json\/wp\/v2\/types\/product"}],"wp:attachment":[{"href":"https:\/\/roveyayinevi.com.tr\/index.php\/wp-json\/wp\/v2\/media?parent=727052"}],"wp:term":[{"taxonomy":"product_brand","embeddable":true,"href":"https:\/\/roveyayinevi.com.tr\/index.php\/wp-json\/wp\/v2\/product_brand?post=727052"},{"taxonomy":"product_cat","embeddable":true,"href":"https:\/\/roveyayinevi.com.tr\/index.php\/wp-json\/wp\/v2\/product_cat?post=727052"},{"taxonomy":"product_tag","embeddable":true,"href":"https:\/\/roveyayinevi.com.tr\/index.php\/wp-json\/wp\/v2\/product_tag?post=727052"}],"curies":[{"name":"wp","href":"https:\/\/api.w.org\/{rel}","templated":true}]}}