{"id":727051,"date":"2025-08-27T20:16:28","date_gmt":"2025-08-27T17:16:28","guid":{"rendered":"https:\/\/roveyayinevi.com.tr\/index.php\/urun\/siyaset-felsefesi-kavramlar-klasik-ve-modern-donem\/"},"modified":"2026-04-16T02:34:51","modified_gmt":"2026-04-15T23:34:51","slug":"siyaset-felsefesi-kavramlar-klasik-ve-modern-donem","status":"publish","type":"product","link":"https:\/\/roveyayinevi.com.tr\/index.php\/urun\/siyaset-felsefesi-kavramlar-klasik-ve-modern-donem\/","title":{"rendered":"Siyaset Felsefesi  Kavramlar  Klasik ve Modern D\u00f6nem"},"content":{"rendered":"<p>Elinizdeki kitap, siyaset felsefesinin temel kavramlar\u0131na, klasik ve modern siyaset felsefecilerinin d\u00fc\u015f\u00fcncelerine, temel kaynaklar\u0131 \u00fczerinden bir giri\u015f niteli\u011findedir. Siyaset, din, k\u00fclt\u00fcr, hukuk ve bilgi ili\u015fkisi ba\u011flam\u0131nda, adalet, \u00f6zg\u00fcrl\u00fck, demokrasi, iktidar gibi siyaset felsefesinin temel kavramlar\u0131 eserde ayd\u0131nlat\u0131lmaya \u00e7al\u0131\u015f\u0131lan konulardand\u0131r. Platon\u2019un siyaset d\u00fc\u015f\u00fcncesinin evrimi ve ideal devlet anlay\u0131\u015f\u0131; Aristoteles\u2019te erdem ve siyaset ili\u015fkisi; Farabi\u2019nin erdemli \u015fehri; \u0130bn Haldun\u2019un asabiye ve umr\u00e2n temelli siyaset anlay\u0131\u015f\u0131, klasik siyaset felsefesini anlamak isteyen okurlar\u0131 ayd\u0131nlatacakt\u0131r. Do\u011fa durumu, toplum s\u00f6zle\u015fmesi, birey ve devlet ili\u015fkisi gibi siyaset felsefesinin temel meseleleri, Montesquieu, Locke ve Rousseau\u2019nun yan\u0131nda modern d\u00f6nem siyaset filozoflar\u0131ndan Hobbes\u2019un ve Spinoza\u2019n\u0131n g\u00f6r\u00fc\u015fleri \u0131\u015f\u0131\u011f\u0131nda ele al\u0131nmaktad\u0131r. <\/p>\n","protected":false},"excerpt":{"rendered":"<p>Elinizdeki kitap, siyaset felsefesinin temel kavramlar\u0131na, klasik ve modern siyaset felsefecilerinin d\u00fc\u015f\u00fcncelerine, temel kaynaklar\u0131 \u00fczerinden bir giri\u015f niteli\u011findedir. Siyaset, din, k\u00fclt\u00fcr, hukuk ve bilgi ili\u015fkisi ba\u011flam\u0131nda,<span class=\"excerpt-hellip\"> [\u2026]<\/span><\/p>\n","protected":false},"featured_media":0,"template":"","meta":{"_monsterinsights_skip_tracking":false,"_monsterinsights_sitenote_active":false,"_monsterinsights_sitenote_note":"","_monsterinsights_sitenote_category":0},"product_brand":[],"product_cat":[12388,15536],"product_tag":[],"class_list":{"0":"post-727051","1":"product","2":"type-product","3":"status-publish","5":"product_cat-felsefe","6":"product_cat-siyaset-felsefesi","7":"pa_cilt-ciltsiz","8":"pa_tur-kitap","9":"pa_yayinevi-fol-kitap","10":"pa_yazar-veli-urhan","12":"first","13":"instock","14":"sale","15":"shipping-taxable","16":"purchasable","17":"product-type-simple"},"_links":{"self":[{"href":"https:\/\/roveyayinevi.com.tr\/index.php\/wp-json\/wp\/v2\/product\/727051","targetHints":{"allow":["GET"]}}],"collection":[{"href":"https:\/\/roveyayinevi.com.tr\/index.php\/wp-json\/wp\/v2\/product"}],"about":[{"href":"https:\/\/roveyayinevi.com.tr\/index.php\/wp-json\/wp\/v2\/types\/product"}],"wp:attachment":[{"href":"https:\/\/roveyayinevi.com.tr\/index.php\/wp-json\/wp\/v2\/media?parent=727051"}],"wp:term":[{"taxonomy":"product_brand","embeddable":true,"href":"https:\/\/roveyayinevi.com.tr\/index.php\/wp-json\/wp\/v2\/product_brand?post=727051"},{"taxonomy":"product_cat","embeddable":true,"href":"https:\/\/roveyayinevi.com.tr\/index.php\/wp-json\/wp\/v2\/product_cat?post=727051"},{"taxonomy":"product_tag","embeddable":true,"href":"https:\/\/roveyayinevi.com.tr\/index.php\/wp-json\/wp\/v2\/product_tag?post=727051"}],"curies":[{"name":"wp","href":"https:\/\/api.w.org\/{rel}","templated":true}]}}