{"id":727049,"date":"2025-08-27T20:16:26","date_gmt":"2025-08-27T17:16:26","guid":{"rendered":"https:\/\/roveyayinevi.com.tr\/index.php\/urun\/dagdan-yazilmis-mektuplar\/"},"modified":"2026-04-16T02:34:51","modified_gmt":"2026-04-15T23:34:51","slug":"dagdan-yazilmis-mektuplar","status":"publish","type":"product","link":"https:\/\/roveyayinevi.com.tr\/index.php\/urun\/dagdan-yazilmis-mektuplar\/","title":{"rendered":"Da\u011fdan Yaz\u0131lm\u0131\u015f Mektuplar"},"content":{"rendered":"<p>Rousseau\u2019nun kitaplar\u0131 Fransa&#8217;da infial yarat\u0131r; hapis cezas\u0131 tehdidiyle s\u00fcrg\u00fcne g\u00f6nderilir. Hem\u015fehrilisi Cenevreli y\u00f6neticiler de Paris\u2019teki y\u00f6neticilere uyarak Rousseau\u2019nun eserlerinin yak\u0131lmas\u0131 ve yasaklanmas\u0131 emrini verirler. \u0130\u015fte ya\u015fl\u0131 Rousseau t\u00fcm bunlara cevaben bu kitab\u0131 kaleme al\u0131r. Rousseau\u2019nun siyaset, tarih ve hukuk \u00fczerine yapt\u0131\u011f\u0131 incelemeler mektuplar\u0131n genel ilgi oda\u011f\u0131d\u0131r. Bunun yan\u0131nda d\u00fc\u015f\u00fcnce ve ifade \u00f6zg\u00fcrl\u00fc\u011f\u00fc, sivil din, dinin sivil toplumdaki yeri ve \u00f6nemi ve dinde reform gibi konular hakk\u0131nda dile getirdi\u011fi d\u00fc\u015f\u00fcnceler ele al\u0131nan di\u011fer konulardand\u0131r. Rousseau\u2019nun Emile ve Toplum S\u00f6zle\u015fmesi eserlerinin tamamlay\u0131c\u0131s\u0131 olman\u0131n yan\u0131nda bu mektuplar, Frans\u0131z Edebiyat\u0131 \u00f6zelinde \u00f6rne\u011fini Montesquieu\u2019nun \u0130ran Mektuplar\u0131\u2019nda g\u00f6rece\u011fimiz mektup t\u00fcr\u00fcndeki yaz\u0131m tarz\u0131n\u0131n \u00e7arp\u0131c\u0131 \u00f6rneklerinden biridir. Polemik t\u00fcr\u00fcn\u00fcn dikkate de\u011fer \u00f6rnekleri aras\u0131nda g\u00f6sterilmesi gereken Da\u011fdan Yaz\u0131lm\u0131\u015f Mektuplar, Rousseau\u2019nun sivil din ve din felsefesi hakk\u0131ndaki g\u00f6r\u00fc\u015fleri bak\u0131m\u0131ndan da \u00f6nemli bir kaynakt\u0131r. Ayr\u0131ca kitap, Mustafa Kemal Atat\u00fcrk\u2019\u00fcn Yahya Kemal\u2019e Paris\u2019ten \u00f6zel olarak getirtti\u011fi eserler aras\u0131nda yer almaktad\u0131r.<\/p>\n","protected":false},"excerpt":{"rendered":"<p>Rousseau\u2019nun kitaplar\u0131 Fransa&#8217;da infial yarat\u0131r; hapis cezas\u0131 tehdidiyle s\u00fcrg\u00fcne g\u00f6nderilir. Hem\u015fehrilisi Cenevreli y\u00f6neticiler de Paris\u2019teki y\u00f6neticilere uyarak Rousseau\u2019nun eserlerinin yak\u0131lmas\u0131 ve yasaklanmas\u0131 emrini verirler. \u0130\u015fte ya\u015fl\u0131<span class=\"excerpt-hellip\"> [\u2026]<\/span><\/p>\n","protected":false},"featured_media":0,"template":"","meta":{"_monsterinsights_skip_tracking":false,"_monsterinsights_sitenote_active":false,"_monsterinsights_sitenote_note":"","_monsterinsights_sitenote_category":0},"product_brand":[],"product_cat":[12389,12388],"product_tag":[],"class_list":{"0":"post-727049","1":"product","2":"type-product","3":"status-publish","5":"product_cat-diger-felsefe","6":"product_cat-felsefe","7":"pa_cilt-ciltsiz","8":"pa_tur-kitap","9":"pa_yayinevi-fol-kitap","10":"pa_yazar-jean-jacques-rousseau","12":"first","13":"instock","14":"sale","15":"shipping-taxable","16":"purchasable","17":"product-type-simple"},"_links":{"self":[{"href":"https:\/\/roveyayinevi.com.tr\/index.php\/wp-json\/wp\/v2\/product\/727049","targetHints":{"allow":["GET"]}}],"collection":[{"href":"https:\/\/roveyayinevi.com.tr\/index.php\/wp-json\/wp\/v2\/product"}],"about":[{"href":"https:\/\/roveyayinevi.com.tr\/index.php\/wp-json\/wp\/v2\/types\/product"}],"wp:attachment":[{"href":"https:\/\/roveyayinevi.com.tr\/index.php\/wp-json\/wp\/v2\/media?parent=727049"}],"wp:term":[{"taxonomy":"product_brand","embeddable":true,"href":"https:\/\/roveyayinevi.com.tr\/index.php\/wp-json\/wp\/v2\/product_brand?post=727049"},{"taxonomy":"product_cat","embeddable":true,"href":"https:\/\/roveyayinevi.com.tr\/index.php\/wp-json\/wp\/v2\/product_cat?post=727049"},{"taxonomy":"product_tag","embeddable":true,"href":"https:\/\/roveyayinevi.com.tr\/index.php\/wp-json\/wp\/v2\/product_tag?post=727049"}],"curies":[{"name":"wp","href":"https:\/\/api.w.org\/{rel}","templated":true}]}}