{"id":727048,"date":"2025-08-27T20:16:26","date_gmt":"2025-08-27T17:16:26","guid":{"rendered":"https:\/\/roveyayinevi.com.tr\/index.php\/urun\/islam-tarihi-baslangictan-istanbulun-fethine-politika-ve-savaslar\/"},"modified":"2026-04-16T02:34:51","modified_gmt":"2026-04-15T23:34:51","slug":"islam-tarihi-baslangictan-istanbulun-fethine-politika-ve-savaslar","status":"publish","type":"product","link":"https:\/\/roveyayinevi.com.tr\/index.php\/urun\/islam-tarihi-baslangictan-istanbulun-fethine-politika-ve-savaslar\/","title":{"rendered":"\u0130slam Tarihi: Ba\u015flang\u0131\u00e7tan \u0130stanbul`un Fethine &#8211; Politika ve Sava\u015flar"},"content":{"rendered":"<p>\u0130slam ve T\u00fcrkiye tarihi konusunda en \u00f6nemli tarih\u00e7ilerden biri olan merhum Bernard Lewis, Hz. Muhammed\u2019in peygamber olmas\u0131yla ba\u015flayan ve Fatih Sultan Mehmet\u2019in \u0130stanbul\u2019u fethetmesine kadar uzanan yakla\u015f\u0131k sekiz y\u00fczy\u0131l boyunca \u0130slam tarihinde bir yolculu\u011fa \u00e7\u0131k\u0131yor. Arabistan Yar\u0131madas\u0131\u2019ndan ba\u015flay\u0131p Orta Do\u011fu\u2019ya, Kuzey Afrika\u2019ya, Asya\u2019n\u0131n b\u00fcy\u00fck bir b\u00f6l\u00fcm\u00fcne, Kuzey ve G\u00fcney Avrupa\u2019ya yay\u0131lan \u0130slam\u2019\u0131n bu tarihsel yolculu\u011funda, farkl\u0131 devlet ve halklar\u0131n ortak inan\u00e7 temelinde yaratt\u0131klar\u0131 bir uygarl\u0131\u011f\u0131n tarihini herhangi bir yorum yapmadan orijinal belgelerle okumak, Lewis\u2019in okuyucusu i\u00e7in de heyecan verici bir deneyim oluyor. \u00dcstelik, Bernard Lewis okuyucusunu heyecan verici bir yolculu\u011fa \u00e7\u0131karmakla kalmay\u0131p, kendi tarihsel \u00e7al\u0131\u015fmalar\u0131 i\u00e7in derledi\u011fi belgeleri payla\u015farak \u0130slam tarihi konusunda ara\u015ft\u0131rma yapan tarih\u00e7ilere de bir yol haritas\u0131 \u00e7\u0131kar\u0131yor. Elbette tarih yaz\u0131m\u0131 belgelerden ibaret de\u011fil. Bernard Lewis, tarih\u00e7ilere sadece bir yol haritas\u0131 veriyor. Tarih\u00e7iye d\u00fc\u015fen g\u00f6rev, bu yol haritas\u0131nda, belgeler aras\u0131nda kuraca\u011f\u0131 ba\u011flant\u0131larla, belgeleri yorumlay\u0131\u015f\u0131yla ve farkl\u0131 belgelerle zenginle\u015ftirmesiyle kendi \u00f6zg\u00fcn tarihini yazmak oluyor. Lewis, tarihin sadece belgelerden ibaret oldu\u011funu savunmuyor, aksine  \u201cbu \u00e7al\u0131\u015fmalardaki de\u011ferlendirmeler, hatta kabul g\u00f6rm\u00fc\u015f olgular olma iddias\u0131ndaki basit a\u00e7\u0131klamalar bile titizlikle ele al\u0131nmal\u0131d\u0131r\u201d uyar\u0131s\u0131nda bulunuyor. Tarih \u00e7al\u0131\u015fmalar\u0131n\u0131n sadece belgelerden ibaret oldu\u011funu ileri s\u00fcrmek ne kadar eksik bir anlay\u0131\u015fsa belge olmadan tarihsel \u00e7al\u0131\u015fma yapman\u0131n m\u00fcmk\u00fcn oldu\u011funu ileri s\u00fcrmek de o kadar hatal\u0131 bir anlay\u0131\u015ft\u0131r. \u0130slam, \u0130slam uygarl\u0131\u011f\u0131 ve tarihi konusunda ara\u015ft\u0131rma yapan t\u00fcm tarih\u00e7ilerin ve bu b\u00fcy\u00fck uygarl\u0131\u011f\u0131n tarihine ilgi duyan herkesin mutlaka okumas\u0131 gereken bir ba\u015fyap\u0131t.  <\/p>\n","protected":false},"excerpt":{"rendered":"<p>\u0130slam ve T\u00fcrkiye tarihi konusunda en \u00f6nemli tarih\u00e7ilerden biri olan merhum Bernard Lewis, Hz. Muhammed\u2019in peygamber olmas\u0131yla ba\u015flayan ve Fatih Sultan Mehmet\u2019in \u0130stanbul\u2019u fethetmesine kadar uzanan<span class=\"excerpt-hellip\"> [\u2026]<\/span><\/p>\n","protected":false},"featured_media":0,"template":"","meta":{"_monsterinsights_skip_tracking":false,"_monsterinsights_sitenote_active":false,"_monsterinsights_sitenote_note":"","_monsterinsights_sitenote_category":0},"product_brand":[],"product_cat":[13036,12718,12719],"product_tag":[],"class_list":{"0":"post-727048","1":"product","2":"type-product","3":"status-publish","5":"product_cat-arastirma-inceleme-islam","6":"product_cat-din","7":"product_cat-islam","8":"pa_cilt-ciltsiz","9":"pa_tur-kitap","10":"pa_yayinevi-akil-celen-kitaplar","11":"pa_yazar-bernard-lewis","13":"first","14":"instock","15":"sale","16":"shipping-taxable","17":"purchasable","18":"product-type-simple"},"_links":{"self":[{"href":"https:\/\/roveyayinevi.com.tr\/index.php\/wp-json\/wp\/v2\/product\/727048","targetHints":{"allow":["GET"]}}],"collection":[{"href":"https:\/\/roveyayinevi.com.tr\/index.php\/wp-json\/wp\/v2\/product"}],"about":[{"href":"https:\/\/roveyayinevi.com.tr\/index.php\/wp-json\/wp\/v2\/types\/product"}],"wp:attachment":[{"href":"https:\/\/roveyayinevi.com.tr\/index.php\/wp-json\/wp\/v2\/media?parent=727048"}],"wp:term":[{"taxonomy":"product_brand","embeddable":true,"href":"https:\/\/roveyayinevi.com.tr\/index.php\/wp-json\/wp\/v2\/product_brand?post=727048"},{"taxonomy":"product_cat","embeddable":true,"href":"https:\/\/roveyayinevi.com.tr\/index.php\/wp-json\/wp\/v2\/product_cat?post=727048"},{"taxonomy":"product_tag","embeddable":true,"href":"https:\/\/roveyayinevi.com.tr\/index.php\/wp-json\/wp\/v2\/product_tag?post=727048"}],"curies":[{"name":"wp","href":"https:\/\/api.w.org\/{rel}","templated":true}]}}