{"id":727046,"date":"2025-08-27T20:16:24","date_gmt":"2025-08-27T17:16:24","guid":{"rendered":"https:\/\/roveyayinevi.com.tr\/index.php\/urun\/felsefi-dusun-sayi15-muzik-ve-felsefe\/"},"modified":"2026-04-16T02:34:51","modified_gmt":"2026-04-15T23:34:51","slug":"felsefi-dusun-sayi15-muzik-ve-felsefe","status":"publish","type":"product","link":"https:\/\/roveyayinevi.com.tr\/index.php\/urun\/felsefi-dusun-sayi15-muzik-ve-felsefe\/","title":{"rendered":"Felsefi D\u00fc\u015f\u00fcn Say\u0131:15 \u2013 M\u00fczik ve Felsefe"},"content":{"rendered":"<p>\u00c7a\u011fda\u015f ve ge\u00e7mi\u015fe ait -ba\u015fta Klasik Bat\u0131 M\u00fczi\u011fi t\u00fcr\u00fcnde olmak \u00fczere &#8211; t\u00fcm m\u00fczik t\u00fcrlerinde filozoflar\u0131n m\u00fczi\u011fe yakla\u015f\u0131mlar\u0131na ili\u015fkin \u00e7al\u0131\u015fmalar\u0131n yan\u0131 s\u0131ra m\u00fczisyenlerin felsefeyle kurduklar\u0131 ili\u015fkiye odaklanan \u00e7al\u0131\u015fmalar ve m\u00fczik felsefesi ba\u015fl\u0131\u011f\u0131 alt\u0131nda yer alacak her t\u00fcrden nitelikli inceleme bu say\u0131n\u0131n konusunu olu\u015fturmaktad\u0131r. <\/p>\n","protected":false},"excerpt":{"rendered":"<p>\u00c7a\u011fda\u015f ve ge\u00e7mi\u015fe ait -ba\u015fta Klasik Bat\u0131 M\u00fczi\u011fi t\u00fcr\u00fcnde olmak \u00fczere &#8211; t\u00fcm m\u00fczik t\u00fcrlerinde filozoflar\u0131n m\u00fczi\u011fe yakla\u015f\u0131mlar\u0131na ili\u015fkin \u00e7al\u0131\u015fmalar\u0131n yan\u0131 s\u0131ra m\u00fczisyenlerin felsefeyle kurduklar\u0131 ili\u015fkiye<span class=\"excerpt-hellip\"> [\u2026]<\/span><\/p>\n","protected":false},"featured_media":0,"template":"","meta":{"_monsterinsights_skip_tracking":false,"_monsterinsights_sitenote_active":false,"_monsterinsights_sitenote_note":"","_monsterinsights_sitenote_category":0},"product_brand":[],"product_cat":[13527],"product_tag":[],"class_list":{"0":"post-727046","1":"product","2":"type-product","3":"status-publish","5":"product_cat-sureli-yayinlar","6":"pa_cilt-ciltsiz","7":"pa_tur-dergi","8":"pa_yayinevi-pinhan-yayincilik","9":"pa_yazar-pinhan-yayincilik-kolektif","11":"first","12":"instock","13":"sale","14":"shipping-taxable","15":"purchasable","16":"product-type-simple"},"_links":{"self":[{"href":"https:\/\/roveyayinevi.com.tr\/index.php\/wp-json\/wp\/v2\/product\/727046","targetHints":{"allow":["GET"]}}],"collection":[{"href":"https:\/\/roveyayinevi.com.tr\/index.php\/wp-json\/wp\/v2\/product"}],"about":[{"href":"https:\/\/roveyayinevi.com.tr\/index.php\/wp-json\/wp\/v2\/types\/product"}],"wp:attachment":[{"href":"https:\/\/roveyayinevi.com.tr\/index.php\/wp-json\/wp\/v2\/media?parent=727046"}],"wp:term":[{"taxonomy":"product_brand","embeddable":true,"href":"https:\/\/roveyayinevi.com.tr\/index.php\/wp-json\/wp\/v2\/product_brand?post=727046"},{"taxonomy":"product_cat","embeddable":true,"href":"https:\/\/roveyayinevi.com.tr\/index.php\/wp-json\/wp\/v2\/product_cat?post=727046"},{"taxonomy":"product_tag","embeddable":true,"href":"https:\/\/roveyayinevi.com.tr\/index.php\/wp-json\/wp\/v2\/product_tag?post=727046"}],"curies":[{"name":"wp","href":"https:\/\/api.w.org\/{rel}","templated":true}]}}