{"id":727044,"date":"2025-08-27T20:16:23","date_gmt":"2025-08-27T17:16:23","guid":{"rendered":"https:\/\/roveyayinevi.com.tr\/index.php\/urun\/tavsancigi-yatagina-yatirir-misin\/"},"modified":"2026-04-16T02:34:51","modified_gmt":"2026-04-15T23:34:51","slug":"tavsancigi-yatagina-yatirir-misin","status":"publish","type":"product","link":"https:\/\/roveyayinevi.com.tr\/index.php\/urun\/tavsancigi-yatagina-yatirir-misin\/","title":{"rendered":"Tav\u015fanc\u0131\u011f\u0131 Yata\u011f\u0131na Yat\u0131r\u0131r m\u0131s\u0131n?"},"content":{"rendered":"<p>Tav\u015fanc\u0131\u011f\u0131n uyku vakti geldi! Ama yata\u011f\u0131na yatmak i\u00e7in senin yard\u0131m\u0131na ihtiyac\u0131 var. Haydi, ellerini \u00e7\u0131rp da tav\u015fanc\u0131k \u00fcst\u00fcn\u00fc de\u011fi\u015ftirsin.Kulaklar\u0131n\u0131 ka\u015f\u0131man da \u00e7ok ho\u015funa gider. \u0130yi geceler \u00f6p\u00fcc\u00fc\u011f\u00fc vermeyi de unutma sak\u0131n!<\/p>\n","protected":false},"excerpt":{"rendered":"<p>Tav\u015fanc\u0131\u011f\u0131n uyku vakti geldi! Ama yata\u011f\u0131na yatmak i\u00e7in senin yard\u0131m\u0131na ihtiyac\u0131 var. Haydi, ellerini \u00e7\u0131rp da tav\u015fanc\u0131k \u00fcst\u00fcn\u00fc de\u011fi\u015ftirsin.Kulaklar\u0131n\u0131 ka\u015f\u0131man da \u00e7ok ho\u015funa gider. \u0130yi geceler<span class=\"excerpt-hellip\"> [\u2026]<\/span><\/p>\n","protected":false},"featured_media":0,"template":"","meta":{"_monsterinsights_skip_tracking":false,"_monsterinsights_sitenote_active":false,"_monsterinsights_sitenote_note":"","_monsterinsights_sitenote_category":0},"product_brand":[],"product_cat":[12274,12518],"product_tag":[],"class_list":{"0":"post-727044","1":"product","2":"type-product","3":"status-publish","5":"product_cat-cocuk-ve-genclik-kitaplari","6":"product_cat-okul-oncesi-kitaplar","7":"pa_cilt-ciltsiz","8":"pa_tur-kitap","9":"pa_yayinevi-beyaz-balina-yayinlari","10":"pa_yazar-jorg-muhle","12":"first","13":"instock","14":"sale","15":"shipping-taxable","16":"purchasable","17":"product-type-simple"},"_links":{"self":[{"href":"https:\/\/roveyayinevi.com.tr\/index.php\/wp-json\/wp\/v2\/product\/727044","targetHints":{"allow":["GET"]}}],"collection":[{"href":"https:\/\/roveyayinevi.com.tr\/index.php\/wp-json\/wp\/v2\/product"}],"about":[{"href":"https:\/\/roveyayinevi.com.tr\/index.php\/wp-json\/wp\/v2\/types\/product"}],"wp:attachment":[{"href":"https:\/\/roveyayinevi.com.tr\/index.php\/wp-json\/wp\/v2\/media?parent=727044"}],"wp:term":[{"taxonomy":"product_brand","embeddable":true,"href":"https:\/\/roveyayinevi.com.tr\/index.php\/wp-json\/wp\/v2\/product_brand?post=727044"},{"taxonomy":"product_cat","embeddable":true,"href":"https:\/\/roveyayinevi.com.tr\/index.php\/wp-json\/wp\/v2\/product_cat?post=727044"},{"taxonomy":"product_tag","embeddable":true,"href":"https:\/\/roveyayinevi.com.tr\/index.php\/wp-json\/wp\/v2\/product_tag?post=727044"}],"curies":[{"name":"wp","href":"https:\/\/api.w.org\/{rel}","templated":true}]}}