{"id":727043,"date":"2025-08-27T20:16:22","date_gmt":"2025-08-27T17:16:22","guid":{"rendered":"https:\/\/roveyayinevi.com.tr\/index.php\/urun\/tavsanciga-banyo-yaptirir-misin\/"},"modified":"2026-04-16T02:34:51","modified_gmt":"2026-04-15T23:34:51","slug":"tavsanciga-banyo-yaptirir-misin","status":"publish","type":"product","link":"https:\/\/roveyayinevi.com.tr\/index.php\/urun\/tavsanciga-banyo-yaptirir-misin\/","title":{"rendered":"Tav\u015fanc\u0131\u011fa Banyo Yapt\u0131r\u0131r m\u0131s\u0131n?"},"content":{"rendered":"<p>Bug\u00fcn tav\u015fanc\u0131\u011f\u0131n banyo g\u00fcn\u00fc! Ama banyosunu yapabilmek i\u00e7in senin yard\u0131m\u0131na ihtiyac\u0131 var.Haydi, ba\u015f\u0131na \u015fampuan\u0131n\u0131 d\u00f6k\u00fcp bir g\u00fczel k\u00f6p\u00fcrt.Dikkat et de g\u00f6z\u00fcne sabun ka\u00e7mas\u0131n. T\u00fcylerini kurutmay\u0131 da unutma sak\u0131n!<\/p>\n","protected":false},"excerpt":{"rendered":"<p>Bug\u00fcn tav\u015fanc\u0131\u011f\u0131n banyo g\u00fcn\u00fc! Ama banyosunu yapabilmek i\u00e7in senin yard\u0131m\u0131na ihtiyac\u0131 var.Haydi, ba\u015f\u0131na \u015fampuan\u0131n\u0131 d\u00f6k\u00fcp bir g\u00fczel k\u00f6p\u00fcrt.Dikkat et de g\u00f6z\u00fcne sabun ka\u00e7mas\u0131n. T\u00fcylerini kurutmay\u0131 da<span class=\"excerpt-hellip\"> [\u2026]<\/span><\/p>\n","protected":false},"featured_media":0,"template":"","meta":{"_monsterinsights_skip_tracking":false,"_monsterinsights_sitenote_active":false,"_monsterinsights_sitenote_note":"","_monsterinsights_sitenote_category":0},"product_brand":[],"product_cat":[12274,12518],"product_tag":[],"class_list":{"0":"post-727043","1":"product","2":"type-product","3":"status-publish","5":"product_cat-cocuk-ve-genclik-kitaplari","6":"product_cat-okul-oncesi-kitaplar","7":"pa_cilt-ciltsiz","8":"pa_tur-kitap","9":"pa_yayinevi-beyaz-balina-yayinlari","10":"pa_yazar-jorg-muhle","12":"first","13":"instock","14":"sale","15":"shipping-taxable","16":"purchasable","17":"product-type-simple"},"_links":{"self":[{"href":"https:\/\/roveyayinevi.com.tr\/index.php\/wp-json\/wp\/v2\/product\/727043","targetHints":{"allow":["GET"]}}],"collection":[{"href":"https:\/\/roveyayinevi.com.tr\/index.php\/wp-json\/wp\/v2\/product"}],"about":[{"href":"https:\/\/roveyayinevi.com.tr\/index.php\/wp-json\/wp\/v2\/types\/product"}],"wp:attachment":[{"href":"https:\/\/roveyayinevi.com.tr\/index.php\/wp-json\/wp\/v2\/media?parent=727043"}],"wp:term":[{"taxonomy":"product_brand","embeddable":true,"href":"https:\/\/roveyayinevi.com.tr\/index.php\/wp-json\/wp\/v2\/product_brand?post=727043"},{"taxonomy":"product_cat","embeddable":true,"href":"https:\/\/roveyayinevi.com.tr\/index.php\/wp-json\/wp\/v2\/product_cat?post=727043"},{"taxonomy":"product_tag","embeddable":true,"href":"https:\/\/roveyayinevi.com.tr\/index.php\/wp-json\/wp\/v2\/product_tag?post=727043"}],"curies":[{"name":"wp","href":"https:\/\/api.w.org\/{rel}","templated":true}]}}