{"id":727042,"date":"2025-08-27T20:16:21","date_gmt":"2025-08-27T17:16:21","guid":{"rendered":"https:\/\/roveyayinevi.com.tr\/index.php\/urun\/seni-duyuyorum\/"},"modified":"2026-04-16T02:34:51","modified_gmt":"2026-04-15T23:34:51","slug":"seni-duyuyorum","status":"publish","type":"product","link":"https:\/\/roveyayinevi.com.tr\/index.php\/urun\/seni-duyuyorum\/","title":{"rendered":"Seni Duyuyorum"},"content":{"rendered":"<p>\u201cDinlenilmek ve duyulmak, insan kalbinin en b\u00fcy\u00fck arzular\u0131ndan biridir. Dinlemeyi \u00f6\u011frenenler en sevilen ve sayg\u0131 duyulanlard\u0131r. &#8220;- Richard CarlsonKim anlamak ve anla\u015f\u0131lmak istemez ki?Seni Duyuyorum, ba\u015fkalar\u0131yla konu\u015fman\u0131n kay\u0131p bir sanat h\u00e2line geldi\u011fi bir \u00e7a\u011fda, farkl\u0131l\u0131klar\u0131m\u0131z veya \u00e7at\u0131\u015fmalar\u0131m\u0131z olsa da anlaml\u0131 yollarla ileti\u015fim kurman\u0131n yollar\u0131n\u0131 bulabilece\u011fimizi hat\u0131rlat\u0131yor.Birlikte vakit ge\u00e7irmeyi \u00e7ok sevdi\u011finiz insanlar\u0131 d\u00fc\u015f\u00fcn\u00fcn. Neden onlarla birlikte olmay\u0131 seviyorsunuz? \u00c7\u00fcnk\u00fc sizi duyuyor ve anl\u0131yorlar.Seni Duyuyorum, insanlarla nas\u0131l daha etkili bir ileti\u015fim kurabilece\u011fimizi, nas\u0131l daha iyi bir \u00e7at\u0131\u015fma \u00e7\u00f6z\u00fcm\u00fc sa\u011flanaca\u011f\u0131 ve i\u00e7ine d\u00fc\u015ft\u00fc\u011f\u00fcm\u00fcz en b\u00fcy\u00fck ileti\u015fim tuzaklar\u0131 olan &#8220;do\u011frudan \u00f6\u011f\u00fct vermek, ger\u00e7ek\u00e7i olmayan teselli c\u00fcmleleri&#8221; gibi hatalara d\u00fc\u015fmeden nas\u0131l destekleyici bir ba\u011f kurulaca\u011f\u0131n\u0131 g\u00f6steriyor.Empatik olarak nas\u0131l dinlenir?Yans\u0131t\u0131c\u0131 dinleme nedir?\u0130li\u015fkilerin anahtar\u0131 olan &#8220;do\u011frulama \u00f6nc\u00fcl\u00fc&#8221; nedir?Mikro ve makro do\u011frulamaya nas\u0131l dahil olunur?&#8221;\u0130zin isteme&#8221; ilkesi nedir? Nas\u0131l uygulan\u0131r? Ve nas\u0131l geribildirim verilir?<\/p>\n","protected":false},"excerpt":{"rendered":"<p>\u201cDinlenilmek ve duyulmak, insan kalbinin en b\u00fcy\u00fck arzular\u0131ndan biridir. Dinlemeyi \u00f6\u011frenenler en sevilen ve sayg\u0131 duyulanlard\u0131r. &#8220;- Richard CarlsonKim anlamak ve anla\u015f\u0131lmak istemez ki?Seni Duyuyorum, ba\u015fkalar\u0131yla<span class=\"excerpt-hellip\"> [\u2026]<\/span><\/p>\n","protected":false},"featured_media":0,"template":"","meta":{"_monsterinsights_skip_tracking":false,"_monsterinsights_sitenote_active":false,"_monsterinsights_sitenote_note":"","_monsterinsights_sitenote_category":0},"product_brand":[],"product_cat":[12364,12376],"product_tag":[],"class_list":{"0":"post-727042","1":"product","2":"type-product","3":"status-publish","5":"product_cat-genel-konular","6":"product_cat-kisisel-gelisim","7":"pa_cilt-ciltsiz","8":"pa_tur-kitap","9":"pa_yayinevi-sola-unitas","10":"pa_yazar-michael-s-sorensen","12":"first","13":"instock","14":"sale","15":"shipping-taxable","16":"purchasable","17":"product-type-simple"},"_links":{"self":[{"href":"https:\/\/roveyayinevi.com.tr\/index.php\/wp-json\/wp\/v2\/product\/727042","targetHints":{"allow":["GET"]}}],"collection":[{"href":"https:\/\/roveyayinevi.com.tr\/index.php\/wp-json\/wp\/v2\/product"}],"about":[{"href":"https:\/\/roveyayinevi.com.tr\/index.php\/wp-json\/wp\/v2\/types\/product"}],"wp:attachment":[{"href":"https:\/\/roveyayinevi.com.tr\/index.php\/wp-json\/wp\/v2\/media?parent=727042"}],"wp:term":[{"taxonomy":"product_brand","embeddable":true,"href":"https:\/\/roveyayinevi.com.tr\/index.php\/wp-json\/wp\/v2\/product_brand?post=727042"},{"taxonomy":"product_cat","embeddable":true,"href":"https:\/\/roveyayinevi.com.tr\/index.php\/wp-json\/wp\/v2\/product_cat?post=727042"},{"taxonomy":"product_tag","embeddable":true,"href":"https:\/\/roveyayinevi.com.tr\/index.php\/wp-json\/wp\/v2\/product_tag?post=727042"}],"curies":[{"name":"wp","href":"https:\/\/api.w.org\/{rel}","templated":true}]}}