{"id":727041,"date":"2025-08-27T20:16:20","date_gmt":"2025-08-27T17:16:20","guid":{"rendered":"https:\/\/roveyayinevi.com.tr\/index.php\/urun\/gunluk-ritueller-ii\/"},"modified":"2026-04-16T02:34:51","modified_gmt":"2026-04-15T23:34:51","slug":"gunluk-ritueller-ii","status":"publish","type":"product","link":"https:\/\/roveyayinevi.com.tr\/index.php\/urun\/gunluk-ritueller-ii\/","title":{"rendered":"G\u00fcnl\u00fck Rit\u00fceller II"},"content":{"rendered":"<p>Mason Currey\u2019nin G\u00fcnl\u00fck Rit\u00fceller\u2019i d\u00fcnyan\u0131n yarat\u0131c\u0131 kad\u0131nlar\u0131yla devam ediyor! Bu kitapta George Eliot\u2019tan Zadie Smith\u2019e, Susan Sontag\u2019tan Doris Lessing\u2019e, Virginia Woolf\u2019tan Maggie Nelson\u2019a, Shirley Jackson\u2019dan Patti Smith\u2019e, Mary Shelley\u2019den Pina Bausch\u2019a ve Frida Kahlo\u2019dan Marie Curie\u2019ye farkl\u0131 alanlarda \u00fcreten, farkl\u0131 d\u00f6nemlerde ya\u015fayan, farkl\u0131 normlarla y\u00fczle\u015fen y\u00fczlerce kad\u0131n sanat\u00e7\u0131n\u0131n yaratabilmek i\u00e7in m\u00fccadele etti\u011fi g\u00fcnl\u00fck engelleri ve sar\u0131ld\u0131klar\u0131 g\u00fcnl\u00fck rit\u00fcelleriyle bamba\u015fka esin, korku ve ne\u015fe kaynaklar\u0131n\u0131 ke\u015ffedecek, \u00e7a\u011flar ge\u00e7se de de\u011fi\u015fmeyen zorunluluklara tan\u0131kl\u0131k edeceksiniz. \u201cYazmak kendini harcamak, kendinle kumar oynamakt\u0131r.\u201d Susan Sontag   \u201cDeneme yan\u0131lmayla ilerlersin ve ihtiya\u00e7 duydu\u011fun, seni besleyen \u015feyi, i\u00e7g\u00fcd\u00fcsel ritmini ve rutinini buldu\u011fun zaman da onun \u00fczerine titrersin.\u201d Doris Lessing   \u201cYa\u015fam ya\u015fam\u0131 do\u011furur, enerji enerjiyi yarat\u0131r. \u0130nsan kendini harcayarak zenginle\u015fir.\u201d Sarah Bernhardt <\/p>\n","protected":false},"excerpt":{"rendered":"<p>Mason Currey\u2019nin G\u00fcnl\u00fck Rit\u00fceller\u2019i d\u00fcnyan\u0131n yarat\u0131c\u0131 kad\u0131nlar\u0131yla devam ediyor! Bu kitapta George Eliot\u2019tan Zadie Smith\u2019e, Susan Sontag\u2019tan Doris Lessing\u2019e, Virginia Woolf\u2019tan Maggie Nelson\u2019a, Shirley Jackson\u2019dan Patti<span class=\"excerpt-hellip\"> [\u2026]<\/span><\/p>\n","protected":false},"featured_media":0,"template":"","meta":{"_monsterinsights_skip_tracking":false,"_monsterinsights_sitenote_active":false,"_monsterinsights_sitenote_note":"","_monsterinsights_sitenote_category":0},"product_brand":[],"product_cat":[14009,12291],"product_tag":[],"class_list":{"0":"post-727041","1":"product","2":"type-product","3":"status-publish","5":"product_cat-biyografi-otobiyografi-edebiyat","6":"product_cat-edebiyat","7":"pa_cilt-ciltsiz","8":"pa_tur-kitap","9":"pa_yayinevi-kolektif-kitap","10":"pa_yazar-mason-currey","12":"first","13":"instock","14":"sale","15":"shipping-taxable","16":"purchasable","17":"product-type-simple"},"_links":{"self":[{"href":"https:\/\/roveyayinevi.com.tr\/index.php\/wp-json\/wp\/v2\/product\/727041","targetHints":{"allow":["GET"]}}],"collection":[{"href":"https:\/\/roveyayinevi.com.tr\/index.php\/wp-json\/wp\/v2\/product"}],"about":[{"href":"https:\/\/roveyayinevi.com.tr\/index.php\/wp-json\/wp\/v2\/types\/product"}],"wp:attachment":[{"href":"https:\/\/roveyayinevi.com.tr\/index.php\/wp-json\/wp\/v2\/media?parent=727041"}],"wp:term":[{"taxonomy":"product_brand","embeddable":true,"href":"https:\/\/roveyayinevi.com.tr\/index.php\/wp-json\/wp\/v2\/product_brand?post=727041"},{"taxonomy":"product_cat","embeddable":true,"href":"https:\/\/roveyayinevi.com.tr\/index.php\/wp-json\/wp\/v2\/product_cat?post=727041"},{"taxonomy":"product_tag","embeddable":true,"href":"https:\/\/roveyayinevi.com.tr\/index.php\/wp-json\/wp\/v2\/product_tag?post=727041"}],"curies":[{"name":"wp","href":"https:\/\/api.w.org\/{rel}","templated":true}]}}