{"id":727037,"date":"2025-08-27T20:16:17","date_gmt":"2025-08-27T17:16:17","guid":{"rendered":"https:\/\/roveyayinevi.com.tr\/index.php\/urun\/scout-acisi\/"},"modified":"2026-04-16T02:34:51","modified_gmt":"2026-04-15T23:34:51","slug":"scout-acisi","status":"publish","type":"product","link":"https:\/\/roveyayinevi.com.tr\/index.php\/urun\/scout-acisi\/","title":{"rendered":"Scout A\u00e7\u0131s\u0131"},"content":{"rendered":"<p>\u201cSCOUTING, OYUNCU BULMAK DE\u011e\u0130L OYUNCUYU ANLAYAB\u0130LMEK VE ANLATAB\u0130LMEKT\u0130R.\u201d   Santra Dergi ve Futbol Akademi\u2019de yay\u0131mlanan futbol incelemeleri ile Lig Radyo\u2019daki yay\u0131nlar\u0131yla tan\u0131nan, daha \u00f6nce de T\u00fcrkiye futboluna bir\u00e7ok gen\u00e7 yetene\u011fi kazand\u0131ran Bursaspor\u2019un scouting departman\u0131nda g\u00f6rev alan M. Sinan Pala\u2019n\u0131n oyuncu ke\u015ffetmenin ipu\u00e7lar\u0131n\u0131 verdi\u011fi ve ma\u00e7lar\u0131 farkl\u0131 bir a\u00e7\u0131dan seyretmeye olanak tan\u0131yan ilk kitab\u0131: Scout A\u00e7\u0131s\u0131.   \u201cScouting Nedir?\u201d, \u201cNas\u0131l Scout Olurum?\u201d, \u201cScouting Kalite Kontrol Piramidi\u201d ve \u201cSahadaki G\u00f6revler\u201d ba\u015fl\u0131kl\u0131 d\u00f6rt ana b\u00f6l\u00fcmden olu\u015fan Scout A\u00e7\u0131s\u0131\u2019nda Pala, oyuncu g\u00f6zlemcili\u011finin tarihini, \u00f6nemini ve futbolun geli\u015fimine olan katk\u0131s\u0131n\u0131 \u00e7e\u015fitli futbol ekollerinden ve tak\u0131mlar\u0131ndan \u00f6rnekler vererek inceliyor. G\u00fcn\u00fcm\u00fcz futbolunda, \u00f6zellikle T\u00fcrkiye gibi gen\u00e7 oyuncu ke\u015ffetmenin ekonomik bir zorunluluk oldu\u011fu geli\u015fmekte olan \u00fclkelerde scouting gibi geni\u015f kapsaml\u0131 bir \u00e7al\u0131\u015fma alan\u0131n\u0131n tuttu\u011fu yeri ve geli\u015fimini futbol tarihinin ba\u015flad\u0131\u011f\u0131 d\u00f6nemden itibaren a\u015fama a\u015fama masaya yat\u0131r\u0131rken bu alana ilgi duyan futbolseverlere de oyuncu g\u00f6zlemlemenin, analiz etmenin ve bilgi sunumunu yapman\u0131n inceliklerini anlat\u0131yor. <\/p>\n","protected":false},"excerpt":{"rendered":"<p>\u201cSCOUTING, OYUNCU BULMAK DE\u011e\u0130L OYUNCUYU ANLAYAB\u0130LMEK VE ANLATAB\u0130LMEKT\u0130R.\u201d Santra Dergi ve Futbol Akademi\u2019de yay\u0131mlanan futbol incelemeleri ile Lig Radyo\u2019daki yay\u0131nlar\u0131yla tan\u0131nan, daha \u00f6nce de T\u00fcrkiye futboluna<span class=\"excerpt-hellip\"> [\u2026]<\/span><\/p>\n","protected":false},"featured_media":0,"template":"","meta":{"_monsterinsights_skip_tracking":false,"_monsterinsights_sitenote_active":false,"_monsterinsights_sitenote_note":"","_monsterinsights_sitenote_category":0},"product_brand":[],"product_cat":[15563,15564],"product_tag":[],"class_list":{"0":"post-727037","1":"product","2":"type-product","3":"status-publish","5":"product_cat-hobi","6":"product_cat-spor","7":"pa_cilt-ciltsiz","8":"pa_tur-kitap","9":"pa_yayinevi-ithaki-yayinlari","10":"pa_yazar-m-sinan-pala","12":"first","13":"instock","14":"sale","15":"shipping-taxable","16":"purchasable","17":"product-type-simple"},"_links":{"self":[{"href":"https:\/\/roveyayinevi.com.tr\/index.php\/wp-json\/wp\/v2\/product\/727037","targetHints":{"allow":["GET"]}}],"collection":[{"href":"https:\/\/roveyayinevi.com.tr\/index.php\/wp-json\/wp\/v2\/product"}],"about":[{"href":"https:\/\/roveyayinevi.com.tr\/index.php\/wp-json\/wp\/v2\/types\/product"}],"wp:attachment":[{"href":"https:\/\/roveyayinevi.com.tr\/index.php\/wp-json\/wp\/v2\/media?parent=727037"}],"wp:term":[{"taxonomy":"product_brand","embeddable":true,"href":"https:\/\/roveyayinevi.com.tr\/index.php\/wp-json\/wp\/v2\/product_brand?post=727037"},{"taxonomy":"product_cat","embeddable":true,"href":"https:\/\/roveyayinevi.com.tr\/index.php\/wp-json\/wp\/v2\/product_cat?post=727037"},{"taxonomy":"product_tag","embeddable":true,"href":"https:\/\/roveyayinevi.com.tr\/index.php\/wp-json\/wp\/v2\/product_tag?post=727037"}],"curies":[{"name":"wp","href":"https:\/\/api.w.org\/{rel}","templated":true}]}}