{"id":727034,"date":"2025-08-27T20:16:14","date_gmt":"2025-08-27T17:16:14","guid":{"rendered":"https:\/\/roveyayinevi.com.tr\/index.php\/urun\/sapik\/"},"modified":"2026-04-16T02:34:51","modified_gmt":"2026-04-15T23:34:51","slug":"sapik","status":"publish","type":"product","link":"https:\/\/roveyayinevi.com.tr\/index.php\/urun\/sapik\/","title":{"rendered":"Sap\u0131k"},"content":{"rendered":"<p>Filmim Sap\u0131k, tamam\u0131yla Robert Bloch\u2019un eseri sayesinde ortaya \u00e7\u0131kt\u0131.\u201d \u2013Alfred Hitchcock   \u201cRobert Bloch, Edgar Allan Poe seviyesinde bir yazar.\u201d \u2013Harlan Ellison   \u201cSap\u0131k ile Bloch gizem romanlar\u0131n\u0131 ve ilk haliyle James Cain taraf\u0131ndan ortaya \u00e7\u0131kar\u0131lan anti kahraman kavram\u0131n\u0131 yeniden \u015fekillendirdi.\u201d \u2013Stephen King   \u201cRobert Bloch, t\u00fcm zamanlar\u0131n en usta yazarlar\u0131ndan biri.\u201d \u2013Peter Straub     Robert Bloch, yirminci y\u00fczy\u0131l korku-gerilim edebiyat\u0131n\u0131n en \u00fcretken ve yenilik\u00e7i zihinlerinden; Alfred Hitchcock taraf\u0131ndan sinemaya uyarlanan ve y\u0131llard\u0131r tart\u0131\u015fma konusu olan roman\u0131 Sap\u0131k ise yazar\u0131n en ba\u015far\u0131l\u0131 ve en sansasyonel eseri. D\u00f6nemin korku salan psikozlu katili Ed Gein\u2019in ger\u00e7ek ya\u015fam\u0131ndan esinlenen Sap\u0131k en az \u00fcn\u00fc kadar sert ve sapk\u0131n bir roman.   Karanl\u0131k ve f\u0131rt\u0131nal\u0131 bir gecede yolunu kaybeden Mary Crane yol kenar\u0131nda Bates Motel tabelas\u0131n\u0131 g\u00f6rd\u00fc\u011f\u00fcnde t\u00fckenmi\u015f bir haldeydi. Motelin sahibi Norman Bates tuhaft\u0131 ama iyi biri gibi g\u00f6r\u00fcn\u00fcyordu.   Norman Bates kad\u0131n\u0131 odas\u0131ndaki delikten izliyordu. Ama anne oradayd\u0131. \u0130\u011fren\u00e7 d\u00fc\u015f\u00fcncelerinden Norman\u2019\u0131 korumak i\u00e7in gelmi\u015fti. Ve elinde bir b\u0131\u00e7ak tutuyordu\u2026   Tepenin yamac\u0131ndaki \u0131ss\u0131z Bates Motel yeni konuklar\u0131n\u0131 bekliyor. <\/p>\n","protected":false},"excerpt":{"rendered":"<p>Filmim Sap\u0131k, tamam\u0131yla Robert Bloch\u2019un eseri sayesinde ortaya \u00e7\u0131kt\u0131.\u201d \u2013Alfred Hitchcock \u201cRobert Bloch, Edgar Allan Poe seviyesinde bir yazar.\u201d \u2013Harlan Ellison \u201cSap\u0131k ile Bloch gizem romanlar\u0131n\u0131<span class=\"excerpt-hellip\"> [\u2026]<\/span><\/p>\n","protected":false},"featured_media":0,"template":"","meta":{"_monsterinsights_skip_tracking":false,"_monsterinsights_sitenote_active":false,"_monsterinsights_sitenote_note":"","_monsterinsights_sitenote_category":0},"product_brand":[],"product_cat":[12291,17033],"product_tag":[],"class_list":{"0":"post-727034","1":"product","2":"type-product","3":"status-publish","5":"product_cat-edebiyat","6":"product_cat-korku-gerilim","7":"pa_cilt-ciltsiz","8":"pa_tur-kitap","9":"pa_yayinevi-ithaki-yayinlari","10":"pa_yazar-robert-bloch","12":"first","13":"instock","14":"sale","15":"shipping-taxable","16":"purchasable","17":"product-type-simple"},"_links":{"self":[{"href":"https:\/\/roveyayinevi.com.tr\/index.php\/wp-json\/wp\/v2\/product\/727034","targetHints":{"allow":["GET"]}}],"collection":[{"href":"https:\/\/roveyayinevi.com.tr\/index.php\/wp-json\/wp\/v2\/product"}],"about":[{"href":"https:\/\/roveyayinevi.com.tr\/index.php\/wp-json\/wp\/v2\/types\/product"}],"wp:attachment":[{"href":"https:\/\/roveyayinevi.com.tr\/index.php\/wp-json\/wp\/v2\/media?parent=727034"}],"wp:term":[{"taxonomy":"product_brand","embeddable":true,"href":"https:\/\/roveyayinevi.com.tr\/index.php\/wp-json\/wp\/v2\/product_brand?post=727034"},{"taxonomy":"product_cat","embeddable":true,"href":"https:\/\/roveyayinevi.com.tr\/index.php\/wp-json\/wp\/v2\/product_cat?post=727034"},{"taxonomy":"product_tag","embeddable":true,"href":"https:\/\/roveyayinevi.com.tr\/index.php\/wp-json\/wp\/v2\/product_tag?post=727034"}],"curies":[{"name":"wp","href":"https:\/\/api.w.org\/{rel}","templated":true}]}}