{"id":727033,"date":"2025-08-27T20:16:13","date_gmt":"2025-08-27T17:16:13","guid":{"rendered":"https:\/\/roveyayinevi.com.tr\/index.php\/urun\/dune-sapkinlari\/"},"modified":"2026-04-16T02:34:51","modified_gmt":"2026-04-15T23:34:51","slug":"dune-sapkinlari","status":"publish","type":"product","link":"https:\/\/roveyayinevi.com.tr\/index.php\/urun\/dune-sapkinlari\/","title":{"rendered":"Dune Sapk\u0131nlar\u0131"},"content":{"rendered":"<p>Frank Herbert, deneylerden \u00e7ok deneysel yakla\u015f\u0131mlar\u0131n had safhaya ula\u015ft\u0131\u011f\u0131, t\u00fcr i\u00e7erisindeki \u201ciyi edebiyat iyi edebiyatt\u0131r\u201dc\u0131lar\u0131 bir araya getiren yeni dalga bilimkurgu ak\u0131m\u0131n\u0131n en \u00f6nemli temsilcilerinden. T\u00fcr\u00fcn t\u00fcm olanaklar\u0131n\u0131, suyunu \u00e7\u0131karana kadar kulland\u0131\u011f\u0131 Dune serisinin be\u015finci kitab\u0131 Dune Sapk\u0131nlar\u0131, inan\u00e7 ve inan\u00e7s\u0131zl\u0131k aras\u0131ndaki \u00e7izgiyi solukla\u015ft\u0131ran, epik serinin sonuna bir kala ta\u015flar\u0131 yerinden oynatan bir eser.   Tanr\u0131 \u0130mparator II. Leto\u2019nun \u00fc\u00e7 bin be\u015f y\u00fcz y\u0131la yak\u0131n s\u00fcren h\u00fck\u00fcmdarl\u0131\u011f\u0131n\u0131n son bulmas\u0131n\u0131n \u00fcst\u00fcnden bin be\u015f y\u00fcz y\u0131l ge\u00e7ti. Alt\u0131n Yol i\u00e7in yapt\u0131\u011f\u0131 bu fedak\u00e2rl\u0131ktan sonra insanlar II. Leto\u2019nun \u201cger\u00e7ekten de\u201d \u00f6l\u00fcp \u00f6lmedi\u011finden h\u00e2l\u00e2 emin de\u011fillerdi ve \u0130mparatorluk harap olsa da Alt\u0131n Yol\u2019u s\u0131k\u0131 s\u0131k\u0131ya takip etmeye devam edeceklerdi.   Da\u011f\u0131l\u0131\u015f sonucu milyonlarca insan par\u00e7alanan medeniyeti terk ederek uzay\u0131n bilinmeyen k\u00f6\u015felerine da\u011f\u0131lm\u0131\u015flard\u0131. Art\u0131k Rakis denen Arrakis yine \u00e7\u00f6lle\u015fmi\u015fti ve kum solucanlar\u0131 \u00f6lmekteydi. Bu s\u0131rada, Kay\u0131p Olanlar g\u00fcc\u00fc ellerine ge\u00e7irmek i\u00e7in geri d\u00f6nm\u00fc\u015ft\u00fc. Hizipler, \u0130mparatorluk\u2019tan arta kalan\u0131n kontrol\u00fcn\u00fc ele ge\u00e7irmek i\u00e7in yar\u0131\u015f\u0131rken Rakis\u2019te Sheeana ad\u0131nda bir k\u0131z t\u00fcm dikkatleri \u00fcst\u00fcne \u00e7ekmi\u015fti \u00e7\u00fcnk\u00fc son Tanr\u0131 \u0130mparator\u2019un bahsetti\u011fi kehaneti ger\u00e7ekle\u015ftirebiliyordu: Kum solucanlar\u0131n\u0131 kontrol etmek.   T\u00fcm bunlar olurken Bene Geseritler\u2019in \u00f6n\u00fcnde iki se\u00e7enek vard\u0131: Ya gizli manip\u00fclat\u00f6rler olarak, hayatta kalmaya \u00e7abalayan insanl\u0131\u011f\u0131n ayn\u0131 yolda ilerlemesini y\u00f6nlendirmeye devam edip gerilimi azaltacak ya da Alt\u0131n Yol\u2019u kabul edip insanl\u0131\u011f\u0131 yok olma tehlikesinden uzak yeni bir gelece\u011fe g\u00f6t\u00fcreceklerdi.   \u201c\u015eahane planlanm\u0131\u015f bir eserin heybetli bir par\u00e7as\u0131. Fevkalade!\u201d \u2013Los Angeles Herald Examiner<\/p>\n","protected":false},"excerpt":{"rendered":"<p>Frank Herbert, deneylerden \u00e7ok deneysel yakla\u015f\u0131mlar\u0131n had safhaya ula\u015ft\u0131\u011f\u0131, t\u00fcr i\u00e7erisindeki \u201ciyi edebiyat iyi edebiyatt\u0131r\u201dc\u0131lar\u0131 bir araya getiren yeni dalga bilimkurgu ak\u0131m\u0131n\u0131n en \u00f6nemli temsilcilerinden. T\u00fcr\u00fcn<span class=\"excerpt-hellip\"> [\u2026]<\/span><\/p>\n","protected":false},"featured_media":0,"template":"","meta":{"_monsterinsights_skip_tracking":false,"_monsterinsights_sitenote_active":false,"_monsterinsights_sitenote_note":"","_monsterinsights_sitenote_category":0},"product_brand":[],"product_cat":[12540,12291],"product_tag":[],"class_list":{"0":"post-727033","1":"product","2":"type-product","3":"status-publish","5":"product_cat-bilim-kurgu","6":"product_cat-edebiyat","7":"pa_cilt-ciltsiz","8":"pa_tur-kitap","9":"pa_yayinevi-ithaki-yayinlari","10":"pa_yazar-frank-herbert","12":"first","13":"instock","14":"sale","15":"shipping-taxable","16":"purchasable","17":"product-type-simple"},"_links":{"self":[{"href":"https:\/\/roveyayinevi.com.tr\/index.php\/wp-json\/wp\/v2\/product\/727033","targetHints":{"allow":["GET"]}}],"collection":[{"href":"https:\/\/roveyayinevi.com.tr\/index.php\/wp-json\/wp\/v2\/product"}],"about":[{"href":"https:\/\/roveyayinevi.com.tr\/index.php\/wp-json\/wp\/v2\/types\/product"}],"wp:attachment":[{"href":"https:\/\/roveyayinevi.com.tr\/index.php\/wp-json\/wp\/v2\/media?parent=727033"}],"wp:term":[{"taxonomy":"product_brand","embeddable":true,"href":"https:\/\/roveyayinevi.com.tr\/index.php\/wp-json\/wp\/v2\/product_brand?post=727033"},{"taxonomy":"product_cat","embeddable":true,"href":"https:\/\/roveyayinevi.com.tr\/index.php\/wp-json\/wp\/v2\/product_cat?post=727033"},{"taxonomy":"product_tag","embeddable":true,"href":"https:\/\/roveyayinevi.com.tr\/index.php\/wp-json\/wp\/v2\/product_tag?post=727033"}],"curies":[{"name":"wp","href":"https:\/\/api.w.org\/{rel}","templated":true}]}}