{"id":727029,"date":"2025-08-27T20:15:34","date_gmt":"2025-08-27T17:15:34","guid":{"rendered":"https:\/\/roveyayinevi.com.tr\/index.php\/urun\/bana-hazir-misin-baba\/"},"modified":"2026-04-16T02:34:51","modified_gmt":"2026-04-15T23:34:51","slug":"bana-hazir-misin-baba","status":"publish","type":"product","link":"https:\/\/roveyayinevi.com.tr\/index.php\/urun\/bana-hazir-misin-baba\/","title":{"rendered":"Bana Haz\u0131r M\u0131s\u0131n Baba?"},"content":{"rendered":"<p>Anne ile \u00e7ocuk aras\u0131ndaki biyolojik ba\u011f, simbiyotik ili\u015fki ve sosyal de\u011ferler, \u00e7o\u011funlukla baba \u00e7ocuk ili\u015fkisinin g\u00f6lgede kalmas\u0131n\u0131n sebebi olarak g\u00f6sterilir. Anne-\u00e7ocuk ili\u015fkisine y\u00fcklenen \u201ckutsall\u0131k\u201d \u00f6nemli derecede do\u011fru olsa da baban\u0131n \u201ceve ekmek getiren\u201d aile \u00fcyesinden ibaret oldu\u011funun d\u00fc\u015f\u00fcn\u00fclmesi olduk\u00e7a hatal\u0131d\u0131r. Baban\u0131n, hem kavram olarak hem de \u00fcstlendi\u011fi sorumluluklarla \u00e7ocu\u011fun ruhsal d\u00fcnyas\u0131 ve ki\u015filik geli\u015fimi \u00fczerindeki etkileri tahmin edilenin \u00e7ok \u00fczerindedir. \u00c7ocuk sahibi olmak kad\u0131n i\u00e7in oldu\u011fu kadar erkek i\u00e7in de \u00e7ok \u00f6nemli ve hayat boyu s\u00fcrecek bir ili\u015fkinin ba\u015flamas\u0131 demektir. Kad\u0131n ve erkek birlikte olmasalar dahi \u00e7ocuklar\u0131na kar\u015f\u0131 anne-baba olarak sorumluluklar\u0131 devam edecektir. Bir baba aday\u0131n\u0131n \u00f6m\u00fcr boyu s\u00fcrecek bu ba\u011fl\u0131l\u0131k i\u00e7in \u00e7ocu\u011fu ger\u00e7ekten istemesi, baba olmaya ve baba kalmaya haz\u0131r olmas\u0131 gerekir. \u00c7ocu\u011fun yeti\u015ftirilmesi, e\u011fitimi, ruh sa\u011fl\u0131\u011f\u0131 ve esenli\u011finde baba da en az anne kadar etkilidir ve e\u015fit derecede sorumludur. Baban\u0131n \u00e7ocu\u011fun geli\u015fimindeki rol\u00fcn\u00fc ve vazge\u00e7ilmezli\u011fini vurgulayan  bu kitap hem babalara hem de baba adaylar\u0131na bir ba\u015fvuru kayna\u011f\u0131. <\/p>\n","protected":false},"excerpt":{"rendered":"<p>Anne ile \u00e7ocuk aras\u0131ndaki biyolojik ba\u011f, simbiyotik ili\u015fki ve sosyal de\u011ferler, \u00e7o\u011funlukla baba \u00e7ocuk ili\u015fkisinin g\u00f6lgede kalmas\u0131n\u0131n sebebi olarak g\u00f6sterilir. Anne-\u00e7ocuk ili\u015fkisine y\u00fcklenen \u201ckutsall\u0131k\u201d \u00f6nemli derecede<span class=\"excerpt-hellip\"> [\u2026]<\/span><\/p>\n","protected":false},"featured_media":0,"template":"","meta":{"_monsterinsights_skip_tracking":false,"_monsterinsights_sitenote_active":false,"_monsterinsights_sitenote_note":"","_monsterinsights_sitenote_category":0},"product_brand":[],"product_cat":[17996,12364],"product_tag":[],"class_list":{"0":"post-727029","1":"product","2":"type-product","3":"status-publish","5":"product_cat-ebeveyn-kitaplari","6":"product_cat-genel-konular","7":"pa_cilt-ciltsiz","8":"pa_tur-kitap","9":"pa_yayinevi-remzi-kitabevi","10":"pa_yazar-sirin-seckin-gokhan-oral","12":"first","13":"instock","14":"sale","15":"shipping-taxable","16":"purchasable","17":"product-type-simple"},"_links":{"self":[{"href":"https:\/\/roveyayinevi.com.tr\/index.php\/wp-json\/wp\/v2\/product\/727029","targetHints":{"allow":["GET"]}}],"collection":[{"href":"https:\/\/roveyayinevi.com.tr\/index.php\/wp-json\/wp\/v2\/product"}],"about":[{"href":"https:\/\/roveyayinevi.com.tr\/index.php\/wp-json\/wp\/v2\/types\/product"}],"wp:attachment":[{"href":"https:\/\/roveyayinevi.com.tr\/index.php\/wp-json\/wp\/v2\/media?parent=727029"}],"wp:term":[{"taxonomy":"product_brand","embeddable":true,"href":"https:\/\/roveyayinevi.com.tr\/index.php\/wp-json\/wp\/v2\/product_brand?post=727029"},{"taxonomy":"product_cat","embeddable":true,"href":"https:\/\/roveyayinevi.com.tr\/index.php\/wp-json\/wp\/v2\/product_cat?post=727029"},{"taxonomy":"product_tag","embeddable":true,"href":"https:\/\/roveyayinevi.com.tr\/index.php\/wp-json\/wp\/v2\/product_tag?post=727029"}],"curies":[{"name":"wp","href":"https:\/\/api.w.org\/{rel}","templated":true}]}}