{"id":727028,"date":"2025-08-27T20:15:33","date_gmt":"2025-08-27T17:15:33","guid":{"rendered":"https:\/\/roveyayinevi.com.tr\/index.php\/urun\/islam-siyaset-dusuncesi\/"},"modified":"2026-04-16T02:34:51","modified_gmt":"2026-04-15T23:34:51","slug":"islam-siyaset-dusuncesi","status":"publish","type":"product","link":"https:\/\/roveyayinevi.com.tr\/index.php\/urun\/islam-siyaset-dusuncesi\/","title":{"rendered":"\u0130slam Siyaset D\u00fc\u015f\u00fcncesi"},"content":{"rendered":"<p>\u0130slam siyaset d\u00fc\u015f\u00fcncesinin ana fikrini Kur\u2019an ortaya koymu\u015f, Hz. Muhammed de uygulamalar\u0131yla hayata ge\u00e7irmi\u015ftir. Hulef\u00e2-i R\u00e2\u015fid\u00een d\u00f6neminde ayn\u0131 \u015fekilde devam eden bu sistem, Emeviler d\u00f6neminde Roma; Abbasiler d\u00f6neminde Sasani etkisiyle zenginle\u015ferek \u015fekillenmi\u015ftir. B\u00fcy\u00fck Sel\u00e7uklu d\u00f6nemi ise \u0130slam siyaset d\u00fc\u015f\u00fcncesinin yeni bir boyut kazand\u0131\u011f\u0131 d\u00f6nemdir. \u0130slam tarihinde ilk defa Arap olmayan bir hanedan, bu kadar b\u00fcy\u00fck bir g\u00fc\u00e7 ve kudrete sahip oluyordu. Bu hanedan\u0131n merkez\u00ee \u0130slam co\u011frafyas\u0131ndaki egemenlik talepleri, Abbasi hanedan\u0131 i\u00e7in \u00f6nemli bir sorun te\u015fkil edebilirdi. Bu sorunun a\u015f\u0131lmas\u0131 i\u00e7in \u0130slam tarihinde kapsaml\u0131 bir devlet teorisi geli\u015ftirme konusunda ilk te\u015febb\u00fcsler ger\u00e7ekle\u015ftirilmi\u015ftir.<\/p>\n","protected":false},"excerpt":{"rendered":"<p>\u0130slam siyaset d\u00fc\u015f\u00fcncesinin ana fikrini Kur\u2019an ortaya koymu\u015f, Hz. Muhammed de uygulamalar\u0131yla hayata ge\u00e7irmi\u015ftir. Hulef\u00e2-i R\u00e2\u015fid\u00een d\u00f6neminde ayn\u0131 \u015fekilde devam eden bu sistem, Emeviler d\u00f6neminde Roma;<span class=\"excerpt-hellip\"> [\u2026]<\/span><\/p>\n","protected":false},"featured_media":0,"template":"","meta":{"_monsterinsights_skip_tracking":false,"_monsterinsights_sitenote_active":false,"_monsterinsights_sitenote_note":"","_monsterinsights_sitenote_category":0},"product_brand":[],"product_cat":[16789,12718,12719],"product_tag":[],"class_list":{"0":"post-727028","1":"product","2":"type-product","3":"status-publish","5":"product_cat-diger-islam","6":"product_cat-din","7":"product_cat-islam","8":"pa_cilt-ciltsiz","9":"pa_tur-kitap","10":"pa_yayinevi-otto-yayinlari","11":"pa_yazar-nurullah-yazar","13":"first","14":"instock","15":"sale","16":"shipping-taxable","17":"purchasable","18":"product-type-simple"},"_links":{"self":[{"href":"https:\/\/roveyayinevi.com.tr\/index.php\/wp-json\/wp\/v2\/product\/727028","targetHints":{"allow":["GET"]}}],"collection":[{"href":"https:\/\/roveyayinevi.com.tr\/index.php\/wp-json\/wp\/v2\/product"}],"about":[{"href":"https:\/\/roveyayinevi.com.tr\/index.php\/wp-json\/wp\/v2\/types\/product"}],"wp:attachment":[{"href":"https:\/\/roveyayinevi.com.tr\/index.php\/wp-json\/wp\/v2\/media?parent=727028"}],"wp:term":[{"taxonomy":"product_brand","embeddable":true,"href":"https:\/\/roveyayinevi.com.tr\/index.php\/wp-json\/wp\/v2\/product_brand?post=727028"},{"taxonomy":"product_cat","embeddable":true,"href":"https:\/\/roveyayinevi.com.tr\/index.php\/wp-json\/wp\/v2\/product_cat?post=727028"},{"taxonomy":"product_tag","embeddable":true,"href":"https:\/\/roveyayinevi.com.tr\/index.php\/wp-json\/wp\/v2\/product_tag?post=727028"}],"curies":[{"name":"wp","href":"https:\/\/api.w.org\/{rel}","templated":true}]}}