{"id":727027,"date":"2025-08-27T20:15:33","date_gmt":"2025-08-27T17:15:33","guid":{"rendered":"https:\/\/roveyayinevi.com.tr\/index.php\/urun\/duyulmayan-anlam-cigligi\/"},"modified":"2026-04-16T02:34:51","modified_gmt":"2026-04-15T23:34:51","slug":"duyulmayan-anlam-cigligi","status":"publish","type":"product","link":"https:\/\/roveyayinevi.com.tr\/index.php\/urun\/duyulmayan-anlam-cigligi\/","title":{"rendered":"Duyulmayan Anlam \u00c7\u0131\u011fl\u0131\u011f\u0131"},"content":{"rendered":"<p>Bu kitapta, logoterapinin \u00f6nc\u00fcs\u00fc Viktor E. Frankl, kitle nevrozu boyutuna ula\u015fan varolu\u015fsal bo\u015flu\u011fun alt\u0131n\u0131 \u00e7iziyor. \u0130nsan\u0131n anlam aray\u0131\u015f\u0131; terapide bulunmas\u0131 gereken ve  terapinin amac\u0131n\u0131 olu\u015fturmas\u0131 g\u00f6z ard\u0131 edilemeyecek bir durumdur. Yazar bu g\u00f6r\u00fc\u015f\u00fcn\u00fc \u00f6rnekler vererek desteklemektedir. \u00d6rne\u011fin; Amerika\u2019da intihar giri\u015fiminde bulunmu\u015f \u00fcniversite \u00f6\u011frencileriyle yap\u0131lan ankette, kat\u0131lanlar\u0131n \u00e7o\u011fu giri\u015fim nedenlerini \u2018ya\u015fam\u0131n anlams\u0131zl\u0131\u011f\u0131na\u2019 ba\u011flamaktad\u0131rlar. \u00dcstelik sosyal a\u00e7\u0131dan aktif, aile ili\u015fkileri iyi ve akademik anlamda ba\u015far\u0131l\u0131 olmalar\u0131na ra\u011fmen.   Bu durum sadece \u00fcniversite \u00e7evresiyle s\u0131n\u0131rl\u0131 kalmamaktad\u0131r. \u0130nsan, her imk\u00e2na sahip olsa bile anlam\u0131 yakalayamad\u0131\u011f\u0131nda doyuma ula\u015famamaktad\u0131r. Frankl\u2019a g\u00f6re  her vaka i\u00e7in ge\u00e7erli olmasa da \u2018insan\u0131n anlam aray\u0131\u015f\u0131\u2019 ortaya \u00e7\u0131kt\u0131\u011f\u0131 durumda, geleneksel psikoterapi yetersizdir ve insana ya\u015fam anlam\u0131n\u0131 katmadan onu iyile\u015ftiremeyebiliriz. \u0130yi ko\u015fullara ra\u011fmen mutsuz olanlar\u0131n yan\u0131nda, kitapta yer alan mektupta oldu\u011fu gibi, t\u00fcm zorluklara ra\u011fmen mutlu olanlar da vard\u0131r. Bir h\u00fck\u00fcml\u00fc, hapishanede geli\u015febildi\u011fini ve daha mutlu oldu\u011funu vurgulamaktad\u0131r. Bir yanda ba\u015far\u0131l\u0131, sosyal, aile ili\u015fkileri iyi gen\u00e7lerin intihar\u0131 s\u00f6z konusuyken \u00f6te yanda hapishanede, \u00f6ncesinden daha mutlu bir insandan s\u00f6z etmekteyiz. Frankl\u2019\u0131n de\u011finmek istedi\u011fi durum; insana hayat\u0131 i\u00e7in anlam kazand\u0131rmad\u0131\u011f\u0131m\u0131z s\u00fcrece onun i\u00e7in yapt\u0131\u011f\u0131m\u0131z terapi eksik kalmaktad\u0131r. Her durum i\u00e7in ge\u00e7erli olmasa da ki\u015finin nevrozu ortadan kalkm\u0131\u015fsa ve \u2018bo\u015fluk\u2019 durumunu dolduramad\u0131ysa o ki\u015fiyi iyile\u015ftirmi\u015f olmuyoruz.  Yazar \u015f\u00f6yle diyor: \u201cFreud, Prenses Bonaparte&#8217;a yazd\u0131\u011f\u0131 mektubunda \u015f\u00f6yle yazm\u0131\u015f: \u2018Ki\u015fi, ya\u015fam\u0131n anlam\u0131n\u0131 veya de\u011ferini sorgulad\u0131\u011f\u0131 an, hastad\u0131r.\u2019 Oysa ben, ya\u015fam\u0131n anlam\u0131n\u0131 merak eden bir insan\u0131n, ruh hastal\u0131\u011f\u0131n\u0131 d\u0131\u015fa vurmaktan \u00e7ok, insanl\u0131\u011f\u0131n\u0131 kan\u0131tlad\u0131\u011f\u0131na inan\u0131yorum.\u201d<\/p>\n","protected":false},"excerpt":{"rendered":"<p>Bu kitapta, logoterapinin \u00f6nc\u00fcs\u00fc Viktor E. Frankl, kitle nevrozu boyutuna ula\u015fan varolu\u015fsal bo\u015flu\u011fun alt\u0131n\u0131 \u00e7iziyor. \u0130nsan\u0131n anlam aray\u0131\u015f\u0131; terapide bulunmas\u0131 gereken ve terapinin amac\u0131n\u0131 olu\u015fturmas\u0131 g\u00f6z<span class=\"excerpt-hellip\"> [\u2026]<\/span><\/p>\n","protected":false},"featured_media":0,"template":"","meta":{"_monsterinsights_skip_tracking":false,"_monsterinsights_sitenote_active":false,"_monsterinsights_sitenote_note":"","_monsterinsights_sitenote_category":0},"product_brand":[],"product_cat":[20502,12357],"product_tag":[],"class_list":{"0":"post-727027","1":"product","2":"type-product","3":"status-publish","5":"product_cat-basvuru-kitaplari-psikoloji","6":"product_cat-psikoloji","7":"pa_cilt-ciltsiz","8":"pa_tur-kitap","9":"pa_yayinevi-totem-yayinlari","10":"pa_yazar-viktor-e-frankl","12":"first","13":"instock","14":"sale","15":"shipping-taxable","16":"purchasable","17":"product-type-simple"},"_links":{"self":[{"href":"https:\/\/roveyayinevi.com.tr\/index.php\/wp-json\/wp\/v2\/product\/727027","targetHints":{"allow":["GET"]}}],"collection":[{"href":"https:\/\/roveyayinevi.com.tr\/index.php\/wp-json\/wp\/v2\/product"}],"about":[{"href":"https:\/\/roveyayinevi.com.tr\/index.php\/wp-json\/wp\/v2\/types\/product"}],"wp:attachment":[{"href":"https:\/\/roveyayinevi.com.tr\/index.php\/wp-json\/wp\/v2\/media?parent=727027"}],"wp:term":[{"taxonomy":"product_brand","embeddable":true,"href":"https:\/\/roveyayinevi.com.tr\/index.php\/wp-json\/wp\/v2\/product_brand?post=727027"},{"taxonomy":"product_cat","embeddable":true,"href":"https:\/\/roveyayinevi.com.tr\/index.php\/wp-json\/wp\/v2\/product_cat?post=727027"},{"taxonomy":"product_tag","embeddable":true,"href":"https:\/\/roveyayinevi.com.tr\/index.php\/wp-json\/wp\/v2\/product_tag?post=727027"}],"curies":[{"name":"wp","href":"https:\/\/api.w.org\/{rel}","templated":true}]}}