{"id":727026,"date":"2025-08-27T20:15:32","date_gmt":"2025-08-27T17:15:32","guid":{"rendered":"https:\/\/roveyayinevi.com.tr\/index.php\/urun\/kesi-yeri\/"},"modified":"2026-04-16T02:34:51","modified_gmt":"2026-04-15T23:34:51","slug":"kesi-yeri","status":"publish","type":"product","link":"https:\/\/roveyayinevi.com.tr\/index.php\/urun\/kesi-yeri\/","title":{"rendered":"Kesi Yeri"},"content":{"rendered":"<p>Nazl\u0131 Ak\u00e7ura ilk \u00f6yk\u00fc kitab\u0131 Kesi Yeri\u2019nde, hayata dair inanc\u0131n\u0131, sevdiklerini, mevcut d\u00fczenini, gelece\u011fini, bedenine olan h\u00fckm\u00fcn\u00fc ve ili\u015fkiler i\u00e7erisinde kendini kaybedenlerin hik\u00e2yeleriyle \u201cmerhaba\u201d diyor okuruna. T\u00fcm karakterlerini sessiz bir ortakl\u0131\u011f\u0131n sahibi k\u0131lan Ak\u00e7ura, hayallerinden, ya\u015fama sevincinden, her \u015feyin eskisi gibi olmas\u0131 dile\u011finden, hen\u00fcz ya\u015fanmam\u0131\u015f o g\u00fczel g\u00fcnlerden umudunu kesmek istemeyenlerle; k\u0131r\u0131lanlar\u0131n, vazge\u00e7meye meyledenlerin, sessiz bir isyan\u0131n payda\u015flar\u0131yla i\u00e7ten i\u00e7e yanmaya devam edenlerin hik\u00e2yelerini anlat\u0131yor bizlere.   Kesi Yeri, i\u00e7 d\u00fcnyam\u0131zda s\u0131\u011f\u0131nd\u0131\u011f\u0131m\u0131z yuvan\u0131n ve \u00e7ocuk safl\u0131\u011f\u0131m\u0131z\u0131n ald\u0131\u011f\u0131 yaralar\u0131 usulca \u00f6n\u00fcm\u00fcze sererken hislerimize dokunuyor ve dokundu\u011fu yerde h\u00fcz\u00fcnl\u00fc bir iz b\u0131rak\u0131yor. Ellerine var\u0131yorum \u00f6nce. \u00dczerlerinde geziyorum, parmaklar\u0131na dokunuyorum. Fakat\u2026 Yok. \u0130\u00e7erideyken de de\u011fi\u015fen bir \u015fey yok. Ger\u00e7ekli\u011fini giderek yitiren an\u0131lar\u0131m\u0131, bu kadar yak\u0131n\u0131nda olsam bile, bana de\u011fil, bir yabanc\u0131ya aitmi\u015f gibi hissediyorum. Annemin ellerini tan\u0131yam\u0131yorum. Sabahlar\u0131 ba\u015f\u0131m\u0131 ok\u015fayarak beni uyand\u0131ran, sa\u00e7lar\u0131m\u0131 iki yandan \u00f6zene bezene \u00f6r\u00fcp de kurdelelerle s\u00fcsleyen, \u201cAl k\u0131z\u0131m, bal k\u0131z\u0131m, i\u00e7imin ne\u015fesi, \u015fen k\u0131z\u0131m\u2026 Yaln\u0131zca k\u0131z\u0131m de\u011fil, en yak\u0131n arkada\u015f\u0131m\u2026\u201d s\u00f6zc\u00fcklerini kula\u011f\u0131ma f\u0131s\u0131ldarken, yanaklar\u0131ma kadife \u00e7i\u00e7ekleri gibi dokunan, g\u00fcl\u00fcc\u00fckler konduran eller bunlar m\u0131yd\u0131 sahiden?<\/p>\n","protected":false},"excerpt":{"rendered":"<p>Nazl\u0131 Ak\u00e7ura ilk \u00f6yk\u00fc kitab\u0131 Kesi Yeri\u2019nde, hayata dair inanc\u0131n\u0131, sevdiklerini, mevcut d\u00fczenini, gelece\u011fini, bedenine olan h\u00fckm\u00fcn\u00fc ve ili\u015fkiler i\u00e7erisinde kendini kaybedenlerin hik\u00e2yeleriyle \u201cmerhaba\u201d diyor okuruna.<span class=\"excerpt-hellip\"> [\u2026]<\/span><\/p>\n","protected":false},"featured_media":0,"template":"","meta":{"_monsterinsights_skip_tracking":false,"_monsterinsights_sitenote_active":false,"_monsterinsights_sitenote_note":"","_monsterinsights_sitenote_category":0},"product_brand":[],"product_cat":[12291,12711],"product_tag":[],"class_list":{"0":"post-727026","1":"product","2":"type-product","3":"status-publish","5":"product_cat-edebiyat","6":"product_cat-roman-oyku","7":"pa_cilt-ciltsiz","8":"pa_tur-kitap","9":"pa_yayinevi-everest-yayinlari","10":"pa_yazar-nazli-akcura","12":"first","13":"instock","14":"sale","15":"shipping-taxable","16":"purchasable","17":"product-type-simple"},"_links":{"self":[{"href":"https:\/\/roveyayinevi.com.tr\/index.php\/wp-json\/wp\/v2\/product\/727026","targetHints":{"allow":["GET"]}}],"collection":[{"href":"https:\/\/roveyayinevi.com.tr\/index.php\/wp-json\/wp\/v2\/product"}],"about":[{"href":"https:\/\/roveyayinevi.com.tr\/index.php\/wp-json\/wp\/v2\/types\/product"}],"wp:attachment":[{"href":"https:\/\/roveyayinevi.com.tr\/index.php\/wp-json\/wp\/v2\/media?parent=727026"}],"wp:term":[{"taxonomy":"product_brand","embeddable":true,"href":"https:\/\/roveyayinevi.com.tr\/index.php\/wp-json\/wp\/v2\/product_brand?post=727026"},{"taxonomy":"product_cat","embeddable":true,"href":"https:\/\/roveyayinevi.com.tr\/index.php\/wp-json\/wp\/v2\/product_cat?post=727026"},{"taxonomy":"product_tag","embeddable":true,"href":"https:\/\/roveyayinevi.com.tr\/index.php\/wp-json\/wp\/v2\/product_tag?post=727026"}],"curies":[{"name":"wp","href":"https:\/\/api.w.org\/{rel}","templated":true}]}}