{"id":727025,"date":"2025-08-27T20:15:31","date_gmt":"2025-08-27T17:15:31","guid":{"rendered":"https:\/\/roveyayinevi.com.tr\/index.php\/urun\/cetin-ceviz-ve-gozluklu-cocuk\/"},"modified":"2026-04-16T02:34:51","modified_gmt":"2026-04-15T23:34:51","slug":"cetin-ceviz-ve-gozluklu-cocuk","status":"publish","type":"product","link":"https:\/\/roveyayinevi.com.tr\/index.php\/urun\/cetin-ceviz-ve-gozluklu-cocuk\/","title":{"rendered":"\u00c7etin Ceviz ve G\u00f6zl\u00fckl\u00fc \u00c7ocuk"},"content":{"rendered":"<p>\u201cG\u00f6zl\u00fckl\u00fc \u00c7ocuk, g\u00f6z a\u00e7\u0131p kapay\u0131ncaya dek bizi gezegenin iki kutbundan birine getirdi. Etraf\u0131m\u0131z alabildi\u011fine beyazd\u0131. Kuzey Kutbu oldu\u011funu tahmin ediyordum. Her ne kadar g\u00fcne\u015f olsa da daha \u00f6nce b\u00f6yle bir so\u011fuk g\u00f6rd\u00fc\u011f\u00fcm\u00fc hat\u0131rlam\u0131yorum. B\u00fcy\u00fck bir derin dondurucunun i\u00e7indeydim sanki. Her ne kadar \u00e7evremizde bir tane bile g\u00f6rmesek de penguenler gibi birbirimize sokulup ilerliyorduk. Bir yandan da etraf\u0131m\u0131 izliyordum. Be\u015f ay \u00f6nce \u00e7\u00f6l s\u0131ca\u011f\u0131ndayd\u0131k, \u015fimdiyse d\u00fcnyan\u0131n en so\u011fuk noktalar\u0131ndan birinde. \u00dcstelik her an d\u00fcnyan\u0131n en b\u00fcy\u00fck kara etoburu kutup ay\u0131s\u0131yla burun buruna gelebilirdik.\u201d Sinan Ya\u015far\u2019\u0131n \u00c7etin Ceviz \u00fc\u00e7lemesinin bu kitab\u0131 \u00c7etin Ceviz ve G\u00f6zl\u00fckl\u00fc \u00c7ocuk \u2013 S\u0131ra D\u0131\u015f\u0131 Bir Karde\u015flik Hik\u00e2yesi\u2019nde s\u0131f\u0131rdan do\u011fan karde\u015flik ba\u011flar\u0131n\u0131, gezegenin en zorlu co\u011frafyalar\u0131ndaki inan\u0131lmaz maceralar\u0131 ve do\u011fan\u0131n bilime nas\u0131l ilham verdi\u011fini okuyacaks\u0131n\u0131z.<\/p>\n","protected":false},"excerpt":{"rendered":"<p>\u201cG\u00f6zl\u00fckl\u00fc \u00c7ocuk, g\u00f6z a\u00e7\u0131p kapay\u0131ncaya dek bizi gezegenin iki kutbundan birine getirdi. Etraf\u0131m\u0131z alabildi\u011fine beyazd\u0131. Kuzey Kutbu oldu\u011funu tahmin ediyordum. Her ne kadar g\u00fcne\u015f olsa da<span class=\"excerpt-hellip\"> [\u2026]<\/span><\/p>\n","protected":false},"featured_media":0,"template":"","meta":{"_monsterinsights_skip_tracking":false,"_monsterinsights_sitenote_active":false,"_monsterinsights_sitenote_note":"","_monsterinsights_sitenote_category":0},"product_brand":[],"product_cat":[12275,12274],"product_tag":[],"class_list":{"0":"post-727025","1":"product","2":"type-product","3":"status-publish","5":"product_cat-6-12-yas-kitaplari","6":"product_cat-cocuk-ve-genclik-kitaplari","7":"pa_cilt-ciltsiz","8":"pa_tur-kitap","9":"pa_yayinevi-fom-kitap","10":"pa_yazar-sinan-yasar","12":"first","13":"instock","14":"sale","15":"shipping-taxable","16":"purchasable","17":"product-type-simple"},"_links":{"self":[{"href":"https:\/\/roveyayinevi.com.tr\/index.php\/wp-json\/wp\/v2\/product\/727025","targetHints":{"allow":["GET"]}}],"collection":[{"href":"https:\/\/roveyayinevi.com.tr\/index.php\/wp-json\/wp\/v2\/product"}],"about":[{"href":"https:\/\/roveyayinevi.com.tr\/index.php\/wp-json\/wp\/v2\/types\/product"}],"wp:attachment":[{"href":"https:\/\/roveyayinevi.com.tr\/index.php\/wp-json\/wp\/v2\/media?parent=727025"}],"wp:term":[{"taxonomy":"product_brand","embeddable":true,"href":"https:\/\/roveyayinevi.com.tr\/index.php\/wp-json\/wp\/v2\/product_brand?post=727025"},{"taxonomy":"product_cat","embeddable":true,"href":"https:\/\/roveyayinevi.com.tr\/index.php\/wp-json\/wp\/v2\/product_cat?post=727025"},{"taxonomy":"product_tag","embeddable":true,"href":"https:\/\/roveyayinevi.com.tr\/index.php\/wp-json\/wp\/v2\/product_tag?post=727025"}],"curies":[{"name":"wp","href":"https:\/\/api.w.org\/{rel}","templated":true}]}}