{"id":727024,"date":"2025-08-27T20:15:30","date_gmt":"2025-08-27T17:15:30","guid":{"rendered":"https:\/\/roveyayinevi.com.tr\/index.php\/urun\/depresyon-sokagi\/"},"modified":"2026-04-16T02:34:51","modified_gmt":"2026-04-15T23:34:51","slug":"depresyon-sokagi","status":"publish","type":"product","link":"https:\/\/roveyayinevi.com.tr\/index.php\/urun\/depresyon-sokagi\/","title":{"rendered":"Depresyon Soka\u011f\u0131"},"content":{"rendered":"<p>\u0130yi bir \u015fey olunca, birine g\u00fcvenince, birini sevince hep kendimi olumsuzluklara haz\u0131rl\u0131yorum. Hi\u00e7bir zaman tam anlam\u0131yla mutlulu\u011fu ya\u015fayam\u0131yorum; en mutlu an\u0131mda bile i\u00e7imde hep bir paranoya. Olsun, buna da \u015f\u00fck\u00fcr, beddua etmiyorum, fakat dilerim beni b\u00f6yle \u015f\u00fcpheci bir insana d\u00f6n\u00fc\u015ft\u00fcrenler bir g\u00fcn bu hissi g\u00fcl\u00fcmserken depresyonu arka sokaklar\u0131nda tadar. <\/p>\n","protected":false},"excerpt":{"rendered":"<p>\u0130yi bir \u015fey olunca, birine g\u00fcvenince, birini sevince hep kendimi olumsuzluklara haz\u0131rl\u0131yorum. Hi\u00e7bir zaman tam anlam\u0131yla mutlulu\u011fu ya\u015fayam\u0131yorum; en mutlu an\u0131mda bile i\u00e7imde hep bir paranoya.<span class=\"excerpt-hellip\"> [\u2026]<\/span><\/p>\n","protected":false},"featured_media":0,"template":"","meta":{"_monsterinsights_skip_tracking":false,"_monsterinsights_sitenote_active":false,"_monsterinsights_sitenote_note":"","_monsterinsights_sitenote_category":0},"product_brand":[],"product_cat":[12777,12291],"product_tag":[],"class_list":{"0":"post-727024","1":"product","2":"type-product","3":"status-publish","5":"product_cat-deneme","6":"product_cat-edebiyat","7":"pa_cilt-ciltsiz","8":"pa_tur-kitap","9":"pa_yayinevi-dokuz-yayinlari","10":"pa_yazar-furkan-taha-postalli","12":"first","13":"instock","14":"sale","15":"shipping-taxable","16":"purchasable","17":"product-type-simple"},"_links":{"self":[{"href":"https:\/\/roveyayinevi.com.tr\/index.php\/wp-json\/wp\/v2\/product\/727024","targetHints":{"allow":["GET"]}}],"collection":[{"href":"https:\/\/roveyayinevi.com.tr\/index.php\/wp-json\/wp\/v2\/product"}],"about":[{"href":"https:\/\/roveyayinevi.com.tr\/index.php\/wp-json\/wp\/v2\/types\/product"}],"wp:attachment":[{"href":"https:\/\/roveyayinevi.com.tr\/index.php\/wp-json\/wp\/v2\/media?parent=727024"}],"wp:term":[{"taxonomy":"product_brand","embeddable":true,"href":"https:\/\/roveyayinevi.com.tr\/index.php\/wp-json\/wp\/v2\/product_brand?post=727024"},{"taxonomy":"product_cat","embeddable":true,"href":"https:\/\/roveyayinevi.com.tr\/index.php\/wp-json\/wp\/v2\/product_cat?post=727024"},{"taxonomy":"product_tag","embeddable":true,"href":"https:\/\/roveyayinevi.com.tr\/index.php\/wp-json\/wp\/v2\/product_tag?post=727024"}],"curies":[{"name":"wp","href":"https:\/\/api.w.org\/{rel}","templated":true}]}}