{"id":727023,"date":"2025-08-27T20:15:29","date_gmt":"2025-08-27T17:15:29","guid":{"rendered":"https:\/\/roveyayinevi.com.tr\/index.php\/urun\/incinme-incidenden\/"},"modified":"2026-04-16T02:34:51","modified_gmt":"2026-04-15T23:34:51","slug":"incinme-incidenden","status":"publish","type":"product","link":"https:\/\/roveyayinevi.com.tr\/index.php\/urun\/incinme-incidenden\/","title":{"rendered":"\u0130ncinme \u0130ncidenden"},"content":{"rendered":"<p>H\u00e2ce Muhammed Lutf\u00ee Efendi, Alvar imam\u0131 ve Alvarl\u0131 Efe olarak da tan\u0131nan, Allah ve Peygamber a\u015fk\u0131yla dolu bir m\u00fcr\u015fid, k\u00e2mil bir m\u00fc\u2019mindir. Onun \u015fiir bah\u00e7esinde vahdet sembol\u00fc servilere, kumrular\u0131n &#8220;h\u00fb, h\u00fb\u201d lar\u0131 e\u015flik etmekte; Peygamber kokulu g\u00fcllerin etraf\u0131nda b\u00fclb\u00fcller a\u015fk terenn\u00fcmleriyle perv\u00e2ne olmaktad\u0131r. Ancak, nazl\u0131 niyazlarla leb\u00e2leb bu bah\u00e7ede, incitmek ve incinmek yoktur. Zira o, \u015fiir bah\u00e7esinin giri\u015finde: &#8220;Hazer k\u0131l k\u0131rma kalbin kimsenin c\u00e2n\u0131n\u0131 incitme\u201d  derken, bah\u00e7esinin kalbinde ise:     &#8220;\u00c2\u015f\u0131k der incidenden\u0130ncinme incidenden Kem\u00e2lde noks\u00e2n imi\u015f\u0130ncinen incidenden\u201d  demektedir. Bu \u00e7al\u0131\u015fma, sizleri onun \u015fiir bah\u00e7esindeki &#8220;incitmeme ve incinmeme saray\u0131nda\u201d hassas bir gezintiye davet etmektedir.<\/p>\n","protected":false},"excerpt":{"rendered":"<p>H\u00e2ce Muhammed Lutf\u00ee Efendi, Alvar imam\u0131 ve Alvarl\u0131 Efe olarak da tan\u0131nan, Allah ve Peygamber a\u015fk\u0131yla dolu bir m\u00fcr\u015fid, k\u00e2mil bir m\u00fc\u2019mindir. Onun \u015fiir bah\u00e7esinde vahdet<span class=\"excerpt-hellip\"> [\u2026]<\/span><\/p>\n","protected":false},"featured_media":0,"template":"","meta":{"_monsterinsights_skip_tracking":false,"_monsterinsights_sitenote_active":false,"_monsterinsights_sitenote_note":"","_monsterinsights_sitenote_category":0},"product_brand":[],"product_cat":[12777,12291],"product_tag":[],"class_list":{"0":"post-727023","1":"product","2":"type-product","3":"status-publish","5":"product_cat-deneme","6":"product_cat-edebiyat","7":"pa_cilt-ciltsiz","8":"pa_tur-kitap","9":"pa_yayinevi-astana-yayinlari","10":"pa_yazar-ayse-farsakoglu-eroglu","12":"first","13":"instock","14":"sale","15":"shipping-taxable","16":"purchasable","17":"product-type-simple"},"_links":{"self":[{"href":"https:\/\/roveyayinevi.com.tr\/index.php\/wp-json\/wp\/v2\/product\/727023","targetHints":{"allow":["GET"]}}],"collection":[{"href":"https:\/\/roveyayinevi.com.tr\/index.php\/wp-json\/wp\/v2\/product"}],"about":[{"href":"https:\/\/roveyayinevi.com.tr\/index.php\/wp-json\/wp\/v2\/types\/product"}],"wp:attachment":[{"href":"https:\/\/roveyayinevi.com.tr\/index.php\/wp-json\/wp\/v2\/media?parent=727023"}],"wp:term":[{"taxonomy":"product_brand","embeddable":true,"href":"https:\/\/roveyayinevi.com.tr\/index.php\/wp-json\/wp\/v2\/product_brand?post=727023"},{"taxonomy":"product_cat","embeddable":true,"href":"https:\/\/roveyayinevi.com.tr\/index.php\/wp-json\/wp\/v2\/product_cat?post=727023"},{"taxonomy":"product_tag","embeddable":true,"href":"https:\/\/roveyayinevi.com.tr\/index.php\/wp-json\/wp\/v2\/product_tag?post=727023"}],"curies":[{"name":"wp","href":"https:\/\/api.w.org\/{rel}","templated":true}]}}