{"id":727021,"date":"2025-08-27T20:15:28","date_gmt":"2025-08-27T17:15:28","guid":{"rendered":"https:\/\/roveyayinevi.com.tr\/index.php\/urun\/pozitif-enerji-kisisel-gelisim\/"},"modified":"2026-04-16T02:34:51","modified_gmt":"2026-04-15T23:34:51","slug":"pozitif-enerji-kisisel-gelisim","status":"publish","type":"product","link":"https:\/\/roveyayinevi.com.tr\/index.php\/urun\/pozitif-enerji-kisisel-gelisim\/","title":{"rendered":"Pozitif Enerji: Ki\u015fisel Geli\u015fim"},"content":{"rendered":"<p>\u0130nsano\u011flu s\u00fcrekli de\u011fi\u015fimle kar\u015f\u0131 kar\u015f\u0131ya.Ve her g\u00fcn bir \u015feylerin de\u011fi\u015fti\u011fini g\u00f6r\u00fcyoruz.Yemek al\u0131\u015fkanl\u0131klar\u0131m\u0131z\u2026Okuma al\u0131\u015fkanl\u0131klar\u0131m\u0131z.Dostluklar\u0131m\u0131z\u2026Arkada\u015fl\u0131klar\u0131m\u0131z\u2026Her \u015fey de\u011fi\u015fiyor.Klasik olacak ama de\u011fi\u015fmeyen tek \u015fey de\u011fi\u015fimin kendisi.Bu kadar de\u011fi\u015fimin aras\u0131nda biz de de\u011fi\u015ftik.Eskiden daha uzun yazard\u0131k.\u015eimdi daha k\u0131sa yazmaya ba\u015flad\u0131k.\u00c7\u00fcnk\u00fc insanlar\u0131n zaman\u0131 azald\u0131.Zaman yetiremiyorlar okumaya.Biz de buradan yola \u00e7\u0131karak k\u0131sa k\u0131sa yazd\u0131\u011f\u0131m\u0131z yaz\u0131lar\u0131 bir araya getirip sizlerin be\u011fenisine sunmaya karar verdik.Ayr\u0131ca, yazd\u0131\u011f\u0131m\u0131z yaz\u0131lar \u2018iki devlet bir millet\u2019 oldu\u011fumuz Azerbaycan\u2019dan sevgili Prof. Dr. Minehan\u0131m Nuriyeva Tekeli hocam taraf\u0131ndan da de\u011ferlendirildi. Kendisine takdim yaz\u0131s\u0131n-dan dolay\u0131 \u015f\u00fckranlar\u0131m\u0131 sunuyorum.Keyifli okumalar.<\/p>\n","protected":false},"excerpt":{"rendered":"<p>\u0130nsano\u011flu s\u00fcrekli de\u011fi\u015fimle kar\u015f\u0131 kar\u015f\u0131ya.Ve her g\u00fcn bir \u015feylerin de\u011fi\u015fti\u011fini g\u00f6r\u00fcyoruz.Yemek al\u0131\u015fkanl\u0131klar\u0131m\u0131z\u2026Okuma al\u0131\u015fkanl\u0131klar\u0131m\u0131z.Dostluklar\u0131m\u0131z\u2026Arkada\u015fl\u0131klar\u0131m\u0131z\u2026Her \u015fey de\u011fi\u015fiyor.Klasik olacak ama de\u011fi\u015fmeyen tek \u015fey de\u011fi\u015fimin kendisi.Bu kadar de\u011fi\u015fimin aras\u0131nda biz<span class=\"excerpt-hellip\"> [\u2026]<\/span><\/p>\n","protected":false},"featured_media":0,"template":"","meta":{"_monsterinsights_skip_tracking":false,"_monsterinsights_sitenote_active":false,"_monsterinsights_sitenote_note":"","_monsterinsights_sitenote_category":0},"product_brand":[],"product_cat":[12364,12376],"product_tag":[],"class_list":{"0":"post-727021","1":"product","2":"type-product","3":"status-publish","5":"product_cat-genel-konular","6":"product_cat-kisisel-gelisim","7":"pa_cilt-ciltsiz","8":"pa_tur-kitap","9":"pa_yayinevi-omca-yayinlari","10":"pa_yazar-mehmet-harun-topay","12":"first","13":"instock","14":"sale","15":"shipping-taxable","16":"purchasable","17":"product-type-simple"},"_links":{"self":[{"href":"https:\/\/roveyayinevi.com.tr\/index.php\/wp-json\/wp\/v2\/product\/727021","targetHints":{"allow":["GET"]}}],"collection":[{"href":"https:\/\/roveyayinevi.com.tr\/index.php\/wp-json\/wp\/v2\/product"}],"about":[{"href":"https:\/\/roveyayinevi.com.tr\/index.php\/wp-json\/wp\/v2\/types\/product"}],"wp:attachment":[{"href":"https:\/\/roveyayinevi.com.tr\/index.php\/wp-json\/wp\/v2\/media?parent=727021"}],"wp:term":[{"taxonomy":"product_brand","embeddable":true,"href":"https:\/\/roveyayinevi.com.tr\/index.php\/wp-json\/wp\/v2\/product_brand?post=727021"},{"taxonomy":"product_cat","embeddable":true,"href":"https:\/\/roveyayinevi.com.tr\/index.php\/wp-json\/wp\/v2\/product_cat?post=727021"},{"taxonomy":"product_tag","embeddable":true,"href":"https:\/\/roveyayinevi.com.tr\/index.php\/wp-json\/wp\/v2\/product_tag?post=727021"}],"curies":[{"name":"wp","href":"https:\/\/api.w.org\/{rel}","templated":true}]}}