{"id":727019,"date":"2025-08-27T20:15:26","date_gmt":"2025-08-27T17:15:26","guid":{"rendered":"https:\/\/roveyayinevi.com.tr\/index.php\/urun\/yeni-medya-toplum-ve-siyasal-iletisim\/"},"modified":"2026-01-29T03:03:10","modified_gmt":"2026-01-29T00:03:10","slug":"yeni-medya-toplum-ve-siyasal-iletisim","status":"publish","type":"product","link":"https:\/\/roveyayinevi.com.tr\/index.php\/urun\/yeni-medya-toplum-ve-siyasal-iletisim\/","title":{"rendered":"Yeni Medya, Toplum ve Siyasal \u0130leti\u015fim"},"content":{"rendered":"<p>Son \u00e7eyrek y\u00fczy\u0131lda enformasyon ve ileti\u015fim teknolojilerindeki geli\u015fmeler medya ile siyasal ileti\u015fim aras\u0131ndaki ili\u015fkiyi k\u00f6kl\u00fc bir de\u011fi\u015fime u\u011fratm\u0131\u015f, siyasal ileti\u015fim alan\u0131ndaki eski paradigmalar yeni siyasal ileti\u015fim olgular\u0131n\u0131 a\u00e7\u0131klamada yetersiz kalm\u0131\u015flard\u0131r. Yeni enformasyon ve ileti\u015fim teknolojileri ya da yeni medya temelde e\u015fzamanl\u0131l\u0131k, g\u00f6r\u00fcn\u00fcrl\u00fck, h\u0131zl\u0131l\u0131k, k\u00fcresellik, g\u00f6zetlenebilirlik, sanall\u0131k, bireysellik ve etkile\u015fimlilik bi\u00e7imlerindeki art\u0131\u015f\u0131 kapsamaktad\u0131r. Asl\u0131nda siyasal ileti\u015fim alan\u0131nda ya\u015fanan de\u011fi\u015fimler, tekno-bilimsel geli\u015fmelerle birlikte toplumsal ve k\u00fclt\u00fcrel alanda ortaya \u00e7\u0131kan daha kapsay\u0131c\u0131 d\u00f6n\u00fc\u015f\u00fcm\u00fcn bir par\u00e7as\u0131d\u0131r. Bu \u00e7er\u00e7evede g\u00fcn\u00fcm\u00fczde ya\u015fanan b\u00fcy\u00fck de\u011fi\u015fimler \u00fctopik ve distopik yakla\u015f\u0131mlar\u0131 e\u015fzamanl\u0131 olarak te\u015fvik etmektedir. Bir tarafta M. Castells\u2019in isyan ve umut a\u011flar\u0131 di\u011fer tarafta M. Foucault ve D. Lyon\u2019un disiplin\/g\u00f6zetim toplumu, bir tarafta J. Habermas\u2019\u0131n ileti\u015fimsel eyleme besledi\u011fi umut ve kamusal alan kavram\u0131 di\u011fer tarafta yank\u0131 odalar\u0131 gibi uzay\u0131p giden kuramsal kar\u015f\u0131tl\u0131klar siyasal ileti\u015fim \u00e7al\u0131\u015fmalar\u0131na y\u00f6n vermektedir. Kuramsal ayr\u0131\u015fmalar\u0131n labirentlerinde kaybolmamak, siyasal ileti\u015fim alan\u0131n\u0131n hem b\u00fct\u00fcn\u00fc hem de b\u00fct\u00fcnle bile\u015fenler aras\u0131ndaki ba\u015fl\u0131ca temas hatlar\u0131 hakk\u0131nda temel bir fikir edinmeyi gerekli k\u0131l\u0131yor. Bu \u00e7al\u0131\u015fma, enformasyon ve ileti\u015fim teknolojilerinin yol a\u00e7t\u0131\u011f\u0131 toplumsal ve k\u00fclt\u00fcrel de\u011fi\u015fimlerin bir par\u00e7as\u0131 olarak medya ve siyasal ileti\u015fim aras\u0131ndaki ili\u015fkilerde ortaya \u00e7\u0131kan yeni s\u00fcre\u00e7leri ve olgular\u0131 anlamaya ve \u00e7\u00f6z\u00fcmlemeye \u00e7abalayan akademik \u00e7al\u0131\u015fmalara kuramsal bir yol haritas\u0131 sunmay\u0131 ama\u00e7lamaktad\u0131r.<\/p>\n","protected":false},"excerpt":{"rendered":"<p>Son \u00e7eyrek y\u00fczy\u0131lda enformasyon ve ileti\u015fim teknolojilerindeki geli\u015fmeler medya ile siyasal ileti\u015fim aras\u0131ndaki ili\u015fkiyi k\u00f6kl\u00fc bir de\u011fi\u015fime u\u011fratm\u0131\u015f, siyasal ileti\u015fim alan\u0131ndaki eski paradigmalar yeni siyasal ileti\u015fim<span class=\"excerpt-hellip\"> [\u2026]<\/span><\/p>\n","protected":false},"featured_media":0,"template":"","meta":{"_monsterinsights_skip_tracking":false,"_monsterinsights_sitenote_active":false,"_monsterinsights_sitenote_note":"","_monsterinsights_sitenote_category":0},"product_brand":[],"product_cat":[15983,13488],"product_tag":[],"class_list":{"0":"post-727019","1":"product","2":"type-product","3":"status-publish","5":"product_cat-iletisim-ve-medya","6":"product_cat-toplum-ve-insan","7":"pa_cilt-ciltsiz","8":"pa_tur-kitap","9":"pa_yayinevi-utopya-yayinevi","10":"pa_yazar-utopya-yayinevi-kolektif","12":"first","13":"instock","14":"sale","15":"shipping-taxable","16":"purchasable","17":"product-type-simple"},"_links":{"self":[{"href":"https:\/\/roveyayinevi.com.tr\/index.php\/wp-json\/wp\/v2\/product\/727019","targetHints":{"allow":["GET"]}}],"collection":[{"href":"https:\/\/roveyayinevi.com.tr\/index.php\/wp-json\/wp\/v2\/product"}],"about":[{"href":"https:\/\/roveyayinevi.com.tr\/index.php\/wp-json\/wp\/v2\/types\/product"}],"wp:attachment":[{"href":"https:\/\/roveyayinevi.com.tr\/index.php\/wp-json\/wp\/v2\/media?parent=727019"}],"wp:term":[{"taxonomy":"product_brand","embeddable":true,"href":"https:\/\/roveyayinevi.com.tr\/index.php\/wp-json\/wp\/v2\/product_brand?post=727019"},{"taxonomy":"product_cat","embeddable":true,"href":"https:\/\/roveyayinevi.com.tr\/index.php\/wp-json\/wp\/v2\/product_cat?post=727019"},{"taxonomy":"product_tag","embeddable":true,"href":"https:\/\/roveyayinevi.com.tr\/index.php\/wp-json\/wp\/v2\/product_tag?post=727019"}],"curies":[{"name":"wp","href":"https:\/\/api.w.org\/{rel}","templated":true}]}}