{"id":727016,"date":"2025-08-27T20:15:24","date_gmt":"2025-08-27T17:15:24","guid":{"rendered":"https:\/\/roveyayinevi.com.tr\/index.php\/urun\/pullarla-ataturk-hayati-ve-mucadelesi-1881-1938\/"},"modified":"2025-10-23T06:24:51","modified_gmt":"2025-10-23T03:24:51","slug":"pullarla-ataturk-hayati-ve-mucadelesi-1881-1938","status":"publish","type":"product","link":"https:\/\/roveyayinevi.com.tr\/index.php\/urun\/pullarla-ataturk-hayati-ve-mucadelesi-1881-1938\/","title":{"rendered":"Pullarla Atat\u00fcrk Hayat\u0131 Ve M\u00fccadelesi  (1881-1938)"},"content":{"rendered":"<p>Atat\u00fcrk\u2019\u00fcn hayat\u0131n\u0131 pullarla anlatmak Posta pullar\u0131 bug\u00fcn kimimiz i\u00e7in ge\u00e7mi\u015fte kalm\u0131\u015f silik bir an\u0131, kimimiz i\u00e7in, \u201cBir zamanlar mektup yazard\u0131k,\u201d diye biraz da h\u00fcz\u00fcnle hat\u0131rlad\u0131\u011f\u0131m\u0131z bir nostalji, kimimiz i\u00e7in de \u00e7ok de\u011ferli koleksiyon par\u00e7alar\u0131d\u0131r\u2026 Tarih\u00e7iler ve devletler i\u00e7inse pullar, k\u00fclt\u00fcrel ve toplumsal anlamlar\u0131 olan, de\u011ferli, tarih\u00ee belgelerdir.  Bu k\u00fc\u00e7\u00fck ama de\u011ferli bas\u0131l\u0131 k\u00e2\u011f\u0131tlar, sadece mektuplar\u0131 yerine ula\u015ft\u0131rmakla kalmazlar; ayn\u0131 zamanda, d\u00f6nemin siyasal, sosyal ve k\u00fclt\u00fcrel i\u015faretlerini de \u00fczerlerinde ta\u015f\u0131rlar. Bu kitap, pullar\u0131n bu \u00f6zelli\u011finden yararlanarak, Atat\u00fcrk\u2019\u00fcn hayat\u0131n\u0131 bir de pullarla anlatma \u00e7al\u0131\u015fmas\u0131d\u0131r. \u00c7al\u0131\u015fmada Osmanl\u0131 d\u00f6nemi (1863-1919), ara d\u00f6nem (1920-1922) ve Cumhuriyet d\u00f6neminde (1923- 2020) bas\u0131lan y\u00fczlerce posta pulundan yararlan\u0131ld\u0131. Ara\u015ft\u0131rmalar\u0131 ve derlemeleriyle tan\u0131d\u0131\u011f\u0131m\u0131z S\u00fcleyman Bulut\u2019un Hac\u0131 Bulut\u2019la birlikte haz\u0131rlad\u0131\u011f\u0131 Pullarla Atat\u00fcrk, hem ilgiyle okunacak hem de b\u00fcy\u00fck bir merakla, tekrar tekrar \u201cbak\u0131lacak\u201d bir kitap.<\/p>\n","protected":false},"excerpt":{"rendered":"<p>Atat\u00fcrk\u2019\u00fcn hayat\u0131n\u0131 pullarla anlatmak Posta pullar\u0131 bug\u00fcn kimimiz i\u00e7in ge\u00e7mi\u015fte kalm\u0131\u015f silik bir an\u0131, kimimiz i\u00e7in, \u201cBir zamanlar mektup yazard\u0131k,\u201d diye biraz da h\u00fcz\u00fcnle hat\u0131rlad\u0131\u011f\u0131m\u0131z bir<span class=\"excerpt-hellip\"> [\u2026]<\/span><\/p>\n","protected":false},"featured_media":0,"template":"","meta":{"_monsterinsights_skip_tracking":false,"_monsterinsights_sitenote_active":false,"_monsterinsights_sitenote_note":"","_monsterinsights_sitenote_category":0},"product_brand":[],"product_cat":[12530,12304],"product_tag":[],"class_list":{"0":"post-727016","1":"product","2":"type-product","3":"status-publish","5":"product_cat-mustafa-kemal-ataturk","6":"product_cat-tarih","7":"pa_cilt-ciltsiz","8":"pa_tur-kitap","9":"pa_yayinevi-can-yayinlari","10":"pa_yazar-suleyman-bulut-haci-bulut","12":"first","13":"instock","14":"sale","15":"shipping-taxable","16":"purchasable","17":"product-type-simple"},"_links":{"self":[{"href":"https:\/\/roveyayinevi.com.tr\/index.php\/wp-json\/wp\/v2\/product\/727016","targetHints":{"allow":["GET"]}}],"collection":[{"href":"https:\/\/roveyayinevi.com.tr\/index.php\/wp-json\/wp\/v2\/product"}],"about":[{"href":"https:\/\/roveyayinevi.com.tr\/index.php\/wp-json\/wp\/v2\/types\/product"}],"wp:attachment":[{"href":"https:\/\/roveyayinevi.com.tr\/index.php\/wp-json\/wp\/v2\/media?parent=727016"}],"wp:term":[{"taxonomy":"product_brand","embeddable":true,"href":"https:\/\/roveyayinevi.com.tr\/index.php\/wp-json\/wp\/v2\/product_brand?post=727016"},{"taxonomy":"product_cat","embeddable":true,"href":"https:\/\/roveyayinevi.com.tr\/index.php\/wp-json\/wp\/v2\/product_cat?post=727016"},{"taxonomy":"product_tag","embeddable":true,"href":"https:\/\/roveyayinevi.com.tr\/index.php\/wp-json\/wp\/v2\/product_tag?post=727016"}],"curies":[{"name":"wp","href":"https:\/\/api.w.org\/{rel}","templated":true}]}}