{"id":727015,"date":"2025-08-27T20:15:23","date_gmt":"2025-08-27T17:15:23","guid":{"rendered":"https:\/\/roveyayinevi.com.tr\/index.php\/urun\/gunebakan-is-serisi-3\/"},"modified":"2026-04-16T02:34:50","modified_gmt":"2026-04-15T23:34:50","slug":"gunebakan-is-serisi-3","status":"publish","type":"product","link":"https:\/\/roveyayinevi.com.tr\/index.php\/urun\/gunebakan-is-serisi-3\/","title":{"rendered":"G\u00fcnebakan   \u0130s Serisi 3"},"content":{"rendered":"<p>Her \u015feyin a\u00e7\u0131kl\u0131\u011fa kavu\u015fmas\u0131yla beraber \u0130s, duygusal olarak toparlanman\u0131n yolunun uzakla\u015fmaktan ge\u00e7ti\u011fini d\u00fc\u015f\u00fcn\u00fcr. Art\u0131k yeni bir \u015fehre, ci\u011ferlerini yakacak yeni bir nefese ihtiya\u00e7 duymaktad\u0131r. Fakat bilmedi\u011fi bir \u015fey vard\u0131r, nereye giderse gitsin, ge\u00e7mi\u015f ge\u00e7meyecektir ve onu bir hayalet gibi takip etmeye devam edecektir. Korhan bir g\u00f6lge gibi \u0130s\u2019i izleyip onu geri isterken, \u0130s a\u015fk ve gurur aras\u0131ndaki o \u00e7izgide arafta kalm\u0131\u015ft\u0131r. Serinin \u00fc\u00e7\u00fcnc\u00fc kitab\u0131nda \u00e7\u00f6z\u00fclen t\u00fcm d\u00fc\u011f\u00fcmler bir kez daha bir araya geliyor ve a\u015fk, yalanlar ile ger\u00e7eklerin sarma\u015f\u0131\u011f\u0131na tak\u0131l\u0131p k\u00f6rd\u00fc\u011f\u00fcm oluyor. Sustu\u011fum her kelime kur\u015fun olup zihnimden kalbime ya\u011farken aynadaki yans\u0131mama g\u00fcl\u00fcmsedim. Yalanlar\u0131 kusan bir adam\u0131n ger\u00e7ekleri saklayan k\u00fc\u00e7\u00fck k\u0131z\u0131 olarak bitirdi\u011fim bir gecenin sabah\u0131na, yine o adam\u0131n kilitli kafesinden aya\u011f\u0131na ba\u011flad\u0131\u011f\u0131 bir yalanla anahtar\u0131 bile olmadan \u00e7\u0131kan kekli\u011fi olarak uyanm\u0131\u015ft\u0131m. Onu seviyordum, onu sevdi\u011fim i\u00e7in kalbimi affedemiyordum. Devam edecektim. Yel de\u011firmenlerinin bo\u015f arazilerde d\u00f6nmeye devam etti\u011fi gibi devam edecektim; ba\u015f\u0131m d\u00f6necekti ama devam edecektim. Devam edecektim. Bir \u00e7ocu\u011fun att\u0131\u011f\u0131 ilk ad\u0131mdan sonra d\u00fc\u015f\u00fcp yine de tekrar koltu\u011fun kenarlar\u0131na tutunarak kalk\u0131p ad\u0131m atmaya devam etti\u011fi gibi devam edecektim; ayaklar\u0131m beni ta\u015f\u0131mayacak, dizlerimin \u00fczerine d\u00fc\u015fecektim ama devam edecektim. O kadar devam edecektim ki, kimse benim kadar devam edemeyecekti. <\/p>\n","protected":false},"excerpt":{"rendered":"<p>Her \u015feyin a\u00e7\u0131kl\u0131\u011fa kavu\u015fmas\u0131yla beraber \u0130s, duygusal olarak toparlanman\u0131n yolunun uzakla\u015fmaktan ge\u00e7ti\u011fini d\u00fc\u015f\u00fcn\u00fcr. Art\u0131k yeni bir \u015fehre, ci\u011ferlerini yakacak yeni bir nefese ihtiya\u00e7 duymaktad\u0131r. Fakat bilmedi\u011fi<span class=\"excerpt-hellip\"> [\u2026]<\/span><\/p>\n","protected":false},"featured_media":0,"template":"","meta":{"_monsterinsights_skip_tracking":false,"_monsterinsights_sitenote_active":false,"_monsterinsights_sitenote_note":"","_monsterinsights_sitenote_category":0},"product_brand":[],"product_cat":[12291,12711],"product_tag":[],"class_list":{"0":"post-727015","1":"product","2":"type-product","3":"status-publish","5":"product_cat-edebiyat","6":"product_cat-roman-oyku","7":"pa_cilt-ciltsiz","8":"pa_tur-kitap","9":"pa_yayinevi-dokuz-yayinlari","10":"pa_yazar-binnur-safak-nigiz","12":"first","13":"instock","14":"sale","15":"shipping-taxable","16":"purchasable","17":"product-type-simple"},"_links":{"self":[{"href":"https:\/\/roveyayinevi.com.tr\/index.php\/wp-json\/wp\/v2\/product\/727015","targetHints":{"allow":["GET"]}}],"collection":[{"href":"https:\/\/roveyayinevi.com.tr\/index.php\/wp-json\/wp\/v2\/product"}],"about":[{"href":"https:\/\/roveyayinevi.com.tr\/index.php\/wp-json\/wp\/v2\/types\/product"}],"wp:attachment":[{"href":"https:\/\/roveyayinevi.com.tr\/index.php\/wp-json\/wp\/v2\/media?parent=727015"}],"wp:term":[{"taxonomy":"product_brand","embeddable":true,"href":"https:\/\/roveyayinevi.com.tr\/index.php\/wp-json\/wp\/v2\/product_brand?post=727015"},{"taxonomy":"product_cat","embeddable":true,"href":"https:\/\/roveyayinevi.com.tr\/index.php\/wp-json\/wp\/v2\/product_cat?post=727015"},{"taxonomy":"product_tag","embeddable":true,"href":"https:\/\/roveyayinevi.com.tr\/index.php\/wp-json\/wp\/v2\/product_tag?post=727015"}],"curies":[{"name":"wp","href":"https:\/\/api.w.org\/{rel}","templated":true}]}}